{"id":1527,"date":"2023-11-19T14:41:48","date_gmt":"2023-11-19T14:41:48","guid":{"rendered":"https:\/\/lysbrohistorier.dk\/?page_id=1527"},"modified":"2023-11-20T17:15:21","modified_gmt":"2023-11-20T17:15:21","slug":"lysbro-maskinvaerksted","status":"publish","type":"page","link":"http:\/\/lysbrohistorier.dk\/index.php\/lysbro-maskinvaerksted\/","title":{"rendered":"Lysbro Maskinv\u00e6rksted"},"content":{"rendered":"\n<p>1948 flyttede Ellen og Ole Jensen fra Chr.8.vej 5 til Herningvej 60 og startede Lysbro maskinv\u00e6rksted.<\/p>\n\n\n\n<p>Ole Jensen var f\u00f8dt og opvokset i Silkeborg, efter skolen rejste han til \u00c5benr\u00e5 og kom i l\u00e6re som maskinarbejder hos sin onkel.<\/p>\n\n\n\n<p>Som udl\u00e6rt vendte han tilbage til Silkeborg og arbejdede som svend ved D.A.B. p\u00e5 torvet i Silkeborg.<\/p>\n\n\n\n<p>Lysbro Maskinv\u00e6rksted udf\u00f8rte reparationsarbejde for lokale firmaer, Drejning ,Smedning, Svejsning osv. de var s\u00e6rlig dygtige til svejsning af aluminium samt st\u00f8begods<\/p>\n\n\n\n<p>Der var egen produktion af Afstivningssprosser, til st\u00f8tte ved udgravninger i veje og kirkeg\u00e5rde.<\/p>\n\n\n\n<p>Firmaet overtog produktionen af J\u00f8nsson hammeren ( ogs\u00e5 kaldet Silkeborg hammere ) til udhamring af karosseriplade.<\/p>\n\n\n\n<p>J\u00f8nsson havde v\u00e6rksted&nbsp; Herningvej 58 ,Lysbro.<\/p>\n\n\n\n<p>Firmaet begyndte at udf\u00f8re montagearbejde for kommunale spildevandsrensningsanl\u00e6g over hele landet.<\/p>\n\n\n\n<p>Senere i samarbejde med Silkeborg Stigefabrik opbyggede de Stigevogne.<\/p>\n\n\n\n<p>Pladsen p\u00e5 Herningvej blev efterh\u00e5nden for trang og i 1970 flyttede firmaet til Lilleh\u00f8jvej 23 i Silkeborg og skiftede navn til<\/p>\n\n\n\n<p>Ole Jensens Maskinfabrik<\/p>\n\n\n\n<p>Ellen og Ole Jensen flyttede privat til&nbsp; Funder N\u00f8rhede hvor Ole kunne dyrke sin store interesse for heste, her fremstillede han flere hestevogne efter originale tegninger.<\/p>\n\n\n\n<p>2023 Bjarne Steen Jensen \/ Bent M\u00f8lgaard Jensen, de viste billeder er venligst udl\u00e5nt af Bent M\u00f8lgaard Jensen<\/p>\n\n\n\n<figure class=\"wp-block-image size-full is-resized\"><img loading=\"lazy\" decoding=\"async\" src=\"http:\/\/lysbrohistorier.dk\/wp-content\/uploads\/2023\/11\/Flf.-Vaerkstedet.jpeg\" alt=\"\" class=\"wp-image-1530\" width=\"749\" height=\"560\" srcset=\"http:\/\/lysbrohistorier.dk\/wp-content\/uploads\/2023\/11\/Flf.-Vaerkstedet.jpeg 870w, http:\/\/lysbrohistorier.dk\/wp-content\/uploads\/2023\/11\/Flf.-Vaerkstedet-300x224.jpeg 300w, http:\/\/lysbrohistorier.dk\/wp-content\/uploads\/2023\/11\/Flf.-Vaerkstedet-768x574.jpeg 768w, http:\/\/lysbrohistorier.dk\/wp-content\/uploads\/2023\/11\/Flf.-Vaerkstedet-24x18.jpeg 24w, http:\/\/lysbrohistorier.dk\/wp-content\/uploads\/2023\/11\/Flf.-Vaerkstedet-36x27.jpeg 36w, http:\/\/lysbrohistorier.dk\/wp-content\/uploads\/2023\/11\/Flf.-Vaerkstedet-48x36.jpeg 48w\" sizes=\"auto, (max-width: 749px) 100vw, 749px\" \/><figcaption class=\"wp-element-caption\">Flf. V\u00e6rkstedet<\/figcaption><\/figure>\n\n\n\n<div class=\"wp-block-columns is-layout-flex wp-container-core-columns-is-layout-28f84493 wp-block-columns-is-layout-flex\">\n<div class=\"wp-block-column is-layout-flow wp-block-column-is-layout-flow\">\n<figure class=\"wp-block-image size-full\"><img loading=\"lazy\" decoding=\"async\" width=\"1024\" height=\"545\" src=\"http:\/\/lysbrohistorier.dk\/wp-content\/uploads\/2023\/11\/Flf1948.J\u251c\u00a9nsson-Hammer.jpg\" alt=\"\" class=\"wp-image-1531\" srcset=\"http:\/\/lysbrohistorier.dk\/wp-content\/uploads\/2023\/11\/Flf1948.J\u251c\u00a9nsson-Hammer.jpg 1024w, http:\/\/lysbrohistorier.dk\/wp-content\/uploads\/2023\/11\/Flf1948.J\u251c\u00a9nsson-Hammer-300x160.jpg 300w, http:\/\/lysbrohistorier.dk\/wp-content\/uploads\/2023\/11\/Flf1948.J\u251c\u00a9nsson-Hammer-768x409.jpg 768w, http:\/\/lysbrohistorier.dk\/wp-content\/uploads\/2023\/11\/Flf1948.J\u251c\u00a9nsson-Hammer-24x13.jpg 24w, http:\/\/lysbrohistorier.dk\/wp-content\/uploads\/2023\/11\/Flf1948.J\u251c\u00a9nsson-Hammer-36x19.jpg 36w, http:\/\/lysbrohistorier.dk\/wp-content\/uploads\/2023\/11\/Flf1948.J\u251c\u00a9nsson-Hammer-48x26.jpg 48w\" sizes=\"auto, (max-width: 1024px) 100vw, 1024px\" \/><figcaption class=\"wp-element-caption\">Flf1948 NM .J\u00f8nsson-Hammer<\/figcaption><\/figure>\n<\/div>\n\n\n\n<div class=\"wp-block-column is-layout-flow wp-block-column-is-layout-flow\">\n<figure class=\"wp-block-image size-full\"><img loading=\"lazy\" decoding=\"async\" width=\"1024\" height=\"717\" src=\"http:\/\/lysbrohistorier.dk\/wp-content\/uploads\/2023\/11\/Flf1950.Stigebil.jpg\" alt=\"\" class=\"wp-image-1532\" srcset=\"http:\/\/lysbrohistorier.dk\/wp-content\/uploads\/2023\/11\/Flf1950.Stigebil.jpg 1024w, http:\/\/lysbrohistorier.dk\/wp-content\/uploads\/2023\/11\/Flf1950.Stigebil-300x210.jpg 300w, http:\/\/lysbrohistorier.dk\/wp-content\/uploads\/2023\/11\/Flf1950.Stigebil-768x538.jpg 768w, http:\/\/lysbrohistorier.dk\/wp-content\/uploads\/2023\/11\/Flf1950.Stigebil-24x17.jpg 24w, http:\/\/lysbrohistorier.dk\/wp-content\/uploads\/2023\/11\/Flf1950.Stigebil-36x25.jpg 36w, http:\/\/lysbrohistorier.dk\/wp-content\/uploads\/2023\/11\/Flf1950.Stigebil-48x34.jpg 48w\" sizes=\"auto, (max-width: 1024px) 100vw, 1024px\" \/><figcaption class=\"wp-element-caption\">Flf1950. Stigebil<\/figcaption><\/figure>\n<\/div>\n<\/div>\n\n\n\n<div class=\"wp-block-columns is-layout-flex wp-container-core-columns-is-layout-28f84493 wp-block-columns-is-layout-flex\">\n<div class=\"wp-block-column is-layout-flow wp-block-column-is-layout-flow\">\n<figure class=\"wp-block-image size-full\"><img loading=\"lazy\" decoding=\"async\" width=\"1024\" height=\"605\" src=\"http:\/\/lysbrohistorier.dk\/wp-content\/uploads\/2023\/11\/Flf1952.Rensningsanl\u251cag.jpg\" alt=\"\" class=\"wp-image-1533\" srcset=\"http:\/\/lysbrohistorier.dk\/wp-content\/uploads\/2023\/11\/Flf1952.Rensningsanl\u251cag.jpg 1024w, http:\/\/lysbrohistorier.dk\/wp-content\/uploads\/2023\/11\/Flf1952.Rensningsanl\u251cag-300x177.jpg 300w, http:\/\/lysbrohistorier.dk\/wp-content\/uploads\/2023\/11\/Flf1952.Rensningsanl\u251cag-768x454.jpg 768w, http:\/\/lysbrohistorier.dk\/wp-content\/uploads\/2023\/11\/Flf1952.Rensningsanl\u251cag-24x14.jpg 24w, http:\/\/lysbrohistorier.dk\/wp-content\/uploads\/2023\/11\/Flf1952.Rensningsanl\u251cag-36x21.jpg 36w, http:\/\/lysbrohistorier.dk\/wp-content\/uploads\/2023\/11\/Flf1952.Rensningsanl\u251cag-48x28.jpg 48w\" sizes=\"auto, (max-width: 1024px) 100vw, 1024px\" \/><figcaption class=\"wp-element-caption\">Flf1952.Rensningsanl\u00e6g<\/figcaption><\/figure>\n<\/div>\n\n\n\n<div class=\"wp-block-column is-layout-flow wp-block-column-is-layout-flow\">\n<figure class=\"wp-block-image size-full\"><img loading=\"lazy\" decoding=\"async\" width=\"1024\" height=\"722\" src=\"http:\/\/lysbrohistorier.dk\/wp-content\/uploads\/2023\/11\/Flf1956.Herningvej.60.jpg\" alt=\"\" class=\"wp-image-1534\" srcset=\"http:\/\/lysbrohistorier.dk\/wp-content\/uploads\/2023\/11\/Flf1956.Herningvej.60.jpg 1024w, http:\/\/lysbrohistorier.dk\/wp-content\/uploads\/2023\/11\/Flf1956.Herningvej.60-300x212.jpg 300w, http:\/\/lysbrohistorier.dk\/wp-content\/uploads\/2023\/11\/Flf1956.Herningvej.60-768x542.jpg 768w, http:\/\/lysbrohistorier.dk\/wp-content\/uploads\/2023\/11\/Flf1956.Herningvej.60-24x17.jpg 24w, http:\/\/lysbrohistorier.dk\/wp-content\/uploads\/2023\/11\/Flf1956.Herningvej.60-36x25.jpg 36w, http:\/\/lysbrohistorier.dk\/wp-content\/uploads\/2023\/11\/Flf1956.Herningvej.60-48x34.jpg 48w\" sizes=\"auto, (max-width: 1024px) 100vw, 1024px\" \/><figcaption class=\"wp-element-caption\">Flf1956.Herningvej.60<\/figcaption><\/figure>\n<\/div>\n<\/div>\n\n\n\n<div class=\"wp-block-columns is-layout-flex wp-container-core-columns-is-layout-28f84493 wp-block-columns-is-layout-flex\">\n<div class=\"wp-block-column is-layout-flow wp-block-column-is-layout-flow\">\n<figure class=\"wp-block-image size-full\"><img loading=\"lazy\" decoding=\"async\" width=\"800\" height=\"768\" src=\"http:\/\/lysbrohistorier.dk\/wp-content\/uploads\/2023\/11\/Flf1957.Herningvej.60.jpg\" alt=\"\" class=\"wp-image-1535\" srcset=\"http:\/\/lysbrohistorier.dk\/wp-content\/uploads\/2023\/11\/Flf1957.Herningvej.60.jpg 800w, http:\/\/lysbrohistorier.dk\/wp-content\/uploads\/2023\/11\/Flf1957.Herningvej.60-300x288.jpg 300w, http:\/\/lysbrohistorier.dk\/wp-content\/uploads\/2023\/11\/Flf1957.Herningvej.60-768x737.jpg 768w, http:\/\/lysbrohistorier.dk\/wp-content\/uploads\/2023\/11\/Flf1957.Herningvej.60-24x24.jpg 24w, http:\/\/lysbrohistorier.dk\/wp-content\/uploads\/2023\/11\/Flf1957.Herningvej.60-36x36.jpg 36w, http:\/\/lysbrohistorier.dk\/wp-content\/uploads\/2023\/11\/Flf1957.Herningvej.60-48x46.jpg 48w\" sizes=\"auto, (max-width: 800px) 100vw, 800px\" \/><figcaption class=\"wp-element-caption\">Flf1957.Herningvej.60<\/figcaption><\/figure>\n<\/div>\n\n\n\n<div class=\"wp-block-column is-layout-flow wp-block-column-is-layout-flow\">\n<figure class=\"wp-block-image size-full\"><img loading=\"lazy\" decoding=\"async\" width=\"1024\" height=\"721\" src=\"http:\/\/lysbrohistorier.dk\/wp-content\/uploads\/2023\/11\/Flf1958a.Herningvej.60.jpg\" alt=\"\" class=\"wp-image-1536\" srcset=\"http:\/\/lysbrohistorier.dk\/wp-content\/uploads\/2023\/11\/Flf1958a.Herningvej.60.jpg 1024w, http:\/\/lysbrohistorier.dk\/wp-content\/uploads\/2023\/11\/Flf1958a.Herningvej.60-300x211.jpg 300w, http:\/\/lysbrohistorier.dk\/wp-content\/uploads\/2023\/11\/Flf1958a.Herningvej.60-768x541.jpg 768w, http:\/\/lysbrohistorier.dk\/wp-content\/uploads\/2023\/11\/Flf1958a.Herningvej.60-24x17.jpg 24w, http:\/\/lysbrohistorier.dk\/wp-content\/uploads\/2023\/11\/Flf1958a.Herningvej.60-36x25.jpg 36w, http:\/\/lysbrohistorier.dk\/wp-content\/uploads\/2023\/11\/Flf1958a.Herningvej.60-48x34.jpg 48w\" sizes=\"auto, (max-width: 1024px) 100vw, 1024px\" \/><figcaption class=\"wp-element-caption\">Flf1958a.Herningvej.60, bem\u00e6rk brostensbelagt vej <\/figcaption><\/figure>\n<\/div>\n<\/div>\n\n\n\n<div class=\"wp-block-columns is-layout-flex wp-container-core-columns-is-layout-28f84493 wp-block-columns-is-layout-flex\">\n<div class=\"wp-block-column is-layout-flow wp-block-column-is-layout-flow\">\n<figure class=\"wp-block-image size-full\"><img loading=\"lazy\" decoding=\"async\" width=\"1024\" height=\"660\" src=\"http:\/\/lysbrohistorier.dk\/wp-content\/uploads\/2023\/11\/Flf1959.Herningvej.60.jpg\" alt=\"\" class=\"wp-image-1537\" srcset=\"http:\/\/lysbrohistorier.dk\/wp-content\/uploads\/2023\/11\/Flf1959.Herningvej.60.jpg 1024w, http:\/\/lysbrohistorier.dk\/wp-content\/uploads\/2023\/11\/Flf1959.Herningvej.60-300x193.jpg 300w, http:\/\/lysbrohistorier.dk\/wp-content\/uploads\/2023\/11\/Flf1959.Herningvej.60-768x495.jpg 768w, http:\/\/lysbrohistorier.dk\/wp-content\/uploads\/2023\/11\/Flf1959.Herningvej.60-24x15.jpg 24w, http:\/\/lysbrohistorier.dk\/wp-content\/uploads\/2023\/11\/Flf1959.Herningvej.60-36x23.jpg 36w, http:\/\/lysbrohistorier.dk\/wp-content\/uploads\/2023\/11\/Flf1959.Herningvej.60-48x31.jpg 48w\" sizes=\"auto, (max-width: 1024px) 100vw, 1024px\" \/><figcaption class=\"wp-element-caption\">Flf1959.Herningvej.60<\/figcaption><\/figure>\n\n\n\n<figure class=\"wp-block-image size-full\"><img loading=\"lazy\" decoding=\"async\" width=\"1024\" height=\"446\" src=\"http:\/\/lysbrohistorier.dk\/wp-content\/uploads\/2023\/11\/Flf1961.Brevpapir.jpg\" alt=\"\" class=\"wp-image-1541\" srcset=\"http:\/\/lysbrohistorier.dk\/wp-content\/uploads\/2023\/11\/Flf1961.Brevpapir.jpg 1024w, http:\/\/lysbrohistorier.dk\/wp-content\/uploads\/2023\/11\/Flf1961.Brevpapir-300x131.jpg 300w, http:\/\/lysbrohistorier.dk\/wp-content\/uploads\/2023\/11\/Flf1961.Brevpapir-768x335.jpg 768w, http:\/\/lysbrohistorier.dk\/wp-content\/uploads\/2023\/11\/Flf1961.Brevpapir-24x10.jpg 24w, http:\/\/lysbrohistorier.dk\/wp-content\/uploads\/2023\/11\/Flf1961.Brevpapir-36x16.jpg 36w, http:\/\/lysbrohistorier.dk\/wp-content\/uploads\/2023\/11\/Flf1961.Brevpapir-48x21.jpg 48w\" sizes=\"auto, (max-width: 1024px) 100vw, 1024px\" \/><figcaption class=\"wp-element-caption\">Flf1961.Brevpapir<\/figcaption><\/figure>\n<\/div>\n\n\n\n<div class=\"wp-block-column is-layout-flow wp-block-column-is-layout-flow\">\n<figure class=\"wp-block-image size-full is-resized\"><img loading=\"lazy\" decoding=\"async\" src=\"http:\/\/lysbrohistorier.dk\/wp-content\/uploads\/2023\/11\/Flf1960.Herningvej.60.jpg\" alt=\"\" class=\"wp-image-1538\" width=\"325\" height=\"325\" srcset=\"http:\/\/lysbrohistorier.dk\/wp-content\/uploads\/2023\/11\/Flf1960.Herningvej.60.jpg 767w, http:\/\/lysbrohistorier.dk\/wp-content\/uploads\/2023\/11\/Flf1960.Herningvej.60-300x300.jpg 300w, http:\/\/lysbrohistorier.dk\/wp-content\/uploads\/2023\/11\/Flf1960.Herningvej.60-150x150.jpg 150w, http:\/\/lysbrohistorier.dk\/wp-content\/uploads\/2023\/11\/Flf1960.Herningvej.60-24x24.jpg 24w, http:\/\/lysbrohistorier.dk\/wp-content\/uploads\/2023\/11\/Flf1960.Herningvej.60-36x36.jpg 36w, http:\/\/lysbrohistorier.dk\/wp-content\/uploads\/2023\/11\/Flf1960.Herningvej.60-48x48.jpg 48w\" sizes=\"auto, (max-width: 325px) 100vw, 325px\" \/><figcaption class=\"wp-element-caption\">Flf1960.Herningvej.60<\/figcaption><\/figure>\n<\/div>\n<\/div>\n\n\n\n<div class=\"wp-block-columns is-layout-flex wp-container-core-columns-is-layout-28f84493 wp-block-columns-is-layout-flex\">\n<div class=\"wp-block-column is-layout-flow wp-block-column-is-layout-flow\">\n<figure class=\"wp-block-image size-full\"><img loading=\"lazy\" decoding=\"async\" width=\"1024\" height=\"724\" src=\"http:\/\/lysbrohistorier.dk\/wp-content\/uploads\/2023\/11\/Flf1955.Herningvej.60.Stuen_.jpg\" alt=\"\" class=\"wp-image-1539\" srcset=\"http:\/\/lysbrohistorier.dk\/wp-content\/uploads\/2023\/11\/Flf1955.Herningvej.60.Stuen_.jpg 1024w, http:\/\/lysbrohistorier.dk\/wp-content\/uploads\/2023\/11\/Flf1955.Herningvej.60.Stuen_-300x212.jpg 300w, http:\/\/lysbrohistorier.dk\/wp-content\/uploads\/2023\/11\/Flf1955.Herningvej.60.Stuen_-768x543.jpg 768w, http:\/\/lysbrohistorier.dk\/wp-content\/uploads\/2023\/11\/Flf1955.Herningvej.60.Stuen_-24x17.jpg 24w, http:\/\/lysbrohistorier.dk\/wp-content\/uploads\/2023\/11\/Flf1955.Herningvej.60.Stuen_-36x25.jpg 36w, http:\/\/lysbrohistorier.dk\/wp-content\/uploads\/2023\/11\/Flf1955.Herningvej.60.Stuen_-48x34.jpg 48w\" sizes=\"auto, (max-width: 1024px) 100vw, 1024px\" \/><figcaption class=\"wp-element-caption\">Flf1955.Herningvej.60.\nStue interi\u00f8r<\/figcaption><\/figure>\n\n\n\n<figure class=\"wp-block-image size-full\"><img loading=\"lazy\" decoding=\"async\" width=\"1024\" height=\"717\" src=\"http:\/\/lysbrohistorier.dk\/wp-content\/uploads\/2023\/11\/Flf1962.Skilt_.jpg\" alt=\"\" class=\"wp-image-1542\" srcset=\"http:\/\/lysbrohistorier.dk\/wp-content\/uploads\/2023\/11\/Flf1962.Skilt_.jpg 1024w, http:\/\/lysbrohistorier.dk\/wp-content\/uploads\/2023\/11\/Flf1962.Skilt_-300x210.jpg 300w, http:\/\/lysbrohistorier.dk\/wp-content\/uploads\/2023\/11\/Flf1962.Skilt_-768x538.jpg 768w, http:\/\/lysbrohistorier.dk\/wp-content\/uploads\/2023\/11\/Flf1962.Skilt_-24x17.jpg 24w, http:\/\/lysbrohistorier.dk\/wp-content\/uploads\/2023\/11\/Flf1962.Skilt_-36x25.jpg 36w, http:\/\/lysbrohistorier.dk\/wp-content\/uploads\/2023\/11\/Flf1962.Skilt_-48x34.jpg 48w\" sizes=\"auto, (max-width: 1024px) 100vw, 1024px\" \/><\/figure>\n<\/div>\n\n\n\n<div class=\"wp-block-column is-layout-flow wp-block-column-is-layout-flow\">\n<figure class=\"wp-block-image size-full\"><img loading=\"lazy\" decoding=\"async\" width=\"536\" height=\"768\" src=\"https:\/\/lysbrohistorier.dk\/wp-content\/uploads\/2023\/11\/Flf1947.Afstivningssprosser.jpg\" alt=\"\" class=\"wp-image-1540\" srcset=\"http:\/\/lysbrohistorier.dk\/wp-content\/uploads\/2023\/11\/Flf1947.Afstivningssprosser.jpg 536w, http:\/\/lysbrohistorier.dk\/wp-content\/uploads\/2023\/11\/Flf1947.Afstivningssprosser-209x300.jpg 209w, http:\/\/lysbrohistorier.dk\/wp-content\/uploads\/2023\/11\/Flf1947.Afstivningssprosser-17x24.jpg 17w, http:\/\/lysbrohistorier.dk\/wp-content\/uploads\/2023\/11\/Flf1947.Afstivningssprosser-25x36.jpg 25w, http:\/\/lysbrohistorier.dk\/wp-content\/uploads\/2023\/11\/Flf1947.Afstivningssprosser-34x48.jpg 34w\" sizes=\"auto, (max-width: 536px) 100vw, 536px\" \/><\/figure>\n<\/div>\n<\/div>\n","protected":false},"excerpt":{"rendered":"<p>1948 flyttede Ellen og Ole Jensen fra Chr.8.vej 5 til Herningvej 60 og startede Lysbro maskinv\u00e6rksted. Ole Jensen var f\u00f8dt og opvokset i Silkeborg, efter skolen rejste han til \u00c5benr\u00e5 og kom i l\u00e6re som maskinarbejder hos sin onkel. Som udl\u00e6rt vendte han tilbage til Silkeborg og arbejdede som svend ved D.A.B. p\u00e5 torvet i [&hellip;]<\/p>\n","protected":false},"author":1,"featured_media":0,"parent":0,"menu_order":0,"comment_status":"closed","ping_status":"closed","template":"","meta":{"site-sidebar-layout":"no-sidebar","site-content-layout":"narrow-container","ast-site-content-layout":"default","site-content-style":"default","site-sidebar-style":"default","ast-global-header-display":"","ast-banner-title-visibility":"","ast-main-header-display":"","ast-hfb-above-header-display":"","ast-hfb-below-header-display":"","ast-hfb-mobile-header-display":"","site-post-title":"","ast-breadcrumbs-content":"","ast-featured-img":"","footer-sml-layout":"","ast-disable-related-posts":"","theme-transparent-header-meta":"","adv-header-id-meta":"","stick-header-meta":"","header-above-stick-meta":"","header-main-stick-meta":"","header-below-stick-meta":"","astra-migrate-meta-layouts":"default","ast-page-background-enabled":"default","ast-page-background-meta":{"desktop":{"background-color":"var(--ast-global-color-4)","background-image":"","background-repeat":"repeat","background-position":"center center","background-size":"auto","background-attachment":"scroll","background-type":"","background-media":"","overlay-type":"","overlay-color":"","overlay-opacity":"","overlay-gradient":""},"tablet":{"background-color":"","background-image":"","background-repeat":"repeat","background-position":"center center","background-size":"auto","background-attachment":"scroll","background-type":"","background-media":"","overlay-type":"","overlay-color":"","overlay-opacity":"","overlay-gradient":""},"mobile":{"background-color":"","background-image":"","background-repeat":"repeat","background-position":"center center","background-size":"auto","background-attachment":"scroll","background-type":"","background-media":"","overlay-type":"","overlay-color":"","overlay-opacity":"","overlay-gradient":""}},"ast-content-background-meta":{"desktop":{"background-color":"var(--ast-global-color-5)","background-image":"","background-repeat":"repeat","background-position":"center center","background-size":"auto","background-attachment":"scroll","background-type":"","background-media":"","overlay-type":"","overlay-color":"","overlay-opacity":"","overlay-gradient":""},"tablet":{"background-color":"var(--ast-global-color-5)","background-image":"","background-repeat":"repeat","background-position":"center center","background-size":"auto","background-attachment":"scroll","background-type":"","background-media":"","overlay-type":"","overlay-color":"","overlay-opacity":"","overlay-gradient":""},"mobile":{"background-color":"var(--ast-global-color-5)","background-image":"","background-repeat":"repeat","background-position":"center center","background-size":"auto","background-attachment":"scroll","background-type":"","background-media":"","overlay-type":"","overlay-color":"","overlay-opacity":"","overlay-gradient":""}},"footnotes":""},"class_list":["post-1527","page","type-page","status-publish","hentry"],"_links":{"self":[{"href":"http:\/\/lysbrohistorier.dk\/index.php\/wp-json\/wp\/v2\/pages\/1527","targetHints":{"allow":["GET"]}}],"collection":[{"href":"http:\/\/lysbrohistorier.dk\/index.php\/wp-json\/wp\/v2\/pages"}],"about":[{"href":"http:\/\/lysbrohistorier.dk\/index.php\/wp-json\/wp\/v2\/types\/page"}],"author":[{"embeddable":true,"href":"http:\/\/lysbrohistorier.dk\/index.php\/wp-json\/wp\/v2\/users\/1"}],"replies":[{"embeddable":true,"href":"http:\/\/lysbrohistorier.dk\/index.php\/wp-json\/wp\/v2\/comments?post=1527"}],"version-history":[{"count":3,"href":"http:\/\/lysbrohistorier.dk\/index.php\/wp-json\/wp\/v2\/pages\/1527\/revisions"}],"predecessor-version":[{"id":1547,"href":"http:\/\/lysbrohistorier.dk\/index.php\/wp-json\/wp\/v2\/pages\/1527\/revisions\/1547"}],"wp:attachment":[{"href":"http:\/\/lysbrohistorier.dk\/index.php\/wp-json\/wp\/v2\/media?parent=1527"}],"curies":[{"name":"wp","href":"https:\/\/api.w.org\/{rel}","templated":true}]}}