{"id":1783,"date":"2024-06-09T13:16:10","date_gmt":"2024-06-09T13:16:10","guid":{"rendered":"https:\/\/lysbrohistorier.dk\/?page_id=1783"},"modified":"2024-06-10T10:01:21","modified_gmt":"2024-06-10T10:01:21","slug":"beboer-paa-vestre-ringvej-18-soegaardeni-mere-end-40-aar","status":"publish","type":"page","link":"http:\/\/lysbrohistorier.dk\/index.php\/beboer-paa-vestre-ringvej-18-soegaardeni-mere-end-40-aar\/","title":{"rendered":"Beboer p\u00e5 Vestre Ringvej 18 (S\u00f8g\u00e5rden)i mere end 40 \u00e5r"},"content":{"rendered":"<p>I 1999 udgav Omr\u00e5de Vest en bog om hverdagsliv i dette \u00e5rhundrede: I denne bog fandt vi beretningen fra Ditte som boede en menneskealder p\u00e5 Vestre Ringvej Vi har scannet et par sider fra bogen, s\u00e5 du kan se, hvilke historier Edith <strong>Ditte <\/strong>Serup,&nbsp;var optaget af.&nbsp;<\/p>\n\n\n<div class=\"wp-block-columns is-layout-flex wp-container-core-columns-is-layout-28f84493 wp-block-columns-is-layout-flex\">\n<div class=\"wp-block-column is-layout-flow wp-block-column-is-layout-flow\">\n<figure class=\"wp-block-image size-large\"><img loading=\"lazy\" decoding=\"async\" width=\"1024\" height=\"657\" src=\"http:\/\/lysbrohistorier.dk\/wp-content\/uploads\/2024\/06\/Ditte.2-1-1024x657.jpg\" alt=\"\" class=\"wp-image-1785\" srcset=\"http:\/\/lysbrohistorier.dk\/wp-content\/uploads\/2024\/06\/Ditte.2-1-1024x657.jpg 1024w, http:\/\/lysbrohistorier.dk\/wp-content\/uploads\/2024\/06\/Ditte.2-1-300x192.jpg 300w, http:\/\/lysbrohistorier.dk\/wp-content\/uploads\/2024\/06\/Ditte.2-1-768x493.jpg 768w, http:\/\/lysbrohistorier.dk\/wp-content\/uploads\/2024\/06\/Ditte.2-1-1536x986.jpg 1536w, http:\/\/lysbrohistorier.dk\/wp-content\/uploads\/2024\/06\/Ditte.2-1-24x15.jpg 24w, http:\/\/lysbrohistorier.dk\/wp-content\/uploads\/2024\/06\/Ditte.2-1-36x23.jpg 36w, http:\/\/lysbrohistorier.dk\/wp-content\/uploads\/2024\/06\/Ditte.2-1-48x31.jpg 48w, http:\/\/lysbrohistorier.dk\/wp-content\/uploads\/2024\/06\/Ditte.2-1.jpg 1543w\" sizes=\"auto, (max-width: 1024px) 100vw, 1024px\" \/><figcaption class=\"wp-element-caption\">Ditte med dukker p\u00e5 Veste Ringvej 18 1999\nFoto Annelise Rahbek S\u00f8rensen<\/figcaption><\/figure>\n<\/div>\n\n\n\n<div class=\"wp-block-column is-layout-flow wp-block-column-is-layout-flow\">\n<figure class=\"wp-block-image size-large\"><img loading=\"lazy\" decoding=\"async\" width=\"1024\" height=\"581\" src=\"http:\/\/lysbrohistorier.dk\/wp-content\/uploads\/2024\/06\/Ditte.1-1-1024x581.jpg\" alt=\"\" class=\"wp-image-1786\" srcset=\"http:\/\/lysbrohistorier.dk\/wp-content\/uploads\/2024\/06\/Ditte.1-1-1024x581.jpg 1024w, http:\/\/lysbrohistorier.dk\/wp-content\/uploads\/2024\/06\/Ditte.1-1-300x170.jpg 300w, http:\/\/lysbrohistorier.dk\/wp-content\/uploads\/2024\/06\/Ditte.1-1-768x435.jpg 768w, http:\/\/lysbrohistorier.dk\/wp-content\/uploads\/2024\/06\/Ditte.1-1-1536x871.jpg 1536w, http:\/\/lysbrohistorier.dk\/wp-content\/uploads\/2024\/06\/Ditte.1-1-24x14.jpg 24w, http:\/\/lysbrohistorier.dk\/wp-content\/uploads\/2024\/06\/Ditte.1-1-36x20.jpg 36w, http:\/\/lysbrohistorier.dk\/wp-content\/uploads\/2024\/06\/Ditte.1-1-48x27.jpg 48w, http:\/\/lysbrohistorier.dk\/wp-content\/uploads\/2024\/06\/Ditte.1-1.jpg 1651w\" sizes=\"auto, (max-width: 1024px) 100vw, 1024px\" \/><figcaption class=\"wp-element-caption\">Ditte med mange af dukkerne. 1999\nFoto Annelise Rahbek S\u00f8rensen<\/figcaption><\/figure>\n<\/div>\n<\/div>\n\n\n\n<div class=\"wp-block-columns is-layout-flex wp-container-core-columns-is-layout-28f84493 wp-block-columns-is-layout-flex\">\n<div class=\"wp-block-column is-layout-flow wp-block-column-is-layout-flow\">\n<figure class=\"wp-block-image size-large\"><img loading=\"lazy\" decoding=\"async\" width=\"784\" height=\"1024\" src=\"http:\/\/lysbrohistorier.dk\/wp-content\/uploads\/2024\/05\/Ditte-side-1-784x1024.jpg\" alt=\"\" class=\"wp-image-1712\" srcset=\"http:\/\/lysbrohistorier.dk\/wp-content\/uploads\/2024\/05\/Ditte-side-1-784x1024.jpg 784w, http:\/\/lysbrohistorier.dk\/wp-content\/uploads\/2024\/05\/Ditte-side-1-230x300.jpg 230w, http:\/\/lysbrohistorier.dk\/wp-content\/uploads\/2024\/05\/Ditte-side-1-768x1003.jpg 768w, http:\/\/lysbrohistorier.dk\/wp-content\/uploads\/2024\/05\/Ditte-side-1-1176x1536.jpg 1176w, http:\/\/lysbrohistorier.dk\/wp-content\/uploads\/2024\/05\/Ditte-side-1-1568x2048.jpg 1568w, http:\/\/lysbrohistorier.dk\/wp-content\/uploads\/2024\/05\/Ditte-side-1-18x24.jpg 18w, http:\/\/lysbrohistorier.dk\/wp-content\/uploads\/2024\/05\/Ditte-side-1-28x36.jpg 28w, http:\/\/lysbrohistorier.dk\/wp-content\/uploads\/2024\/05\/Ditte-side-1-37x48.jpg 37w, http:\/\/lysbrohistorier.dk\/wp-content\/uploads\/2024\/05\/Ditte-side-1-scaled.jpg 1960w\" sizes=\"auto, (max-width: 784px) 100vw, 784px\" \/><\/figure>\n<\/div>\n\n\n\n<div class=\"wp-block-column is-layout-flow wp-block-column-is-layout-flow\">\n<figure class=\"wp-block-image size-large\"><img loading=\"lazy\" decoding=\"async\" width=\"778\" height=\"1024\" src=\"http:\/\/lysbrohistorier.dk\/wp-content\/uploads\/2024\/05\/Ditte-bog-side-2-778x1024.jpg\" alt=\"\" class=\"wp-image-1725\" srcset=\"http:\/\/lysbrohistorier.dk\/wp-content\/uploads\/2024\/05\/Ditte-bog-side-2-778x1024.jpg 778w, http:\/\/lysbrohistorier.dk\/wp-content\/uploads\/2024\/05\/Ditte-bog-side-2-228x300.jpg 228w, http:\/\/lysbrohistorier.dk\/wp-content\/uploads\/2024\/05\/Ditte-bog-side-2-768x1010.jpg 768w, http:\/\/lysbrohistorier.dk\/wp-content\/uploads\/2024\/05\/Ditte-bog-side-2-1168x1536.jpg 1168w, http:\/\/lysbrohistorier.dk\/wp-content\/uploads\/2024\/05\/Ditte-bog-side-2-1557x2048.jpg 1557w, http:\/\/lysbrohistorier.dk\/wp-content\/uploads\/2024\/05\/Ditte-bog-side-2-18x24.jpg 18w, http:\/\/lysbrohistorier.dk\/wp-content\/uploads\/2024\/05\/Ditte-bog-side-2-27x36.jpg 27w, http:\/\/lysbrohistorier.dk\/wp-content\/uploads\/2024\/05\/Ditte-bog-side-2-36x48.jpg 36w, http:\/\/lysbrohistorier.dk\/wp-content\/uploads\/2024\/05\/Ditte-bog-side-2-scaled.jpg 1946w\" sizes=\"auto, (max-width: 778px) 100vw, 778px\" \/><\/figure>\n<\/div>\n<\/div>\n\n\n\n<div class=\"wp-block-columns is-layout-flex wp-container-core-columns-is-layout-28f84493 wp-block-columns-is-layout-flex\">\n<div class=\"wp-block-column is-layout-flow wp-block-column-is-layout-flow\">\n<figure class=\"wp-block-image size-large\"><img loading=\"lazy\" decoding=\"async\" width=\"784\" height=\"1024\" src=\"http:\/\/lysbrohistorier.dk\/wp-content\/uploads\/2024\/05\/Ditte-bog-side-3-784x1024.jpg\" alt=\"\" class=\"wp-image-1726\" srcset=\"http:\/\/lysbrohistorier.dk\/wp-content\/uploads\/2024\/05\/Ditte-bog-side-3-784x1024.jpg 784w, http:\/\/lysbrohistorier.dk\/wp-content\/uploads\/2024\/05\/Ditte-bog-side-3-230x300.jpg 230w, http:\/\/lysbrohistorier.dk\/wp-content\/uploads\/2024\/05\/Ditte-bog-side-3-768x1003.jpg 768w, http:\/\/lysbrohistorier.dk\/wp-content\/uploads\/2024\/05\/Ditte-bog-side-3-1176x1536.jpg 1176w, http:\/\/lysbrohistorier.dk\/wp-content\/uploads\/2024\/05\/Ditte-bog-side-3-1568x2048.jpg 1568w, http:\/\/lysbrohistorier.dk\/wp-content\/uploads\/2024\/05\/Ditte-bog-side-3-18x24.jpg 18w, http:\/\/lysbrohistorier.dk\/wp-content\/uploads\/2024\/05\/Ditte-bog-side-3-28x36.jpg 28w, http:\/\/lysbrohistorier.dk\/wp-content\/uploads\/2024\/05\/Ditte-bog-side-3-37x48.jpg 37w, http:\/\/lysbrohistorier.dk\/wp-content\/uploads\/2024\/05\/Ditte-bog-side-3-scaled.jpg 1959w\" sizes=\"auto, (max-width: 784px) 100vw, 784px\" \/><\/figure>\n<\/div>\n\n\n\n<div class=\"wp-block-column is-layout-flow wp-block-column-is-layout-flow\">\n<figure class=\"wp-block-image size-large\"><img loading=\"lazy\" decoding=\"async\" width=\"784\" height=\"1024\" src=\"http:\/\/lysbrohistorier.dk\/wp-content\/uploads\/2024\/05\/Ditte-bog-side-4-784x1024.jpg\" alt=\"\" class=\"wp-image-1727\" srcset=\"http:\/\/lysbrohistorier.dk\/wp-content\/uploads\/2024\/05\/Ditte-bog-side-4-784x1024.jpg 784w, http:\/\/lysbrohistorier.dk\/wp-content\/uploads\/2024\/05\/Ditte-bog-side-4-230x300.jpg 230w, http:\/\/lysbrohistorier.dk\/wp-content\/uploads\/2024\/05\/Ditte-bog-side-4-768x1003.jpg 768w, http:\/\/lysbrohistorier.dk\/wp-content\/uploads\/2024\/05\/Ditte-bog-side-4-1176x1536.jpg 1176w, http:\/\/lysbrohistorier.dk\/wp-content\/uploads\/2024\/05\/Ditte-bog-side-4-1568x2048.jpg 1568w, http:\/\/lysbrohistorier.dk\/wp-content\/uploads\/2024\/05\/Ditte-bog-side-4-18x24.jpg 18w, http:\/\/lysbrohistorier.dk\/wp-content\/uploads\/2024\/05\/Ditte-bog-side-4-28x36.jpg 28w, http:\/\/lysbrohistorier.dk\/wp-content\/uploads\/2024\/05\/Ditte-bog-side-4-37x48.jpg 37w, http:\/\/lysbrohistorier.dk\/wp-content\/uploads\/2024\/05\/Ditte-bog-side-4-scaled.jpg 1959w\" sizes=\"auto, (max-width: 784px) 100vw, 784px\" \/><\/figure>\n<\/div>\n<\/div>\n\n\n<figure id=\"attachment_1790\" aria-describedby=\"caption-attachment-1790\" style=\"width: 275px\" class=\"wp-caption alignnone\"><img loading=\"lazy\" decoding=\"async\" class=\"size-full wp-image-1790\" src=\"http:\/\/lysbrohistorier.dk\/wp-content\/uploads\/2024\/06\/images-1.jpg\" alt=\"\" width=\"275\" height=\"183\" srcset=\"http:\/\/lysbrohistorier.dk\/wp-content\/uploads\/2024\/06\/images-1.jpg 275w, http:\/\/lysbrohistorier.dk\/wp-content\/uploads\/2024\/06\/images-1-24x16.jpg 24w, http:\/\/lysbrohistorier.dk\/wp-content\/uploads\/2024\/06\/images-1-36x24.jpg 36w, http:\/\/lysbrohistorier.dk\/wp-content\/uploads\/2024\/06\/images-1-48x32.jpg 48w\" sizes=\"auto, (max-width: 275px) 100vw, 275px\" \/><figcaption id=\"caption-attachment-1790\" class=\"wp-caption-text\">S\u00f8g\u00e5rden Vestre Ringvej 16-18.<br>Arbejdernes Byggeforening<\/figcaption><\/figure>","protected":false},"excerpt":{"rendered":"<p>I 1999 udgav Omr\u00e5de Vest en bog om hverdagsliv i dette \u00e5rhundrede: I denne bog fandt vi beretningen fra Ditte som boede en menneskealder p\u00e5 Vestre Ringvej Vi har scannet et par sider fra bogen, s\u00e5 du kan se, hvilke historier Edith Ditte Serup,&nbsp;var optaget af.&nbsp;<\/p>\n","protected":false},"author":1,"featured_media":0,"parent":0,"menu_order":0,"comment_status":"closed","ping_status":"closed","template":"","meta":{"site-sidebar-layout":"default","site-content-layout":"","ast-site-content-layout":"default","site-content-style":"default","site-sidebar-style":"default","ast-global-header-display":"","ast-banner-title-visibility":"","ast-main-header-display":"","ast-hfb-above-header-display":"","ast-hfb-below-header-display":"","ast-hfb-mobile-header-display":"","site-post-title":"","ast-breadcrumbs-content":"","ast-featured-img":"","footer-sml-layout":"","ast-disable-related-posts":"","theme-transparent-header-meta":"","adv-header-id-meta":"","stick-header-meta":"","header-above-stick-meta":"","header-main-stick-meta":"","header-below-stick-meta":"","astra-migrate-meta-layouts":"default","ast-page-background-enabled":"default","ast-page-background-meta":{"desktop":{"background-color":"var(--ast-global-color-4)","background-image":"","background-repeat":"repeat","background-position":"center center","background-size":"auto","background-attachment":"scroll","background-type":"","background-media":"","overlay-type":"","overlay-color":"","overlay-opacity":"","overlay-gradient":""},"tablet":{"background-color":"","background-image":"","background-repeat":"repeat","background-position":"center center","background-size":"auto","background-attachment":"scroll","background-type":"","background-media":"","overlay-type":"","overlay-color":"","overlay-opacity":"","overlay-gradient":""},"mobile":{"background-color":"","background-image":"","background-repeat":"repeat","background-position":"center center","background-size":"auto","background-attachment":"scroll","background-type":"","background-media":"","overlay-type":"","overlay-color":"","overlay-opacity":"","overlay-gradient":""}},"ast-content-background-meta":{"desktop":{"background-color":"var(--ast-global-color-5)","background-image":"","background-repeat":"repeat","background-position":"center center","background-size":"auto","background-attachment":"scroll","background-type":"","background-media":"","overlay-type":"","overlay-color":"","overlay-opacity":"","overlay-gradient":""},"tablet":{"background-color":"var(--ast-global-color-5)","background-image":"","background-repeat":"repeat","background-position":"center center","background-size":"auto","background-attachment":"scroll","background-type":"","background-media":"","overlay-type":"","overlay-color":"","overlay-opacity":"","overlay-gradient":""},"mobile":{"background-color":"var(--ast-global-color-5)","background-image":"","background-repeat":"repeat","background-position":"center center","background-size":"auto","background-attachment":"scroll","background-type":"","background-media":"","overlay-type":"","overlay-color":"","overlay-opacity":"","overlay-gradient":""}},"footnotes":""},"class_list":["post-1783","page","type-page","status-publish","hentry"],"_links":{"self":[{"href":"http:\/\/lysbrohistorier.dk\/index.php\/wp-json\/wp\/v2\/pages\/1783","targetHints":{"allow":["GET"]}}],"collection":[{"href":"http:\/\/lysbrohistorier.dk\/index.php\/wp-json\/wp\/v2\/pages"}],"about":[{"href":"http:\/\/lysbrohistorier.dk\/index.php\/wp-json\/wp\/v2\/types\/page"}],"author":[{"embeddable":true,"href":"http:\/\/lysbrohistorier.dk\/index.php\/wp-json\/wp\/v2\/users\/1"}],"replies":[{"embeddable":true,"href":"http:\/\/lysbrohistorier.dk\/index.php\/wp-json\/wp\/v2\/comments?post=1783"}],"version-history":[{"count":9,"href":"http:\/\/lysbrohistorier.dk\/index.php\/wp-json\/wp\/v2\/pages\/1783\/revisions"}],"predecessor-version":[{"id":1803,"href":"http:\/\/lysbrohistorier.dk\/index.php\/wp-json\/wp\/v2\/pages\/1783\/revisions\/1803"}],"wp:attachment":[{"href":"http:\/\/lysbrohistorier.dk\/index.php\/wp-json\/wp\/v2\/media?parent=1783"}],"curies":[{"name":"wp","href":"https:\/\/api.w.org\/{rel}","templated":true}]}}