{"id":323,"date":"2023-05-10T10:32:50","date_gmt":"2023-05-10T10:32:50","guid":{"rendered":"https:\/\/lysbrohistorier.dk\/?page_id=323"},"modified":"2026-02-18T10:52:22","modified_gmt":"2026-02-18T10:52:22","slug":"tjenestepige-hos-errboe-i-1949","status":"publish","type":"page","link":"http:\/\/lysbrohistorier.dk\/index.php\/tjenestepige-hos-errboe-i-1949\/","title":{"rendered":"Tjenestepige hos Errboe i 1949"},"content":{"rendered":"<p>Sonja P\u00f8rtner er i 1949 17 \u00e5r gammel og har v\u00e6ret et \u00e5r i huset i en slagterforretning i Fars\u00f8, men nu skal der sket noget nyt og hun s\u00e6tter en annonce i Silkeborg Avis, hun vil gerne l\u00e6re finere madlavning.\u00a0\u00a0 Hun f\u00e5r `en henvendelse.<\/p>\n<p>1 maj tager Sonja bus til Viborg, og R\u00f8dkj\u00e6rsbro og tog til Lysbro station, ansat uden forudg\u00e5ende m\u00f8de, men med en god anbefaling fra slagteren i Fars\u00f8.<\/p>\n<p>M\u00e5nedsl\u00f8nnen starter med 140,- kr. pr\/md.,\u00a0 incl. kost og logi, arbejdstid fra morgenmad\u00a0 kl. 7.00 til opvasken er afsluttet 21.00,\u00a0 Fri efter middagsmaden onsdag eftermiddag og hver anden s\u00f8ndag. (rejsen til Fars\u00f8 koster kr. 25.-)\u00a0 Ved pigev\u00e6relserne i k\u00e6lderen er der bad med varmt vand, det h\u00f8rte til sj\u00e6ldenheder dengang.<\/p>\n<p>Sonja husker tydelig den f\u00f8rste aften hos familien Agnete og Johannes Errboe, (Johs. Errboe havde hjulpet Erik Nyholm i gang med nogle \u00f8rreddamme i H\u00f8rbylunde, som supplement til kunsten), &#8211;\u00a0\u00a0 han var p\u00e5 bes\u00f8g denne aften, og dagen efter skulle han rejse til USA, og kommer hjem igen et \u00e5r senere med sin Janet, der venter tvillinger. Men det er en helt anden sp\u00e6ndende historie.<\/p>\n<p>Og s\u00e5 er der lige det at skal v\u00e6nne sig til at det er,\u00a0 De og Dem til Hr. og Fru Errboe og fr\u00f8ken P\u00f8rtner , ikke Sonja.<\/p>\n<p>Der kan v\u00e6re op til er ca. 18 personer til morgen, middagsmad, eftermiddagskaffe og aftensmad.<\/p>\n<p>Der er ogs\u00e5 ansat stuepige i huset ( Lysbrolund der er bygget i 1933)\u00a0 det er Lilly som er 16 \u00e5r, hendes opgave er reng\u00f8ring og servering og lidt hj\u00e6lp i k\u00f8kkenet.<\/p>\n<p>I sommertiden er gartner \u00d8lg\u00e5rd garant for friske gr\u00f8ntsager og b\u00e6r fra urtehaven ved siden af Kl\u00e6kkehuset, han pr\u00e6sterede en sommerdag at m\u00f8de op med 17 bakker jordb\u00e6r og ogs\u00e5 de fineste hindb\u00e6r.<\/p>\n<p>L\u00f8jtnant Henry Dahl fra nabog\u00e5rden M\u00f8llehovedg\u00e5rd kommer hverdag med 3 liter frisk m\u00e6lk, her skulle fl\u00f8den skummes til kaffen og \u00e6blekagen.<\/p>\n<p>Indimellem skulle der laves mad til g\u00e6sterne ogs\u00e5, det kunne v\u00e6re Gdr. Nislev og frue fra gl. Kj\u00e6rsg\u00e5rd, l\u00e6rer\u00a0 Emborg fra Vinthers Gymnasium eller familien Richardt fra H\u00f8rbylunde, og n\u00e5r der kom kunder fra Norge, Sverige, \u00d8strig og andre steder fra, s\u00e5 skulle gul, gr\u00f8n, eller bl\u00e5 v\u00e6relse g\u00f8res klar. Johs. Errboe havde investeret i en \u00e5ben Ford Lincoln, en stor og speciel 12 cylindret bil som \u00c5ge Lysbro have fragtet hjem fra Thy, og han gav gerne g\u00e6sterne en frisk k\u00f8retur.<\/p>\n<p>Sonja fort\u00e6ller at Johs. Errboe\u00a0 plantede mange frugttr\u00e6er og buske, podede kristtj\u00f8rn og misteltene, som i \u00f8vrigt stadig kan ses i omr\u00e5det, men i kirseb\u00e6r s\u00e6sonen havde Johs. Errboe set sig gal p\u00e5 solsorterne og skudt 17, som han gerne ville have serveret til aftensmaden, lidt en uoverskuelig opgave for en 17 \u00e5rig pige. &#8211;\u00a0 og en dag \u00f8nskede Johs. Errboe anrettet portions \u00f8rred og den skulle v\u00e6re bl\u00e5 ! (dampet i eddikke)\u00a0 &#8211;\u00a0 K\u00f8rvelsuppe med porcerede \u00e6g voldte ogs\u00e5 besv\u00e6r i begyndelsen, og det kunne give en kraftig irettes\u00e6ttelse, Agnete kunne godt v\u00e6re lidt skrap indimellem.<\/p>\n<p>&#8211;\u00a0 men der var dog ogs\u00e5 ros,\u00a0 Peter Richardt var vild med min \u00c6GGEKAGE !<\/p>\n<p>Det bem\u00e6rkes at maden blev lavet p\u00e5 et stort br\u00e6ndekomfur, fyret med t\u00f8rv fra eget v\u00e6rk i H\u00f8rbylunde, og der skulle altid st\u00e5 2 kobberkander med varmt vand p\u00e5 komfuret.<\/p>\n<p>Agnete Errboe gik nogen gange selv gennem bakkerne og skoven op til Hvinningdal, hvor slagter Rafn fra Sk\u00e6gk\u00e6r havde et lille k\u00f8dudsalg ved Rolf Kragesvej, ejede p\u00e5 det tidspunkt ogs\u00e5 N\u00f8rskovg\u00e5rd der ogs\u00e5 ligger oven for bakkerne mod Funder By.<\/p>\n<p>Det fort\u00e6lles at han under og lige efter krigen k\u00f8rte med hestetrukket udsalgsvogn ( Ford A) i og omkring Lysbro og Sk\u00e6gk\u00e6r.<\/p>\n<p>&#8211; efterf\u00f8lgende udskifter han sin gamle Ford A 1929, som Funder Karrosserifabrik havde opbygget til ham.<\/p>\n<p>Agnete Errboe stod selv for indk\u00f8b og der manglede aldrig noget.<\/p>\n<p>Johs. Errboe var mange gange oppe om natten for at sikre sig at riste og andet ikke stoppede til,\u00a0 rent kildevand var alfa og omega i \u00e6gproduktionen og \u00f8rreddammene.<\/p>\n<p>S\u00e5 Johs. Errboe var ikke s\u00e5 tidlig oppe om morgenen, og Sonja m\u00e5tte tage telefonen n\u00e5r der var besked med afsendelse af fisk fra Hirtshals og Skagen, s\u00e5 vidste fiskemester Hans Hass hvorn\u00e5r det kunne hentes p\u00e5 Silkeborg Baneg\u00e5rd, p\u00e5 dav\u00e6rende tidspunkt k\u00f8rte man ud til svoger Peter Richardt i H\u00f8rbylunde for at hakke fisken til foder.<\/p>\n<p>En maj aften g\u00e5r Sonja en tur over til den Sorte Bro ved Lys\u00e5, her m\u00f8der hun et par unge mennesker der leder efter M\u00f8ller S\u00f8rensen`s\u00a0 kat\u00a0 &#8211;\u00a0 (Lysbrohus)<\/p>\n<p>De unge mennesker er Inger og Egon Knudsen, de fort\u00e6ller at de har overtaget M\u00f8ller S\u00f8rensen`s vognmandsforretning,\u00a0\u00a0\u00a0\u00a0\u00a0\u00a0 (Egon har tidligere v\u00e6ret ansat)<\/p>\n<p>De er ogs\u00e5 ved at f\u00e6lde tr\u00e6er p\u00e5 Skovl\u00f8bervej 7, og bygger her hus i 1950.<\/p>\n<p>&#8211;\u00a0 det bliver til et mange\u00e5rigt venskab med Inger og Egon Knudsen.<\/p>\n<p>Egon Knudsen k\u00f8rer forskellige opgaver for Johs. Errboe, og en dag skal der k\u00f8res \u00f8rreder til Lemming Dambrug, Egon tilbyder at Sonja kan komme med p\u00e5 turen for at se hvilken egn hun er landet,\u00a0 &#8211;\u00a0 det var en onsdag fri eftermiddag.<\/p>\n<p>Sonja husker ogs\u00e5 at der i skr\u00e6nten nord for villaen Lysbrolund, var gravet et str\u00e5t\u00e6kt hus ind i skr\u00e6nten til opbevaring af is,\u00a0 til isning af \u00f8rred\u00e6g til eksport.<\/p>\n<p>Isen blev simpelthen savet ud i s\u00f8erne om vinteren, k\u00f8rt hjem af Egon Knudsen og tild\u00e6kket med halmm\u00e5tter.<\/p>\n<p>Sonja`s oldefar Frederik P\u00f8rtner er naver og er vandret op igennem Tyskland og kommer til Silkeborg i ca.1850\u00a0 og er teglmester p\u00e5 S\u00f8lund Teglv\u00e6rk i 1854 (rester af Teglv\u00e6rket bliver fundet under motorvejsbyggeriet i 2014)<\/p>\n<p>Drewsen har f\u00e5et 10 tyske piger hertil, som arbejder p\u00e5 Papirfabrikken og bor p\u00e5 Hovedg\u00e5rden. Frederik bliver gift med en af dem i 1857.<\/p>\n<p>Sonja m\u00f8der Peder Marinus Madsen p\u00e5 Hotel Lysbro (ejes da af Albert Hajring) her er der bal hver anden l\u00f8rdag, som er meget popul\u00e6re p\u00e5 det tidspunkt.\u00a0\u00a0\u00a0\u00a0 &#8211;\u00a0 Sonja holder sin 18 \u00e5rs f\u00f8dselsdag p\u00e5 Hotellet i 1950.<\/p>\n<p>Peder`s barndomshjem er Kj\u00e6rsh\u00f8jvej 7 og p\u00e5 nr. 8 og 10 har vognmand Aksel Leth\u00a0 fabrikation af fiskekasser og br\u00e6ndehandel, Peder har sin gang her, og der leveres fiskekasser til Hvidesande og Errboe.<\/p>\n<p>Peder har l\u00e6rt at k\u00f8re lastbil ved \u00c5ge Lysbro, men er ansat ved Lautrop p\u00e5 Lysbro Teglv\u00e6rk hvor han k\u00f8rer mur og tagsten ud til byggepladserne.<\/p>\n<p>Under reparation af den 30 meter h\u00f8je skorsten var Peder oppe og tage billeder ud over Teglv\u00e6rket og Lysbro.<\/p>\n<p><img loading=\"lazy\" decoding=\"async\" class=\"alignnone size-full wp-image-490\" src=\"http:\/\/lysbrohistorier.dk\/wp-content\/uploads\/2023\/06\/Flf2080.Skorsten.Lysbro_Teglvaerk.1.jpg\" alt=\"\" width=\"824\" height=\"768\" srcset=\"http:\/\/lysbrohistorier.dk\/wp-content\/uploads\/2023\/06\/Flf2080.Skorsten.Lysbro_Teglvaerk.1.jpg 824w, http:\/\/lysbrohistorier.dk\/wp-content\/uploads\/2023\/06\/Flf2080.Skorsten.Lysbro_Teglvaerk.1-300x280.jpg 300w, http:\/\/lysbrohistorier.dk\/wp-content\/uploads\/2023\/06\/Flf2080.Skorsten.Lysbro_Teglvaerk.1-768x716.jpg 768w\" sizes=\"auto, (max-width: 824px) 100vw, 824px\" \/><\/p>\n<p><img loading=\"lazy\" decoding=\"async\" class=\"alignnone size-full wp-image-488\" src=\"http:\/\/lysbrohistorier.dk\/wp-content\/uploads\/2023\/06\/Flf2097.Lysbro_Teglvaerk.Lerbanen.jpg\" alt=\"\" width=\"1024\" height=\"615\" srcset=\"http:\/\/lysbrohistorier.dk\/wp-content\/uploads\/2023\/06\/Flf2097.Lysbro_Teglvaerk.Lerbanen.jpg 1024w, http:\/\/lysbrohistorier.dk\/wp-content\/uploads\/2023\/06\/Flf2097.Lysbro_Teglvaerk.Lerbanen-300x180.jpg 300w, http:\/\/lysbrohistorier.dk\/wp-content\/uploads\/2023\/06\/Flf2097.Lysbro_Teglvaerk.Lerbanen-768x461.jpg 768w\" sizes=\"auto, (max-width: 1024px) 100vw, 1024px\" \/><\/p>\n<p>Sporet g\u00e5r over M\u00f8lleb\u00e6kken til lergraven p\u00e5 Valhallavej<\/p>\n<p>Sonja og Peder bliver gift i 1953 og bor f\u00f8rst p\u00e5 Gr\u00f8nnegade, Nylandsvej, bygger hus p\u00e5 Kejlstrupvej 64 som fritidsbyggeri, men da Lupinvej bliver opf\u00f8rt foretr\u00e6kker de at flytte p\u00e5 landet.<\/p>\n<p>Det bliver Nyl\u00f8kkevej 10 ved H\u00e5rup, i \u00f8vrigt Egon Knudsens barndomshjem.<\/p>\n<p>Det bliver base for den anl\u00e6gsgartner virksomhed som nu er deres levevej,\u00a0 &#8211;\u00a0 d.v.s. opgaverne er mangeartede s\u00e5 som ombygning af\u00a0 portaler i kampesten i Vrads for arkitekt Koppel. Tekstilfabrikant Knud Balle ligeledes i Vrads og \u00f8rel\u00e6ge Mogensen `Poppelhuset` p\u00e5 Dannevirkevej er ogs\u00e5 p\u00e5 kundelisten for Sonja og Peder`kreative evner.<\/p>\n<p>Ogs\u00e5 gulvbel\u00e6gning i det nye Kvickly i Silkeborg 1974. &#8211;\u00a0 (gulvl\u00e6ggerkursus i Holland)<\/p>\n<p>Peder Madsen er meget optaget af J.A.K. tanken ligesom Jens Kingo Carlsen, og er med p\u00e5 rejsen da J.A.K. filialen bygges p\u00e5 Torvet 9 i Silkeborg, det var meget frivilligt arbejde, Sonja havde bl. a. til opgave at montere fodlister i huset, og fik titel af\u00a0\u00a0 `fodlistemester`.\u00a0 &#8211;\u00a0 Senere bliver det der i dag er Folkesparrekassen p\u00e5 Herningvej i Lysbro.\u00a0\u00a0 Peder Madsen er med i bestyrelsen og den st\u00e6rke bev\u00e6gelse i Funder\/Lysbro som k\u00e6mpede for deres ideologi, og trods en del modgang, er de fork\u00e6mperne for den i dag succesfulde Folkesparrekasse i Lysbro.\u00a0 (Middelfart Sparrekasse 2022)<\/p>\n<p>Sonja fort\u00e6ller at under byggeri og anl\u00e6g af Folkesparrekassen har Jens Kingo f\u00f8dselsdag og han frabeder sig en gave, men hun bliver af Jens Kingo, bedt om at k\u00f8be en Blodb\u00f8g hos gartner Overby i Alderslyst i stedet,\u00a0 og det er den flotte Blodb\u00f8g der i dag st\u00e5r mellem Folkesparrekassen og Funderholmevej.<\/p>\n<p>Sonja har ogs\u00e5 v\u00e6ret med til at placere den store \u201ddatosten\u201d\u00a0 indvielsen, og med en stor gummiged hente brosten omme fra lagerpladsen, ved om og tilbygning af Folkesparrekassen.<\/p>\n<p>S\u00e5dan har det v\u00e6ret i hele forl\u00f8bet, et st\u00e6rkt sammenhold og en vilje til at iv\u00e6rks\u00e6tte og gennemf\u00f8re ideerne.<\/p>\n<p>Ulykkeligvis d\u00f8r Peder Madsen i 1984, kun 55 \u00e5r gammel, og verden s\u00e5 pludseligt helt anderledes ud for Sonja, med Nyl\u00f8kkeg\u00e5rd og anl\u00e6gsgartnervirksomheden.<\/p>\n<p>Efterf\u00f8lgende arbejder Sonja bl. a. hos Jens Jensen da han starter Stork\u00f8b\/Trica Supermarkedet p\u00e5 Borgergade, tidligere havde Gunnar Tandrup drevet Dieselhuset\u00a0 med salg lastbiler og traktorer p\u00e5 adressen. I en \u00e5rr\u00e6kke efter var der \u00f8lstue (Rottehullet) i det gamle drejev\u00e6rksted i k\u00e6lderen. Jysk Senget\u00f8jslager var her ogs\u00e5 sammen med Stork\u00f8b.<\/p>\n<p>Pudsigt nok bor Sonja i en andelsbolig netop p\u00e5 denne adresse i dag.<\/p>\n<p>Kilde:\u00a0\u00a0 8 jan. 2020 &#8211;\u00a0 Sonja P\u00f8rtner Madsen \/ Henning<\/p>\n<p>21 jan. 2020 Sonja hos \/Bjarne Funderlokalh. arkiv<\/p>\n","protected":false},"excerpt":{"rendered":"<p>Sonja P\u00f8rtner er i 1949 17 \u00e5r gammel og har v\u00e6ret et \u00e5r i huset i en slagterforretning i Fars\u00f8, men nu skal der sket noget nyt og hun s\u00e6tter en annonce i Silkeborg Avis, hun vil gerne l\u00e6re finere madlavning.\u00a0\u00a0 Hun f\u00e5r `en henvendelse. 1 maj tager Sonja bus til Viborg, og R\u00f8dkj\u00e6rsbro og [&hellip;]<\/p>\n","protected":false},"author":1,"featured_media":0,"parent":0,"menu_order":0,"comment_status":"closed","ping_status":"closed","template":"","meta":{"site-sidebar-layout":"no-sidebar","site-content-layout":"narrow-container","ast-site-content-layout":"narrow-width-container","site-content-style":"unboxed","site-sidebar-style":"unboxed","ast-global-header-display":"","ast-banner-title-visibility":"","ast-main-header-display":"","ast-hfb-above-header-display":"","ast-hfb-below-header-display":"","ast-hfb-mobile-header-display":"","site-post-title":"","ast-breadcrumbs-content":"","ast-featured-img":"","footer-sml-layout":"","ast-disable-related-posts":"","theme-transparent-header-meta":"","adv-header-id-meta":"","stick-header-meta":"","header-above-stick-meta":"","header-main-stick-meta":"","header-below-stick-meta":"","astra-migrate-meta-layouts":"set","ast-page-background-enabled":"default","ast-page-background-meta":{"desktop":{"background-color":"var(--ast-global-color-4)","background-image":"","background-repeat":"repeat","background-position":"center center","background-size":"auto","background-attachment":"scroll","background-type":"","background-media":"","overlay-type":"","overlay-color":"","overlay-opacity":"","overlay-gradient":""},"tablet":{"background-color":"","background-image":"","background-repeat":"repeat","background-position":"center center","background-size":"auto","background-attachment":"scroll","background-type":"","background-media":"","overlay-type":"","overlay-color":"","overlay-opacity":"","overlay-gradient":""},"mobile":{"background-color":"","background-image":"","background-repeat":"repeat","background-position":"center center","background-size":"auto","background-attachment":"scroll","background-type":"","background-media":"","overlay-type":"","overlay-color":"","overlay-opacity":"","overlay-gradient":""}},"ast-content-background-meta":{"desktop":{"background-color":"var(--ast-global-color-5)","background-image":"","background-repeat":"repeat","background-position":"center center","background-size":"auto","background-attachment":"scroll","background-type":"","background-media":"","overlay-type":"","overlay-color":"","overlay-opacity":"","overlay-gradient":""},"tablet":{"background-color":"var(--ast-global-color-5)","background-image":"","background-repeat":"repeat","background-position":"center center","background-size":"auto","background-attachment":"scroll","background-type":"","background-media":"","overlay-type":"","overlay-color":"","overlay-opacity":"","overlay-gradient":""},"mobile":{"background-color":"var(--ast-global-color-5)","background-image":"","background-repeat":"repeat","background-position":"center center","background-size":"auto","background-attachment":"scroll","background-type":"","background-media":"","overlay-type":"","overlay-color":"","overlay-opacity":"","overlay-gradient":""}},"footnotes":""},"class_list":["post-323","page","type-page","status-publish","hentry"],"_links":{"self":[{"href":"http:\/\/lysbrohistorier.dk\/index.php\/wp-json\/wp\/v2\/pages\/323","targetHints":{"allow":["GET"]}}],"collection":[{"href":"http:\/\/lysbrohistorier.dk\/index.php\/wp-json\/wp\/v2\/pages"}],"about":[{"href":"http:\/\/lysbrohistorier.dk\/index.php\/wp-json\/wp\/v2\/types\/page"}],"author":[{"embeddable":true,"href":"http:\/\/lysbrohistorier.dk\/index.php\/wp-json\/wp\/v2\/users\/1"}],"replies":[{"embeddable":true,"href":"http:\/\/lysbrohistorier.dk\/index.php\/wp-json\/wp\/v2\/comments?post=323"}],"version-history":[{"count":8,"href":"http:\/\/lysbrohistorier.dk\/index.php\/wp-json\/wp\/v2\/pages\/323\/revisions"}],"predecessor-version":[{"id":1946,"href":"http:\/\/lysbrohistorier.dk\/index.php\/wp-json\/wp\/v2\/pages\/323\/revisions\/1946"}],"wp:attachment":[{"href":"http:\/\/lysbrohistorier.dk\/index.php\/wp-json\/wp\/v2\/media?parent=323"}],"curies":[{"name":"wp","href":"https:\/\/api.w.org\/{rel}","templated":true}]}}