{"id":69,"date":"2023-04-14T18:00:17","date_gmt":"2023-04-14T18:00:17","guid":{"rendered":"https:\/\/lysbrohistorier.dk\/?page_id=69"},"modified":"2023-09-05T16:03:10","modified_gmt":"2023-09-05T16:03:10","slug":"teglkaer-de-forenede-teglvaerker-lysbro","status":"publish","type":"page","link":"http:\/\/lysbrohistorier.dk\/index.php\/teglkaer-de-forenede-teglvaerker-lysbro\/","title":{"rendered":"Teglk\u00e6r \/ De Forenede Teglv\u00e6rker Lysbro"},"content":{"rendered":"<p><strong>Teglk\u00e6r \/&nbsp; De Forenede Teglv\u00e6rker&nbsp; Lysbro.&nbsp;&nbsp;&nbsp;<\/strong><\/p>\n<p>Hans \u201dTeglbr\u00e6nder\u201d Pedersen startede med Teglk\u00e6r&nbsp; ved Lysbro Skov\/ Funder Bakke&nbsp; i en form for lejebasis i 5 \u00e5r.<\/p>\n<p>Han er s\u00f8n af Hjulmand Anders Pedersen og hustru Gertrud Kikenborg, Hammelev (Haderslev\/Vojens)<\/p>\n<p>I 1846 henvender Silkeborg Papirfabrik sig til Hans Teglbr\u00e6nder og tilbyder ham at lave sten til fabrikken.<\/p>\n<p>Under opstarten af teglproduktionen drager Hans Teglbr\u00e6nder p\u00e5 hesteryg en tur til Altona for at f\u00e5 inspiration.<\/p>\n<p>Den gamle pr\u00e6steg\u00e5rd i Silkeborg&nbsp; (1858, Vestergade 38) er bygget af sten fra hans teglv\u00e6rk. .<\/p>\n<p>Som 27 \u00e5rig er han indkaldt i tre\u00e5rskrigen 1848-50.<\/p>\n<p>Bliver gift 21 maj 1858 med Nielsine Andersen (f. 26 april 1835) datter af Anders Jensen, Damholdt &#8211; Ikast sogn.<\/p>\n<p>Brylluppet er i Funder Kirke.<\/p>\n<p>Hans Pedersen k\u00f8ber herefter ejendom ved foden af Funder Bakke, her opf\u00f8rtes et nyt teglv\u00e6rk.<\/p>\n<p>Der blev solgt mursten til nabobyerne, de blev fragtet med pram fra ladeplads ved Lys\u00e5, nogenlunde nedenfor B\u00f8gild Teglv\u00e6rk, en almindelig transport indtil jernbanen i (1871) kommer til Silkeborg, og der kan transporteres i st\u00f8rre m\u00e6ngder til st\u00f8rre byer l\u00e6ngere v\u00e6k.<\/p>\n<p>Nielsine d\u00f8r 53 \u00e5r gammel 11 febr. 1888 og Hans Teglbr\u00e6nder 81 \u00e5r i 1902, begge begravet i Funder Kirkeby.<\/p>\n<p class=\"mceTemp\">\n<figure id=\"attachment_1009\" aria-describedby=\"caption-attachment-1009\" style=\"width: 193px\" class=\"wp-caption aligncenter\"><img loading=\"lazy\" decoding=\"async\" class=\"size-medium wp-image-1009\" src=\"http:\/\/lysbrohistorier.dk\/wp-content\/uploads\/2023\/08\/Hans_Pedersen.Teglbraender_0001-x-193x300.jpg\" alt=\"\" width=\"193\" height=\"300\" srcset=\"http:\/\/lysbrohistorier.dk\/wp-content\/uploads\/2023\/08\/Hans_Pedersen.Teglbraender_0001-x-193x300.jpg 193w, http:\/\/lysbrohistorier.dk\/wp-content\/uploads\/2023\/08\/Hans_Pedersen.Teglbraender_0001-x-15x24.jpg 15w, http:\/\/lysbrohistorier.dk\/wp-content\/uploads\/2023\/08\/Hans_Pedersen.Teglbraender_0001-x-23x36.jpg 23w, http:\/\/lysbrohistorier.dk\/wp-content\/uploads\/2023\/08\/Hans_Pedersen.Teglbraender_0001-x-31x48.jpg 31w, http:\/\/lysbrohistorier.dk\/wp-content\/uploads\/2023\/08\/Hans_Pedersen.Teglbraender_0001-x.jpg 493w\" sizes=\"auto, (max-width: 193px) 100vw, 193px\" \/><figcaption id=\"caption-attachment-1009\" class=\"wp-caption-text\">Hans Teglbr\u00e6nder<br \/>f\u00f8dt 16\/6 1821<br \/>(Flf)<\/figcaption><\/figure>\n<p>Hans Teglbr\u00e6nder &#8211; 1858 tilflytter Funder sogn, Funder Skovhuse.<\/p>\n<p>Folket\u00e6lling , 1880&nbsp; Funder By,&nbsp; G\u00e5rdejer, Teglv\u00e6rksejer, Teglbr\u00e6nder.<\/p>\n<p>Folket\u00e6lling, 1901 matr. 12 a, Ligustervej 9&nbsp; &#8211; (senere K\u00e6mner Martinus Olsen)<strong>&nbsp;<\/strong><\/p>\n<p>Den gamle pr\u00e6steg\u00e5rd i Silkeborg&nbsp; (1858, Vestergade 38) er bygget af sten herfra.<\/p>\n<p>Hans Pedersen k\u00f8ber herefter ejendom ved foden af Funder Bakke, her opf\u00f8rtes et nyt teglv\u00e6rk.<\/p>\n<p>Der blev solgt mursten til nabobyerne, de blev fragtet med pram fra ladeplads ved Lys\u00e5, nogenlunde nedenfor B\u00f8gild Teglv\u00e6rk, en almindelig transport indtil jernbanen i (1871) kommer til Silkeborg, og der kan transporteres i st\u00f8rre m\u00e6ngder til st\u00f8rre byer l\u00e6ngere v\u00e6k.&nbsp;&nbsp; &#8211;&nbsp; November 2018 etableres sti og informationstavler ved ladepladsen.<\/p>\n<figure id=\"attachment_996\" aria-describedby=\"caption-attachment-996\" style=\"width: 472px\" class=\"wp-caption alignnone\"><img loading=\"lazy\" decoding=\"async\" class=\"size-full wp-image-996\" src=\"http:\/\/lysbrohistorier.dk\/wp-content\/uploads\/2023\/08\/DFT-Boegild-lergrav-1946-B9816.jpg\" alt=\"\" width=\"472\" height=\"327\" srcset=\"http:\/\/lysbrohistorier.dk\/wp-content\/uploads\/2023\/08\/DFT-Boegild-lergrav-1946-B9816.jpg 472w, http:\/\/lysbrohistorier.dk\/wp-content\/uploads\/2023\/08\/DFT-Boegild-lergrav-1946-B9816-300x208.jpg 300w, http:\/\/lysbrohistorier.dk\/wp-content\/uploads\/2023\/08\/DFT-Boegild-lergrav-1946-B9816-24x17.jpg 24w, http:\/\/lysbrohistorier.dk\/wp-content\/uploads\/2023\/08\/DFT-Boegild-lergrav-1946-B9816-36x25.jpg 36w, http:\/\/lysbrohistorier.dk\/wp-content\/uploads\/2023\/08\/DFT-Boegild-lergrav-1946-B9816-48x33.jpg 48w\" sizes=\"auto, (max-width: 472px) 100vw, 472px\" \/><figcaption id=\"caption-attachment-996\" class=\"wp-caption-text\">De Forenede Teglv\u00e6rker &#8211; B\u00f8gild lergrav 1946 ( B9816)<\/figcaption><\/figure>\n<p>Jens Pedersen (s\u00f8n f. 28 marts 1865) g. m. Johanne, (28 maj 1891) der er 3 b\u00f8rn, Henry, Sigvard og Hans.<\/p>\n<figure id=\"attachment_1012\" aria-describedby=\"caption-attachment-1012\" style=\"width: 235px\" class=\"wp-caption aligncenter\"><img loading=\"lazy\" decoding=\"async\" class=\" wp-image-1012\" src=\"http:\/\/lysbrohistorier.dk\/wp-content\/uploads\/2023\/08\/Jens_Pedersen.Teglbraender-178x300.jpg\" alt=\"\" width=\"235\" height=\"396\" srcset=\"http:\/\/lysbrohistorier.dk\/wp-content\/uploads\/2023\/08\/Jens_Pedersen.Teglbraender-178x300.jpg 178w, http:\/\/lysbrohistorier.dk\/wp-content\/uploads\/2023\/08\/Jens_Pedersen.Teglbraender-607x1024.jpg 607w, http:\/\/lysbrohistorier.dk\/wp-content\/uploads\/2023\/08\/Jens_Pedersen.Teglbraender-768x1296.jpg 768w, http:\/\/lysbrohistorier.dk\/wp-content\/uploads\/2023\/08\/Jens_Pedersen.Teglbraender-911x1536.jpg 911w, http:\/\/lysbrohistorier.dk\/wp-content\/uploads\/2023\/08\/Jens_Pedersen.Teglbraender-1214x2048.jpg 1214w, http:\/\/lysbrohistorier.dk\/wp-content\/uploads\/2023\/08\/Jens_Pedersen.Teglbraender-14x24.jpg 14w, http:\/\/lysbrohistorier.dk\/wp-content\/uploads\/2023\/08\/Jens_Pedersen.Teglbraender-21x36.jpg 21w, http:\/\/lysbrohistorier.dk\/wp-content\/uploads\/2023\/08\/Jens_Pedersen.Teglbraender-28x48.jpg 28w, http:\/\/lysbrohistorier.dk\/wp-content\/uploads\/2023\/08\/Jens_Pedersen.Teglbraender.jpg 1485w\" sizes=\"auto, (max-width: 235px) 100vw, 235px\" \/><figcaption id=\"caption-attachment-1012\" class=\"wp-caption-text\">Jens Pedersen Teglv\u00e6rksejer<br \/>(Flf))<\/figcaption><\/figure>\n<p>Fakta:<\/p>\n<p>S\u00f8n, Jens Pedersen, 1891 Teglbr\u00e6nder&nbsp; &#8211;&nbsp; folket\u00e6lling 1900&nbsp; Funder Skovhuse, Teglbr\u00e6nder.<\/p>\n<p>Folket\u00e6lling .&nbsp; 1901&nbsp; matr. 121 Funder Skovhuse, Teglv\u00e6rksejer<\/p>\n<p>Folket\u00e6lling 1906 `De Forenede Teglv\u00e6rker` Lysbro Herningvej 118<strong>&nbsp; &#8211; <\/strong>senere nr. 106<\/p>\n<p>Folket\u00e6lling 1940&nbsp; matr. 2 ak&nbsp; Herningvej 45,&nbsp; Teglv\u00e6rksejer.&nbsp; (direkt\u00f8rbolig)<\/p>\n<p>Jens Pedersen (s\u00f8n) bygger i 1900 det der bliver til De Forenede Teglv\u00e6rker, det er sammen med Chr. Jensen og&nbsp; &#8211;&nbsp; Niels Lund.<\/p>\n<p>Niels Lund havde teglv\u00e6rk &#8211; mellem Lysbro Skole og Errboe, k\u00f8bt af gdr. Hans Winther\/ s\u00f8n Anders Winther, bliver nedlagt da&nbsp; ingn. Munther overtager Lysbro Teglv\u00e6rk 1911<\/p>\n<p>Chr. Jensen&nbsp; f\u00f8dt 1826-1917 kom fra B\u00e6lum (\u00c5lborg),&nbsp; startede tidligt med teglbr\u00e6nding, bl.a. p\u00e5 grunden hvor B\u00f8gild Teglv\u00e6rk senere kom til at virke. Herefter havde han teglv\u00e6rk p\u00e5 hj\u00f8rnet af Herningvej og Funderholmevej. Det blev nedlagt i forbindelse med nybyggeriet, (De Forenede Teglv.)<\/p>\n<p>I 1905 bor Jens Pedersen i ejendommen Herningvej 118 A og B, (lige n.\u00f8. for lyskrydset Funder Bakke)&nbsp;&nbsp; Da er der ogs\u00e5 pensionat for teglv\u00e6rksarbejderne og 14 \u00e5rige Marie Abildskov&nbsp; Funder ( familie) er ung pige i huset.<\/p>\n<p>I 1908 bygger Jens Pedersen Ejstrupholm Teglv\u00e6rk, og samme \u00e5r i forbindelse med Lang\u00e5 banen ogs\u00e5 et teglv\u00e6rk i Gjern sammen med P. Petersen Rask. (B\u00f8gild teglv\u00e6rk)<\/p>\n<p>Gjern Teglv\u00e6rk s\u00e6lges i 1912 til ing. Munther, men k\u00f8bes senere tilbage.<\/p>\n<p>De Forenede Teglv\u00e6rker bygger i 1961-62 et helt nyt teglv\u00e6rk til 2 mill. kr. Rejsegilde i 1961<\/p>\n<figure id=\"attachment_394\" aria-describedby=\"caption-attachment-394\" style=\"width: 422px\" class=\"wp-caption alignnone\"><img loading=\"lazy\" decoding=\"async\" class=\" wp-image-394\" src=\"http:\/\/lysbrohistorier.dk\/wp-content\/uploads\/2023\/05\/DFT-rejsegilde-1961.-B2126-300x233.jpg\" alt=\"\" width=\"422\" height=\"328\" srcset=\"http:\/\/lysbrohistorier.dk\/wp-content\/uploads\/2023\/05\/DFT-rejsegilde-1961.-B2126-300x233.jpg 300w, http:\/\/lysbrohistorier.dk\/wp-content\/uploads\/2023\/05\/DFT-rejsegilde-1961.-B2126.jpg 480w\" sizes=\"auto, (max-width: 422px) 100vw, 422px\" \/><figcaption id=\"caption-attachment-394\" class=\"wp-caption-text\">DFT rejsegilde 1961. (B2126)<\/figcaption><\/figure>\n<p>DFT rejsegilde 1961. (B2126)indviedes i juni 1962. Hans Abildskov Pedersen (3`generation) er ejer og bror Henry Pedersen er bestyrelsesmedl., (er direkt\u00f8r p\u00e5 DAB, bygger og bor \u00c5havevej 85, (Teglk\u00e6r i 1955), &#8211; ( i dag J\u00f8rgen Helle, 1992-2020).&nbsp; &#8211; Leret hentes i Funder Holme, der bliver senere losseplads, i dag er der rideskole i omr\u00e5det.&nbsp; P\u00e5 et tidspunkt ogs\u00e5 hos Henning Ravn (Ravnebakken)&nbsp; &#8211;&nbsp; Jens Pedersen begraves 18 marts 1947, Funder Kirke.<\/p>\n<p>Ingen af Hans eller Henry`s b\u00f8rn \u00f8nsker at overtage teglv\u00e6rket, Henry\u00b4s svigers\u00f8n dog for en kort periode.<\/p>\n<p>I 1962 s\u00e6lges aktier til K. Skak, Tr\u00f8strop teglv. og Eilskov Hansen, Brunsh\u00e5b teglv.,&nbsp;&nbsp; Henry Pedersen er i bestyrelse.<\/p>\n<p>I 1982 s\u00e6lges Teglv\u00e6rket til Kingo Karlsen for 1,8 mill. kr., som er specialister i nedbrydning af store komplekse bygninger og gensalg af byggekomponenter. &#8211;&nbsp; Kingo s\u00e6lger i 2010 til Henton invest som vil bygge boliger p\u00e5 stedet.&nbsp; (8 mill. kr.) &#8211; Finanskrise 2008 g\u00f8r, at man f\u00f8rst i 2016 g\u00e5r igang med 1 etape (53) af byggeri sidst p\u00e5 \u00e5ret.<\/p>\n<p>Sp\u00e6r p\u00e5 f\u00f8rste l\u00e6nge lige inden jul. Indflytning sommerferie 2017 &#8211; 2 etape (43) p\u00e5begyndt i efter\u00e5r 2017.<\/p>\n<p>(Husene bekl\u00e6des med klinkbr\u00e6dder, elementer med isolering til f\u00f8rste etape kommer fra Letland.)<\/p>\n<p>August 2018 er de f\u00f8rste i anden etape ved at v\u00e6re klar til indflytning.&nbsp;&nbsp; 112 lejligheder i 2 etager.<\/p>\n<p>Kilde: bogen Balle Sogn \/ Funder lokalhistorisk forening. \/ Ruth Abildskov\/ Annie og Jens J\u00f8rgen Pedersen (oldebarn)&nbsp; \/ Henning.<\/p>\n","protected":false},"excerpt":{"rendered":"<p>Teglk\u00e6r \/&nbsp; De Forenede Teglv\u00e6rker&nbsp; Lysbro.&nbsp;&nbsp;&nbsp; Hans \u201dTeglbr\u00e6nder\u201d Pedersen startede med Teglk\u00e6r&nbsp; ved Lysbro Skov\/ Funder Bakke&nbsp; i en form for lejebasis i 5 \u00e5r. Han er s\u00f8n af Hjulmand Anders Pedersen og hustru Gertrud Kikenborg, Hammelev (Haderslev\/Vojens) I 1846 henvender Silkeborg Papirfabrik sig til Hans Teglbr\u00e6nder og tilbyder ham at lave sten til fabrikken. [&hellip;]<\/p>\n","protected":false},"author":1,"featured_media":0,"parent":0,"menu_order":0,"comment_status":"closed","ping_status":"closed","template":"","meta":{"site-sidebar-layout":"no-sidebar","site-content-layout":"narrow-container","ast-site-content-layout":"default","site-content-style":"default","site-sidebar-style":"default","ast-global-header-display":"","ast-banner-title-visibility":"","ast-main-header-display":"","ast-hfb-above-header-display":"","ast-hfb-below-header-display":"","ast-hfb-mobile-header-display":"","site-post-title":"","ast-breadcrumbs-content":"","ast-featured-img":"","footer-sml-layout":"","ast-disable-related-posts":"","theme-transparent-header-meta":"","adv-header-id-meta":"","stick-header-meta":"","header-above-stick-meta":"","header-main-stick-meta":"","header-below-stick-meta":"","astra-migrate-meta-layouts":"default","ast-page-background-enabled":"default","ast-page-background-meta":{"desktop":{"background-color":"var(--ast-global-color-4)","background-image":"","background-repeat":"repeat","background-position":"center center","background-size":"auto","background-attachment":"scroll","background-type":"","background-media":"","overlay-type":"","overlay-color":"","overlay-opacity":"","overlay-gradient":""},"tablet":{"background-color":"","background-image":"","background-repeat":"repeat","background-position":"center center","background-size":"auto","background-attachment":"scroll","background-type":"","background-media":"","overlay-type":"","overlay-color":"","overlay-opacity":"","overlay-gradient":""},"mobile":{"background-color":"","background-image":"","background-repeat":"repeat","background-position":"center center","background-size":"auto","background-attachment":"scroll","background-type":"","background-media":"","overlay-type":"","overlay-color":"","overlay-opacity":"","overlay-gradient":""}},"ast-content-background-meta":{"desktop":{"background-color":"var(--ast-global-color-5)","background-image":"","background-repeat":"repeat","background-position":"center center","background-size":"auto","background-attachment":"scroll","background-type":"","background-media":"","overlay-type":"","overlay-color":"","overlay-opacity":"","overlay-gradient":""},"tablet":{"background-color":"var(--ast-global-color-5)","background-image":"","background-repeat":"repeat","background-position":"center center","background-size":"auto","background-attachment":"scroll","background-type":"","background-media":"","overlay-type":"","overlay-color":"","overlay-opacity":"","overlay-gradient":""},"mobile":{"background-color":"var(--ast-global-color-5)","background-image":"","background-repeat":"repeat","background-position":"center center","background-size":"auto","background-attachment":"scroll","background-type":"","background-media":"","overlay-type":"","overlay-color":"","overlay-opacity":"","overlay-gradient":""}},"footnotes":""},"class_list":["post-69","page","type-page","status-publish","hentry"],"_links":{"self":[{"href":"http:\/\/lysbrohistorier.dk\/index.php\/wp-json\/wp\/v2\/pages\/69","targetHints":{"allow":["GET"]}}],"collection":[{"href":"http:\/\/lysbrohistorier.dk\/index.php\/wp-json\/wp\/v2\/pages"}],"about":[{"href":"http:\/\/lysbrohistorier.dk\/index.php\/wp-json\/wp\/v2\/types\/page"}],"author":[{"embeddable":true,"href":"http:\/\/lysbrohistorier.dk\/index.php\/wp-json\/wp\/v2\/users\/1"}],"replies":[{"embeddable":true,"href":"http:\/\/lysbrohistorier.dk\/index.php\/wp-json\/wp\/v2\/comments?post=69"}],"version-history":[{"count":18,"href":"http:\/\/lysbrohistorier.dk\/index.php\/wp-json\/wp\/v2\/pages\/69\/revisions"}],"predecessor-version":[{"id":1215,"href":"http:\/\/lysbrohistorier.dk\/index.php\/wp-json\/wp\/v2\/pages\/69\/revisions\/1215"}],"wp:attachment":[{"href":"http:\/\/lysbrohistorier.dk\/index.php\/wp-json\/wp\/v2\/media?parent=69"}],"curies":[{"name":"wp","href":"https:\/\/api.w.org\/{rel}","templated":true}]}}