{"id":102,"date":"2023-04-16T10:07:31","date_gmt":"2023-04-16T10:07:31","guid":{"rendered":"https:\/\/lysbrohistorier.dk\/?page_id=102"},"modified":"2024-12-02T13:25:52","modified_gmt":"2024-12-02T13:25:52","slug":"omegnsteglvaerker","status":"publish","type":"page","link":"https:\/\/lysbrohistorier.dk\/index.php\/teglvaerker-i-lysbro-og-silkeborg-omegn\/omegnsteglvaerker\/","title":{"rendered":"&#8220;Omegnsteglv\u00e6rker&#8221;"},"content":{"rendered":"\n<div class=\"wp-block-columns is-layout-flex wp-container-core-columns-is-layout-28f84493 wp-block-columns-is-layout-flex\">\n<div class=\"wp-block-column is-layout-flow wp-block-column-is-layout-flow\" style=\"flex-basis:100%\">\n<p><strong>Silkeborg Teglovn&nbsp; 1842-1890.<\/strong><\/p>\n\n\n\n<p>Silkeborg Teglovn n\u00e6vnes i 1560, da kongen holder Hans Johanss\u00f8n p\u00e5 Silkeborg Slot ansvarlig for teglovnen, til geng\u00e6ld for halvdelen af fortjenesten. I 1577 er det Manderup Parsberg der g\u00f8res ansvarlig. Begge m\u00e5 kun bruge birk og vindf\u00e6lder som br\u00e6nde. Der er overhugst i skovene. (den nordiske syv\u00e5rskrig 1563)<\/p>\n\n\n\n<p>I 1586 f\u00e5r Henning Rewentlow en ordre p\u00e5 1000 tagsten til istands\u00e6ttelse af Skannerup Kirke.<\/p>\n\n\n\n<p>I 1620 skal Christen Holch levere 11.000 sten til reparation af Dronningholm Slot, Randers og ligeledes til Skanderborg Slot.<\/p>\n\n\n\n<p>Michael Drewsen ejer teglv\u00e6rket i 1844 og den f\u00f8rste del af Papirfabrikken m\u00e5 vel formodes at v\u00e6re bygget op af egen produktion. Drewsen er ogs\u00e5 f\u00f8dselshj\u00e6lper ved start af andre teglv\u00e6rker p\u00e5 egnen.<\/p>\n\n\n\n<p>Der skulle bruges meget br\u00e6ndsel til Papirfabrikken og br\u00e6ndingen af mursten, det var bl.a. t\u00f8rv fra Vejlbo Mose,12-15.000 stk. sk\u00e6ret\u00f8rv om dagen.<\/p>\n\n\n\n<p>I 1857 rejser Michael Drewsen til Frankrig for at k\u00f8be sig til bedre metoder til t\u00f8rveproduktion, og i&nbsp; 1858 bliver produktionen industrialiseret, og dagsproduktionen bliver 30-50.000 stk. af meget bedre kvalitet, og omr\u00e5det omfatter nu ca. 60 tdr. land i retning af P\u00f8ts\u00f8.<\/p>\n\n\n\n<p>Samme \u00e5r uddybes Guden\u00e5en til Randers, s\u00e5 prammene fik bedre betingelser med import af r\u00e5stoffer til Papirfabrikken og \u201deksport\u201d af papir, mursten og t\u00f8rv m.m.<\/p>\n\n\n\n<p><strong>P\u00e5rup Teglv\u00e6rk&nbsp; 1848 &#8211; 1976.<\/strong><\/p>\n\n\n\n<p>I 1934 ejes v\u00e6rket af Karl og Otto Hansen, de bygger ny ringovn .<\/p>\n\n\n\n<p>Produktionen er hovedsagelig dr\u00e6nr\u00f8r&nbsp; 2\u201d til 12\u201d tommer&nbsp; (5 til 30 cm)<\/p>\n\n\n\n<p>Melder sig ud af Teglv\u00e6rkernes Salgskontor 01.03.1977.<\/p>\n\n\n\n<p>Charlottenlund Teglv\u00e6rk &nbsp;1849 &#8211;&nbsp; 1943<\/p>\n\n\n\n<p>Komosevej 13, Kragelund&nbsp; &#8211; en af ejere N.P. Aggerholm<\/p>\n\n\n\n<p><strong>S\u00f8lund Teglv\u00e6rk&nbsp; 1850 &#8211; 1885.<\/strong><\/p>\n\n\n\n<p>Teglv\u00e6rket anl\u00e6gges af Hans Peter Stabell, p\u00e5 en grund til 1600 rigsdaler.<\/p>\n\n\n\n<p>I 1853 s\u00e6lges v\u00e6rket til N.P.Lundsgaard for 9200 rigsdaler og i 1855 s\u00e6lges det endnu engang til Julius Michael Herskind for den nette sum af 16500 rigsdaler incl. g\u00e5rden S\u00f8lund.<\/p>\n\n\n\n<p>Der produceres b\u00e5de mursten og tagsten, ca. 500.000 \u00e5rligt.<\/p>\n\n\n\n<p>Der har v\u00e6ret 3 hestegange til at forarbejde leret, og ovnen kunne formentlig tage ca. 70.000 af gangen.<\/p>\n\n\n\n<p>Inden ringovnens tid havde man H\u00f8jovne, firkantede ovne, som den p\u00e5 S\u00f8lund, med fire fyrhuller i hver side (br\u00e6ndkamre) hvor ilden\/varmen s\u00e5 blev trukket ind igennem ovnen til skorstenen, stenene var stablet med mellemrum s\u00e5 ilden\/varmen fordeles.<\/p>\n\n\n\n<p>Br\u00e6ndingen var ikke 100% effektiv og stenene blev sorteret i halvbr\u00e6ndte (indermur), mellem og helbr\u00e6ndte (facademur).<\/p>\n\n\n\n<p>K\u00f8kkenpige hos J.Errboe i 1949 Sonja P\u00f8rtner, fort\u00e6ller at hendes oldefar Frederik P\u00f8rtner er naver og er p\u00e5 valsen op gennem Tyskland og Danmark. Han er teglmester p\u00e5 S\u00f8lund Teglv\u00e6rk i f\u00f8rste halvdel af 1850.<\/p>\n\n\n\n<div class=\"wp-block-columns is-layout-flex wp-container-core-columns-is-layout-28f84493 wp-block-columns-is-layout-flex\">\n<div class=\"wp-block-column is-layout-flow wp-block-column-is-layout-flow\">\n<figure class=\"wp-block-image size-large\"><img loading=\"lazy\" decoding=\"async\" width=\"1024\" height=\"641\" src=\"http:\/\/lysbrohistorier.dk\/wp-content\/uploads\/2023\/08\/Soelund-teglv.-hoejovn-X-1-1024x641.jpg\" alt=\"\" class=\"wp-image-1082\" srcset=\"https:\/\/lysbrohistorier.dk\/wp-content\/uploads\/2023\/08\/Soelund-teglv.-hoejovn-X-1-1024x641.jpg 1024w, https:\/\/lysbrohistorier.dk\/wp-content\/uploads\/2023\/08\/Soelund-teglv.-hoejovn-X-1-300x188.jpg 300w, https:\/\/lysbrohistorier.dk\/wp-content\/uploads\/2023\/08\/Soelund-teglv.-hoejovn-X-1-768x480.jpg 768w, https:\/\/lysbrohistorier.dk\/wp-content\/uploads\/2023\/08\/Soelund-teglv.-hoejovn-X-1-1536x961.jpg 1536w, https:\/\/lysbrohistorier.dk\/wp-content\/uploads\/2023\/08\/Soelund-teglv.-hoejovn-X-1-24x15.jpg 24w, https:\/\/lysbrohistorier.dk\/wp-content\/uploads\/2023\/08\/Soelund-teglv.-hoejovn-X-1-36x23.jpg 36w, https:\/\/lysbrohistorier.dk\/wp-content\/uploads\/2023\/08\/Soelund-teglv.-hoejovn-X-1-48x30.jpg 48w, https:\/\/lysbrohistorier.dk\/wp-content\/uploads\/2023\/08\/Soelund-teglv.-hoejovn-X-1.jpg 1600w\" sizes=\"auto, (max-width: 1024px) 100vw, 1024px\" \/><figcaption class=\"wp-element-caption\">S\u00f8lund Teglv\u00e6rk<\/figcaption><\/figure>\n<\/div>\n\n\n\n<div class=\"wp-block-column is-layout-flow wp-block-column-is-layout-flow\">\n<figure class=\"wp-block-image size-large\"><img loading=\"lazy\" decoding=\"async\" width=\"1024\" height=\"768\" src=\"http:\/\/lysbrohistorier.dk\/wp-content\/uploads\/2023\/08\/Soelund-teglv.-bro-X-2-1024x768.jpg\" alt=\"\" class=\"wp-image-1083\" srcset=\"https:\/\/lysbrohistorier.dk\/wp-content\/uploads\/2023\/08\/Soelund-teglv.-bro-X-2-1024x768.jpg 1024w, https:\/\/lysbrohistorier.dk\/wp-content\/uploads\/2023\/08\/Soelund-teglv.-bro-X-2-300x225.jpg 300w, https:\/\/lysbrohistorier.dk\/wp-content\/uploads\/2023\/08\/Soelund-teglv.-bro-X-2-768x576.jpg 768w, https:\/\/lysbrohistorier.dk\/wp-content\/uploads\/2023\/08\/Soelund-teglv.-bro-X-2-1536x1152.jpg 1536w, https:\/\/lysbrohistorier.dk\/wp-content\/uploads\/2023\/08\/Soelund-teglv.-bro-X-2-24x18.jpg 24w, https:\/\/lysbrohistorier.dk\/wp-content\/uploads\/2023\/08\/Soelund-teglv.-bro-X-2-36x27.jpg 36w, https:\/\/lysbrohistorier.dk\/wp-content\/uploads\/2023\/08\/Soelund-teglv.-bro-X-2-48x36.jpg 48w, https:\/\/lysbrohistorier.dk\/wp-content\/uploads\/2023\/08\/Soelund-teglv.-bro-X-2.jpg 1600w\" sizes=\"auto, (max-width: 1024px) 100vw, 1024px\" \/><figcaption class=\"wp-element-caption\">S\u00f8lund teglv\u00e6rk l\u00e5 hvor broen over Guden\u00e5en  nu ligger<\/figcaption><\/figure>\n<\/div>\n<\/div>\n\n\n\n<p>(under bygning af ny motorvejsbro hen over stedet i 2013-14 afd\u00e6kkes teglv\u00e6rket&nbsp; &#8211;&nbsp;&nbsp; motorvejen indv. 11 sept. 2016)<\/p>\n\n\n\n<figure class=\"wp-block-image size-full\"><img loading=\"lazy\" decoding=\"async\" width=\"680\" height=\"528\" src=\"http:\/\/lysbrohistorier.dk\/wp-content\/uploads\/2023\/12\/Unavngivet.jpg\" alt=\"\" class=\"wp-image-1613\" srcset=\"https:\/\/lysbrohistorier.dk\/wp-content\/uploads\/2023\/12\/Unavngivet.jpg 680w, https:\/\/lysbrohistorier.dk\/wp-content\/uploads\/2023\/12\/Unavngivet-300x233.jpg 300w, https:\/\/lysbrohistorier.dk\/wp-content\/uploads\/2023\/12\/Unavngivet-24x19.jpg 24w, https:\/\/lysbrohistorier.dk\/wp-content\/uploads\/2023\/12\/Unavngivet-36x28.jpg 36w, https:\/\/lysbrohistorier.dk\/wp-content\/uploads\/2023\/12\/Unavngivet-48x37.jpg 48w\" sizes=\"auto, (max-width: 680px) 100vw, 680px\" \/><figcaption class=\"wp-element-caption\">Midtjyllandsavis  21.juni 2011  Hestegang ved S\u00f8lund teglv\u00e6rk  Foto Jacob Stigsen Andersen<\/figcaption><\/figure>\n\n\n\n<p><strong>\u00d8rns\u00f8 Teglv\u00e6rk 1860 &#8211; 1933.<\/strong><\/p>\n\n\n\n<p>1892-1900 ejer Chr. Christiansen, &#8211; opgiver produktion, grundet lermangel.<\/p>\n\n\n\n<p>10 \u00e5r efter Silkeborg Bads start (1883) begynder man med pensionat, \u201dPensionat \u00d8rns\u00f8 Teglv\u00e6rk\u201d-1935)<\/p>\n\n\n\n<p>1918-? ejer Niels Jensen&nbsp; &#8211;&nbsp; 1922 &#8211; 1935 Varde Bank.<\/p>\n\n\n\n<p>Lutgemaier er ejer i 1929, bor Gjess\u00f8vej 15 &nbsp;(Vestervang)<\/p>\n\n\n\n<p>15 mand arbejder i 1941 p\u00e5 planering teglv\u00e6rksgrunden.&nbsp;&nbsp; &#8211;&nbsp; besk\u00e6ftiggelsesjob.<\/p>\n\n\n\n<p>1946 &#8211;&nbsp; Er stadig medlem i salgsforeningen, men i restance.<\/p>\n\n\n\n<p><strong>Vinther`s Teglv\u00e6rk, 1870 ? &#8211; 1911.<\/strong><\/p>\n\n\n\n<p>I bogen Balle Sogn af Rasmus Mortensen, berettes om et teglv\u00e6rk beliggende mellem Lysbro Skole og Hvinningdal, ejet af gdr. Hans Vinther og senere s\u00f8n Anders Vinther, s\u00e6lger til Niels Lund der i 1900 bliver medejer af De ForenedeTeglv\u00e6ker. &#8211; Teglv\u00e6rket bliver nedlagt i 1911 da ingn. Munther (ejer) k\u00f8ber Lysbro teglv\u00e6rk. &#8211; Om lerbanen og broen over M\u00f8lleb\u00e6kken (broen er bevaret) etableres her eller det er sket tidligere vides ikke.<\/p>\n\n\n\n<p>Der fort\u00e6lles ogs\u00e5 at gdr. Hans Vinther i 1865 s\u00e6lger grund (2 tdl.) til k\u00f8bmand Carl Knap for 100 rigsdaler, syd for M\u00f8lleb\u00e6k.&nbsp; &#8211;&nbsp; Her starter han Kradsm\u00f8lle (karte og spinderi) som senere anvendes af fabrikant Commishau, fabrikken nedl\u00e6gges i ca.1900.&nbsp;&nbsp; &#8211;&nbsp; (Commischau Drewsensvej i 1883, &#8211; Vandt\u00e5rn,&nbsp; arkt. Anton Rosen)<\/p>\n\n\n\n<p>I \u00f8vrigt er teglv\u00e6rksejer Anders Vinther medejer af Vestergade 25 i 1889 &#8211; 93.  ( I 2023 Sparekassen Kronjylland )<\/p>\n\n\n\n<p><strong>Vinderslevgaard Teglv\u00e6rk&nbsp; 1871 &#8211; ????<\/strong><br>Ca. 1915 dir. Siim og fru Katrine,&nbsp; &#8211; s\u00f8nner ?&nbsp; Bjarne og Gunnar Siim,&nbsp; b\u00f8rn Bruno og Helga Siim.<\/p>\n\n\n\n<p>Gunnar Siim er 1944 teglv\u00e6rksformand &#8211; Lysbro Teglv\u00e6rk.<\/p>\n\n\n\n<p>Bliver likvideret 29.08.1944 p\u00e5 rest. Hatten\u00e6s, var mist\u00e6nkt for samarbejde med bes\u00e6ttelsesmagten.<\/p>\n\n\n\n<p><strong>Galten Teglv\u00e6rk.&nbsp; 1871 &#8211; 2000?<\/strong><br>Ca. 1850 indvandrede teglbr\u00e6nder, Hermann Niebuhr fra Hannover til omr\u00e5det H\u00f8jbjerg ved Ans.<\/p>\n\n\n\n<p>Leverer sten til hospitalet i Gr\u00f8nb\u00e6k.&nbsp; &#8211;&nbsp; Fra 1978 Nyreforeningens feriehus.<\/p>\n\n\n\n<p>Nogen \u00e5r senere kommer hans to \u00e6ldste s\u00f8nner, Freidrich Wilhelm og Hermann Christhoper ham til hj\u00e6lp.<\/p>\n\n\n\n<p>1871 k\u00f8ber F.W. Niebuhr en ejendom ved Galten ( Silkeborgvej 109) og begynder og br\u00e6nde tegl.<\/p>\n\n\n\n<p>I 1908 bliver det et familieselskab med Jens Hermann som direkt\u00f8r. En arbejdsplads til 25-30 mand.<\/p>\n\n\n\n<p>V\u00e6rket bliver specialister i alt med r\u00f8r (ogs\u00e5 som vinreol) og er til sidst ene om produktion i Jylland og Fyn.<\/p>\n\n\n\n<p>Sidste ejer og direkt\u00f8r er Willy Niebuhr Johansen, datter&nbsp;&nbsp;&nbsp;&nbsp; ??? Niebuhr har hele sit voksenliv boet i Lysbro.<\/p>\n\n\n\n<p>Teglmester Niebuhr, Silkeborg Teglv\u00e6rk 1899.<\/p>\n\n\n\n<p>M. Niebuhr,&nbsp; formand i Arbejdsm\u00e6ndenes fagforening, Lysbro 1922.<\/p>\n\n\n\n<p><strong>Sejlgaard Teglv\u00e6rk 1875 &#8211; 1910.<\/strong><\/p>\n\n\n\n<p>Etatsr\u00e5d M. Pagh Brun bliver ejer af Sejlg\u00e5rd i 1854, bor i Viborg &#8211; M. Pagh Brun var f\u00f8rst i 1840`erne meget interesseret i at overtage Silkeborg Hovedg\u00e5rd, han ville etablere en kl\u00e6defabrik ved \u00e5en, men Drewsen kom ham i fork\u00f8bet.<\/p>\n\n\n\n<p>Efter k\u00f8bet af Sejlg\u00e5rd fors\u00f8gte man at etablere kl\u00e6defabrikken ved Funder \u00c5, men det lykkedes ikke og det blev fortsat teglv\u00e6rks og mergel industrien der sammen med g\u00e5rdens drift gav udkommet.<\/p>\n\n\n\n<p>&#8211;&nbsp; 1884-1910 er det arvingerne og de sidste 10 \u00e5r Bertil Brun.<\/p>\n\n\n\n<p>1878-1910 er kaptajn A.C. Pape forpagter og driver ogs\u00e5 landbruget.&nbsp; Ejner Hesel er forvalter i slutningen af teglv\u00e6rkets drift. &#8211;&nbsp; Teglv\u00e6rket har ligget s\u00e5 man i begyndelsen har kunnet udnytte Funder \u00c5 som drivkraft til produktionen, udover teglproduktion var det ogs\u00e5 en af Danmarks st\u00f8rste mergelgrave (10-12 banevogne om dagen) med privat spor til Funder station.<\/p>\n\n\n\n<figure class=\"wp-block-image size-full\"><img loading=\"lazy\" decoding=\"async\" width=\"983\" height=\"702\" src=\"http:\/\/lysbrohistorier.dk\/wp-content\/uploads\/2024\/12\/Sejlgaard-XXXXXX.jpg\" alt=\"\" class=\"wp-image-1877\" srcset=\"https:\/\/lysbrohistorier.dk\/wp-content\/uploads\/2024\/12\/Sejlgaard-XXXXXX.jpg 983w, https:\/\/lysbrohistorier.dk\/wp-content\/uploads\/2024\/12\/Sejlgaard-XXXXXX-300x214.jpg 300w, https:\/\/lysbrohistorier.dk\/wp-content\/uploads\/2024\/12\/Sejlgaard-XXXXXX-768x548.jpg 768w, https:\/\/lysbrohistorier.dk\/wp-content\/uploads\/2024\/12\/Sejlgaard-XXXXXX-24x17.jpg 24w, https:\/\/lysbrohistorier.dk\/wp-content\/uploads\/2024\/12\/Sejlgaard-XXXXXX-36x26.jpg 36w, https:\/\/lysbrohistorier.dk\/wp-content\/uploads\/2024\/12\/Sejlgaard-XXXXXX-48x34.jpg 48w\" sizes=\"auto, (max-width: 983px) 100vw, 983px\" \/><\/figure>\n\n\n\n<p>Sejlgaard (1723) i Funder overtages i 1941 af busfabrikant&nbsp; J.W. Darr&nbsp; (1887 1966)&nbsp; &#8211;&nbsp; og derefter i 2001 af fabrikant Knud Gasbjerg som startede sin virksomhed Gadan mejerimaskineri Lysbro\/Knudlund og senere Siltec i Funder.<\/p>\n\n\n\n<p>I 2020 arbejdes der med lokalplan til boliger p\u00e5 Sejlg\u00e5rds jorder.<\/p>\n<\/div>\n<\/div>\n","protected":false},"excerpt":{"rendered":"<p>Silkeborg Teglovn&nbsp; 1842-1890. Silkeborg Teglovn n\u00e6vnes i 1560, da kongen holder Hans Johanss\u00f8n p\u00e5 Silkeborg Slot ansvarlig for teglovnen, til geng\u00e6ld for halvdelen af fortjenesten. I 1577 er det Manderup Parsberg der g\u00f8res ansvarlig. Begge m\u00e5 kun bruge birk og vindf\u00e6lder som br\u00e6nde. Der er overhugst i skovene. (den nordiske syv\u00e5rskrig 1563) I 1586 f\u00e5r [&hellip;]<\/p>\n","protected":false},"author":1,"featured_media":0,"parent":53,"menu_order":0,"comment_status":"closed","ping_status":"closed","template":"","meta":{"site-sidebar-layout":"no-sidebar","site-content-layout":"narrow-container","ast-site-content-layout":"default","site-content-style":"default","site-sidebar-style":"default","ast-global-header-display":"","ast-banner-title-visibility":"","ast-main-header-display":"","ast-hfb-above-header-display":"","ast-hfb-below-header-display":"","ast-hfb-mobile-header-display":"","site-post-title":"","ast-breadcrumbs-content":"","ast-featured-img":"","footer-sml-layout":"","ast-disable-related-posts":"","theme-transparent-header-meta":"","adv-header-id-meta":"","stick-header-meta":"","header-above-stick-meta":"","header-main-stick-meta":"","header-below-stick-meta":"","astra-migrate-meta-layouts":"default","ast-page-background-enabled":"default","ast-page-background-meta":{"desktop":{"background-color":"var(--ast-global-color-4)","background-image":"","background-repeat":"repeat","background-position":"center center","background-size":"auto","background-attachment":"scroll","background-type":"","background-media":"","overlay-type":"","overlay-color":"","overlay-opacity":"","overlay-gradient":""},"tablet":{"background-color":"","background-image":"","background-repeat":"repeat","background-position":"center center","background-size":"auto","background-attachment":"scroll","background-type":"","background-media":"","overlay-type":"","overlay-color":"","overlay-opacity":"","overlay-gradient":""},"mobile":{"background-color":"","background-image":"","background-repeat":"repeat","background-position":"center center","background-size":"auto","background-attachment":"scroll","background-type":"","background-media":"","overlay-type":"","overlay-color":"","overlay-opacity":"","overlay-gradient":""}},"ast-content-background-meta":{"desktop":{"background-color":"var(--ast-global-color-5)","background-image":"","background-repeat":"repeat","background-position":"center center","background-size":"auto","background-attachment":"scroll","background-type":"","background-media":"","overlay-type":"","overlay-color":"","overlay-opacity":"","overlay-gradient":""},"tablet":{"background-color":"var(--ast-global-color-5)","background-image":"","background-repeat":"repeat","background-position":"center center","background-size":"auto","background-attachment":"scroll","background-type":"","background-media":"","overlay-type":"","overlay-color":"","overlay-opacity":"","overlay-gradient":""},"mobile":{"background-color":"var(--ast-global-color-5)","background-image":"","background-repeat":"repeat","background-position":"center center","background-size":"auto","background-attachment":"scroll","background-type":"","background-media":"","overlay-type":"","overlay-color":"","overlay-opacity":"","overlay-gradient":""}},"footnotes":""},"class_list":["post-102","page","type-page","status-publish","hentry"],"_links":{"self":[{"href":"https:\/\/lysbrohistorier.dk\/index.php\/wp-json\/wp\/v2\/pages\/102","targetHints":{"allow":["GET"]}}],"collection":[{"href":"https:\/\/lysbrohistorier.dk\/index.php\/wp-json\/wp\/v2\/pages"}],"about":[{"href":"https:\/\/lysbrohistorier.dk\/index.php\/wp-json\/wp\/v2\/types\/page"}],"author":[{"embeddable":true,"href":"https:\/\/lysbrohistorier.dk\/index.php\/wp-json\/wp\/v2\/users\/1"}],"replies":[{"embeddable":true,"href":"https:\/\/lysbrohistorier.dk\/index.php\/wp-json\/wp\/v2\/comments?post=102"}],"version-history":[{"count":8,"href":"https:\/\/lysbrohistorier.dk\/index.php\/wp-json\/wp\/v2\/pages\/102\/revisions"}],"predecessor-version":[{"id":1884,"href":"https:\/\/lysbrohistorier.dk\/index.php\/wp-json\/wp\/v2\/pages\/102\/revisions\/1884"}],"up":[{"embeddable":true,"href":"https:\/\/lysbrohistorier.dk\/index.php\/wp-json\/wp\/v2\/pages\/53"}],"wp:attachment":[{"href":"https:\/\/lysbrohistorier.dk\/index.php\/wp-json\/wp\/v2\/media?parent=102"}],"curies":[{"name":"wp","href":"https:\/\/api.w.org\/{rel}","templated":true}]}}