{"id":1737,"date":"2024-06-07T16:15:47","date_gmt":"2024-06-07T16:15:47","guid":{"rendered":"https:\/\/lysbrohistorier.dk\/?page_id=1737"},"modified":"2024-06-10T09:56:28","modified_gmt":"2024-06-10T09:56:28","slug":"lysbro-boldklub-m-m","status":"publish","type":"page","link":"https:\/\/lysbrohistorier.dk\/index.php\/lysbro-boldklub-m-m\/","title":{"rendered":"Lysbro boldklub m.m."},"content":{"rendered":"<p><strong>Lysbro Boldklub&nbsp; 1 maj 1932<\/strong><strong>&nbsp; \u2013 1932 \/ 1947<\/strong>&nbsp;&nbsp; \u2013&nbsp;&nbsp; ingen b\u00f8ger<\/p>\n<p>\u2013&nbsp; (Sportsplads ved skolen indviet i 1942)<\/p>\n<p><\/p>\n<p><strong>Lysbro Gymnastikforening&nbsp;<\/strong><strong>&nbsp;\u2013 &nbsp;1947 \u2013 1958<\/strong><strong>&nbsp;<\/strong>&nbsp;&nbsp;<strong>&nbsp;\u2013&nbsp;&nbsp;<\/strong>b\u00f8ger findes&nbsp;&nbsp;<strong>&nbsp;&nbsp;&nbsp;&nbsp;&nbsp;&nbsp;&nbsp;<\/strong><\/p>\n<p>Forhandlingsbog Lysbro Boldklub 18 marts 1947, generalforsamling<\/p>\n<p>9 sept. 1947 stiftende generalforsamling, de 2 klubber fusioneres<\/p>\n<p>4 marts 1958 Gerda Hegelund slutter bogen, foreningen stilles i bero.<\/p>\n<p><strong>Lysbro Gymnastikforening&nbsp;<\/strong><strong>&nbsp;\u2013 1965 \u2013 1980<\/strong><\/p>\n<p>Gerda og Peder Hegelund, Gunnar Madsen, Erik Gr\u00f8ndal (kasserer) Kirsten og Orla `Bager`, Kaj post, Elo Jensen, Erling Korsbakke&nbsp; m. m. fl.<\/p>\n<p>(Lysbro&nbsp; Skole lukkes 1960 , overg\u00e5r til amt (Eksternatskole) som ikke tillader gymnastik ? )&nbsp;&nbsp;&nbsp;&nbsp;&nbsp;&nbsp;&nbsp;<\/p>\n<p>Det forblev nu en mindre del af aktiviteterne. En del af gamet var spiltimerne, hvor kommunen begyndte og blande sig og ydermere kom `Arbejder Adler` til og skulle have timer. S\u00e5 som s\u00e5 kom det til at g\u00e5 ud over de `ledige\u00b4 timer b\u00f8rnene havde gl\u00e6de af.&nbsp; N\u00f8gler til skolehallen skulle hentes hos Gerda og Peder Hegelund og timetildeling var bl. flere Gunnar Madsen, og da det skulle digitaliseres m\u00e5tte nok v\u00e6re nok og opgaven blev overladt til Claus Rytter.<\/p>\n<p><strong>Lysbro Gymnastikforening&nbsp;<\/strong><strong>&nbsp;\u2013&nbsp;&nbsp;&nbsp;<\/strong>&nbsp;&nbsp;<strong>1980-&nbsp; 2020<\/strong>&nbsp;<strong>&nbsp;\u2013<\/strong><strong>&nbsp;Claus Sehested Rytter<\/strong><\/p>\n<p>Kassebog\/bilag&nbsp; 1980 \u2013 2014. \u2013&nbsp; Claus, Henning m\u00f8des 15 maj 2024 hos Nina.<\/p>\n<h5 class=\"wp-block-heading\">Claus er sp\u00e6ndende fort\u00e6ller og har en fort\u00e6lling om sin barndom og virke i Lysbro, som kan l\u00e6ses <a href=\"https:\/\/lysbrohistorier.dk\/index.php\/claus-sehested-rytter-fortaeller\/\">her<\/a><\/h5>\n\n\n<p><\/p>\n\n\n\n<p><\/p>\n\n\n\n<p><\/p>\n\n\n\n<p><\/p>\n\n\n<p>Efter et l\u00e6ngere ophold p\u00e5 Gunnar Madsens loft afleverer vi protokoller m.v . til Silkeborg arkiv 17. maj 2024<\/p>\n<h6>Lysbro Badminton klub \u2013 2020\u00a0 Lisa di Boscio<\/h6>\n<p>Lisa er nu tovholder for de timer der blev tildelt Lysbro Fodboldklub p\u00e5 Lysbro Skole i 1932, i dag er det rent badminton der er aktivitet i klubben.<strong>\u00a0<\/strong><\/p>\n<div class=\"wp-block-columns is-layout-flex wp-container-11\">\n<div class=\"wp-block-column is-layout-flow\">\n<h3 class=\"wp-block-heading\">\u00a0<\/h3>\n<h6 class=\"wp-block-heading\">Lysbro Boldklub\u00a0<\/h6>\n<h6 class=\"wp-block-heading\">Stiftende generalforsamling 1. maj 1932<\/h6>\n<h6 class=\"wp-block-heading\">Lysbro Gymnastikforening \/ Badminton<\/h6>\n<p>11 januar 2024 tager Gerda M\u00f8ller Hegelund afsked med et langt og begivenheds rigt liv.<\/p>\n<p>Gerda var gift med Peter Hegelund, driftsleder fra 1951 p\u00e5 Svend Lautrops Lysbro Teglv\u00e6rk.<\/p>\n<p>Efter at v\u00e6re blevet alene, s\u00e6lger Gerda villaen Lysbrogade 40 (1952)\u00a0 i 2001 og overlader diverse<\/p>\n<p>klubmaterialer og en fane til Gunnar Madsen.<\/p>\n<p>Hun er sidste skribent i Lysbro Boldklub\u00b4s\u00a0 forhandlingsbog den 4 marts 1958.<\/p>\n<p>Og da er det besluttet at stille Lysbro Boldklub i bero indtil videre.<\/p>\n<p>15 januar ringer Gunnar p\u00e5 d\u00f8ren, og fort\u00e6ller at b\u00f8ger og fane har ligget p\u00e5 loftet i de mange \u00e5r,<\/p>\n<p>\u2013\u00a0 og hvad nu\u00a0 ?<\/p>\n<p>Desv\u00e6rre er der et slip i Lysbro Boldklub\u00b4s protokol og regnskab fra\u00a0 1 maj 1932 til 17 marts 1947.<\/p>\n<p>P\u00e5 f\u00e6lles bestyrelsesm\u00f8de p\u00e5 Hotel Lysbro 25 august 1947 tr\u00e6ffes endelig beslutning om at sammenslutte Lysbro Boldklub med\u00a0 Lysbro Gymnastikforeningen, og det sker p\u00e5 generalforsamling 9 sept. 1947. Lysbro Gymnastikforeningen har Fane og det er navnet p\u00e5 foreningen derefter.\u00a0<\/p>\n<p><img loading=\"lazy\" decoding=\"async\" class=\"alignnone size-full wp-image-1754\" src=\"http:\/\/lysbrohistorier.dk\/wp-content\/uploads\/2024\/06\/Fane-1943-scaled.jpg\" alt=\"\" width=\"2560\" height=\"1920\" srcset=\"https:\/\/lysbrohistorier.dk\/wp-content\/uploads\/2024\/06\/Fane-1943-scaled.jpg 2560w, https:\/\/lysbrohistorier.dk\/wp-content\/uploads\/2024\/06\/Fane-1943-300x225.jpg 300w, https:\/\/lysbrohistorier.dk\/wp-content\/uploads\/2024\/06\/Fane-1943-1024x768.jpg 1024w, https:\/\/lysbrohistorier.dk\/wp-content\/uploads\/2024\/06\/Fane-1943-768x576.jpg 768w, https:\/\/lysbrohistorier.dk\/wp-content\/uploads\/2024\/06\/Fane-1943-1536x1152.jpg 1536w, https:\/\/lysbrohistorier.dk\/wp-content\/uploads\/2024\/06\/Fane-1943-2048x1536.jpg 2048w, https:\/\/lysbrohistorier.dk\/wp-content\/uploads\/2024\/06\/Fane-1943-24x18.jpg 24w, https:\/\/lysbrohistorier.dk\/wp-content\/uploads\/2024\/06\/Fane-1943-36x27.jpg 36w, https:\/\/lysbrohistorier.dk\/wp-content\/uploads\/2024\/06\/Fane-1943-48x36.jpg 48w\" sizes=\"auto, (max-width: 2560px) 100vw, 2560px\" \/><\/p>\n<p>Men b\u00f8gerne her viser det at det har v\u00e6ret en alsidig opgave at v\u00e6re bestyrelse i en boldklub.<\/p>\n<p>Det er op ad bakke med st\u00f8tte udefra (ogs\u00e5 kommunen), s\u00e5 der m\u00e5 kreativitet til med j\u00e6vnlige diverse lotterier, og baller p\u00e5 Lysbro Hotel, Astorie p\u00e5 Torvet, Funder forsamlingshus, med deraf forberedelse og afvikling.<\/p>\n<p>Fodbold kr\u00e6vede ogs\u00e5 sin mand og holde styr p\u00e5 , med tr\u00e6ning, spilledragter\/vask, stille hold, turneringer, dommere, alverdens protester og meget mere.<\/p>\n<p>Man topper i 1953-54 med 491 medlemmer, med adresser viden omkring, men okt. 1959 er medlemstallet skrumpet til 166.<\/p>\n<p><strong>Folkedans\u00a0 ??????<\/strong><\/p>\n<p>I 1965 ca. f\u00e5r Gunnar og Erik Gr\u00f8ndal (LysbroT\u00f8mreren)\u00a0 tildelt timer til badminton i Lysbro Skole\u00b4s idr\u00e6tshal.\u00a0 Med i klubben er ogs\u00e5 Orla `Bager`, Erling Korsbakke, Kaj `Post` og Elo Jensen (Autov\u00e6rksted).\u00a0 \u2013\u00a0 Erik er i en periode kasserer i foreningen.<\/p>\n<p>Det fort\u00e6lles at efter skolen bliver overtaget af Amtet i 1960, tillades der ikke gymnastik hallen\u00a0 ?.<\/p>\n<p>I 1980 tager Claus Rytter (1960) over, i Lysbro Gymnastikforening, han er f\u00f8dt og opvokset i Lysbro.<\/p>\n<p>Oldefar Thorvald Rytter (1889-1951) drev landbrug p\u00e5 ejendommen Hvinningdalvej 49-51 og arbejdede ligeledes p\u00e5 B\u00f8gild Teglv\u00e6rk. Vagn Lihn har beskrevet alle ejendomme i Hvinningdal, og ogs\u00e5 Rytter sl\u00e6gten, som kan ses p\u00e5 Silkeborg Lokalh. Arkiv.<\/p>\n<p>Claus`s mor har boet i over 60 \u00e5r i samme lejlighed i Vestervang (Herningvej 52-54) og herfra s\u00e5 Claus Rytter`s oplevelser i Lysbro.<\/p>\n<p>I 2020 er det s\u00e5 Lisa di Boscio M\u00f8lleb\u00e6kken 4 der `bestyrer` butikken, og det er vel og m\u00e6rke de timer Gunnar og Erik fik tildelt i\u00a0 (1932) \/ 1973\u00a0 ?<\/p>\n<p>Gunnar Madsen bygger villaen p\u00e5 Lysbrogade 11 i 1965, arbejde da hos entrepren\u00f8rfirmaet Haufort og det er brobyggerier p\u00e5 Fyn og Jylland, s\u00e5 ikke meget hjemme i ugens l\u00f8b.<\/p>\n<p>S\u00e5 Karin Ida er tovholder for hjemmet, b\u00f8rnene Kirsten, ? og J\u00f8rgen og 12 \u00e5r i bagerbutikken hos Kirsten og Orla Hansen<\/p>\n<p>Gunnar fort\u00e6ller ogs\u00e5 \u00f8konomien i gymnastikforeningen mange gange var tr\u00e6ngt og at Silkeborg Kommune ikke var s\u00e6rlig velvillige, som ogs\u00e5 n\u00e6vnes i Forhandlingsbogen.<\/p>\n<p>Men min gode nabo Erling Korsbakke havde et godt \u00f8je til hvad blev kasseret i de `store klubber` inde i byen, s\u00e5 det tog foreningen gladelig til takke med.<\/p>\n<h5 class=\"wp-block-heading\"><strong>Lysbro Folkedansere<\/strong><\/h5>\n<p>Lysbro Folkedansere bliver stiftet den 8 aug. 1947 if\u00f8lge protokol p\u00e5 Silkeborg arkiv.<\/p>\n<div class=\"wp-block-columns is-layout-flex wp-container-9\">\n<div class=\"wp-block-column is-layout-flow\">\n<figure class=\"wp-block-image size-large\"><img loading=\"lazy\" decoding=\"async\" class=\"wp-image-1750\" src=\"http:\/\/lysbrohistorier.dk\/wp-content\/uploads\/2024\/06\/002-819x1024.jpg\" sizes=\"auto, (max-width: 819px) 100vw, 819px\" srcset=\"https:\/\/lysbrohistorier.dk\/wp-content\/uploads\/2024\/06\/002-819x1024.jpg 819w, https:\/\/lysbrohistorier.dk\/wp-content\/uploads\/2024\/06\/002-240x300.jpg 240w, https:\/\/lysbrohistorier.dk\/wp-content\/uploads\/2024\/06\/002-768x961.jpg 768w, https:\/\/lysbrohistorier.dk\/wp-content\/uploads\/2024\/06\/002-1228x1536.jpg 1228w, https:\/\/lysbrohistorier.dk\/wp-content\/uploads\/2024\/06\/002-19x24.jpg 19w, https:\/\/lysbrohistorier.dk\/wp-content\/uploads\/2024\/06\/002-29x36.jpg 29w, https:\/\/lysbrohistorier.dk\/wp-content\/uploads\/2024\/06\/002-38x48.jpg 38w, https:\/\/lysbrohistorier.dk\/wp-content\/uploads\/2024\/06\/002.jpg 1279w\" alt=\"\" width=\"819\" height=\"1024\" \/>\n<figcaption class=\"wp-element-caption\">Vedt\u00e6gter Folkedans Lysbro<\/figcaption>\n<\/figure>\n<\/div>\n<div class=\"wp-block-column is-layout-flow\">\n<figure class=\"wp-block-image size-large\"><img loading=\"lazy\" decoding=\"async\" class=\"wp-image-1751\" src=\"http:\/\/lysbrohistorier.dk\/wp-content\/uploads\/2024\/06\/001-990x1024.jpg\" sizes=\"auto, (max-width: 990px) 100vw, 990px\" srcset=\"https:\/\/lysbrohistorier.dk\/wp-content\/uploads\/2024\/06\/001-990x1024.jpg 990w, https:\/\/lysbrohistorier.dk\/wp-content\/uploads\/2024\/06\/001-290x300.jpg 290w, https:\/\/lysbrohistorier.dk\/wp-content\/uploads\/2024\/06\/001-768x794.jpg 768w, https:\/\/lysbrohistorier.dk\/wp-content\/uploads\/2024\/06\/001-1485x1536.jpg 1485w, https:\/\/lysbrohistorier.dk\/wp-content\/uploads\/2024\/06\/001-24x24.jpg 24w, https:\/\/lysbrohistorier.dk\/wp-content\/uploads\/2024\/06\/001-36x36.jpg 36w, https:\/\/lysbrohistorier.dk\/wp-content\/uploads\/2024\/06\/001-46x48.jpg 46w, https:\/\/lysbrohistorier.dk\/wp-content\/uploads\/2024\/06\/001.jpg 1547w\" alt=\"\" width=\"990\" height=\"1024\" \/>\n<p>\u00a0<\/p>\n<figcaption class=\"wp-element-caption\">Diskussion om folkedragter<\/figcaption>\n<\/figure>\n<\/div>\n<\/div>\n<p>Man holder sine m\u00f8der og generalforsamlinger p\u00e5 Cafe Langhoff, og j\u00e6vnligt p\u00e5 programmet er den `rigtige` folkedragt. \u2013\u00a0 I 1957 fejres der med stor 10 \u00e5rsjubil\u00e6umsfest.<\/p>\n<p>23 juni 1970 er der sct. Hansfest hos Else og Tage i haven p\u00e5 den gamle bindingsv\u00e6rksg\u00e5rd i Sinding, her medvirker Lysbro Folkedansere med `Leigstow` opvisning, der er 300 g\u00e6ster m\u00f8dt op.<\/p>\n<p>Danseaftener har foreg\u00e5et flere forskellige steder som, Hotel Lysbro, Sinding, Sejling, Voel og Lunden m. fl.<\/p>\n<p>Fra 1 januar 2024 fusionerer Lysbro Folkedansere og Silkeborg og Omegns Folkedansere, af tekniske grunde til nyt navn, Folkedans Silkeborg.<\/p>\n<p>Det vil v\u00e6re sk\u00f8nt om nogen \u00e6ldre medlemmer kunne bidrage med yderlige oplysninger.<\/p>\n<p><strong>Lysbro Borgerforening.<\/strong><\/p>\n<p>Lysbro Borgerforening er stiftet i 1929\u00a0 \u2013\u00a0 og der er 20 \u00e5rs stiftelsesfest den 15 okt. 1949.<\/p>\n<p><strong>Teglv\u00e6rksklubben.<\/strong><\/p>\n<p>Er der nogen der har oplysninger her\u00a0 ?\u00a0 \u2013 der var Klubfester p\u00e5 Hotel Lysbro midt 1950`erne\u00a0\u00a0 \u2013 mine for\u00e6ldre deltog.<\/p>\n<p>\/Henning<\/p>\n<\/div>\n<\/div>","protected":false},"excerpt":{"rendered":"<p>Lysbro Boldklub&nbsp; 1 maj 1932&nbsp; \u2013 1932 \/ 1947&nbsp;&nbsp; \u2013&nbsp;&nbsp; ingen b\u00f8ger \u2013&nbsp; (Sportsplads ved skolen indviet i 1942) Lysbro Gymnastikforening&nbsp;&nbsp;\u2013 &nbsp;1947 \u2013 1958&nbsp;&nbsp;&nbsp;&nbsp;\u2013&nbsp;&nbsp;b\u00f8ger findes&nbsp;&nbsp;&nbsp;&nbsp;&nbsp;&nbsp;&nbsp;&nbsp;&nbsp; Forhandlingsbog Lysbro Boldklub 18 marts 1947, generalforsamling 9 sept. 1947 stiftende generalforsamling, de 2 klubber fusioneres 4 marts 1958 Gerda Hegelund slutter bogen, foreningen stilles i bero. Lysbro Gymnastikforening&nbsp;&nbsp;\u2013 1965 [&hellip;]<\/p>\n","protected":false},"author":1,"featured_media":0,"parent":0,"menu_order":0,"comment_status":"closed","ping_status":"closed","template":"","meta":{"site-sidebar-layout":"no-sidebar","site-content-layout":"narrow-container","ast-site-content-layout":"default","site-content-style":"default","site-sidebar-style":"default","ast-global-header-display":"","ast-banner-title-visibility":"","ast-main-header-display":"","ast-hfb-above-header-display":"","ast-hfb-below-header-display":"","ast-hfb-mobile-header-display":"","site-post-title":"","ast-breadcrumbs-content":"","ast-featured-img":"","footer-sml-layout":"","ast-disable-related-posts":"","theme-transparent-header-meta":"","adv-header-id-meta":"","stick-header-meta":"","header-above-stick-meta":"","header-main-stick-meta":"","header-below-stick-meta":"","astra-migrate-meta-layouts":"default","ast-page-background-enabled":"default","ast-page-background-meta":{"desktop":{"background-color":"var(--ast-global-color-4)","background-image":"","background-repeat":"repeat","background-position":"center center","background-size":"auto","background-attachment":"scroll","background-type":"","background-media":"","overlay-type":"","overlay-color":"","overlay-opacity":"","overlay-gradient":""},"tablet":{"background-color":"","background-image":"","background-repeat":"repeat","background-position":"center center","background-size":"auto","background-attachment":"scroll","background-type":"","background-media":"","overlay-type":"","overlay-color":"","overlay-opacity":"","overlay-gradient":""},"mobile":{"background-color":"","background-image":"","background-repeat":"repeat","background-position":"center center","background-size":"auto","background-attachment":"scroll","background-type":"","background-media":"","overlay-type":"","overlay-color":"","overlay-opacity":"","overlay-gradient":""}},"ast-content-background-meta":{"desktop":{"background-color":"var(--ast-global-color-5)","background-image":"","background-repeat":"repeat","background-position":"center center","background-size":"auto","background-attachment":"scroll","background-type":"","background-media":"","overlay-type":"","overlay-color":"","overlay-opacity":"","overlay-gradient":""},"tablet":{"background-color":"var(--ast-global-color-5)","background-image":"","background-repeat":"repeat","background-position":"center center","background-size":"auto","background-attachment":"scroll","background-type":"","background-media":"","overlay-type":"","overlay-color":"","overlay-opacity":"","overlay-gradient":""},"mobile":{"background-color":"var(--ast-global-color-5)","background-image":"","background-repeat":"repeat","background-position":"center center","background-size":"auto","background-attachment":"scroll","background-type":"","background-media":"","overlay-type":"","overlay-color":"","overlay-opacity":"","overlay-gradient":""}},"footnotes":""},"class_list":["post-1737","page","type-page","status-publish","hentry"],"_links":{"self":[{"href":"https:\/\/lysbrohistorier.dk\/index.php\/wp-json\/wp\/v2\/pages\/1737","targetHints":{"allow":["GET"]}}],"collection":[{"href":"https:\/\/lysbrohistorier.dk\/index.php\/wp-json\/wp\/v2\/pages"}],"about":[{"href":"https:\/\/lysbrohistorier.dk\/index.php\/wp-json\/wp\/v2\/types\/page"}],"author":[{"embeddable":true,"href":"https:\/\/lysbrohistorier.dk\/index.php\/wp-json\/wp\/v2\/users\/1"}],"replies":[{"embeddable":true,"href":"https:\/\/lysbrohistorier.dk\/index.php\/wp-json\/wp\/v2\/comments?post=1737"}],"version-history":[{"count":22,"href":"https:\/\/lysbrohistorier.dk\/index.php\/wp-json\/wp\/v2\/pages\/1737\/revisions"}],"predecessor-version":[{"id":1812,"href":"https:\/\/lysbrohistorier.dk\/index.php\/wp-json\/wp\/v2\/pages\/1737\/revisions\/1812"}],"wp:attachment":[{"href":"https:\/\/lysbrohistorier.dk\/index.php\/wp-json\/wp\/v2\/media?parent=1737"}],"curies":[{"name":"wp","href":"https:\/\/api.w.org\/{rel}","templated":true}]}}