{"id":1760,"date":"2024-06-07T16:14:40","date_gmt":"2024-06-07T16:14:40","guid":{"rendered":"https:\/\/lysbrohistorier.dk\/?page_id=1760"},"modified":"2024-12-02T13:36:24","modified_gmt":"2024-12-02T13:36:24","slug":"claus-sehested-rytter-fortaeller","status":"publish","type":"page","link":"https:\/\/lysbrohistorier.dk\/index.php\/claus-sehested-rytter-fortaeller\/","title":{"rendered":"Claus Sehested Rytter, barn i Lysbro i 60&#8217;erne"},"content":{"rendered":"\n<p>Overfor B\u00f8gild teglv\u00e6rk p\u00e5 Lysbrogade var \u00bbEngen\u00ab om vinteren blev den ofte oversv\u00f8mmet og n\u00e5r frosten satte ind blev den til tider bundfrossen.<\/p>\n\n\n\n<p>Det bet\u00f8d sk\u00f8jter og anden leg p\u00e5 isen. Leg p\u00e5 stedet var der ogs\u00e5 omkring Sct. Hans . Der blev i l\u00f8bet af for\u00e5ret samlet til b\u00e5l. Der var aktiviteter som \u00bb2 mand frem for en enke\u00ab og naturligvis grill og p\u00f8lser. Var der meget vand, var der kun b\u00e5l og grill blev rykket til andre lokaliteter.<\/p>\n\n\n\n<p>P\u00e5 samme side som tegv\u00e6rket i nr. 27,&nbsp; var der tobaksforretningen. Tror ikke der afsl\u00f8res noget ved at fort\u00e6lle, at den ogs\u00e5 fungerede som \u00bbsmugkro\u00ab ! Indehaveren hed Judithe Mikkelsen.<\/p>\n\n\n\n<figure class=\"wp-block-image size-full is-resized\"><img loading=\"lazy\" decoding=\"async\" src=\"http:\/\/lysbrohistorier.dk\/wp-content\/uploads\/2023\/11\/Lysbrogade-27.png\" alt=\"\" class=\"wp-image-1558\" width=\"296\" height=\"354\" srcset=\"https:\/\/lysbrohistorier.dk\/wp-content\/uploads\/2023\/11\/Lysbrogade-27.png 573w, https:\/\/lysbrohistorier.dk\/wp-content\/uploads\/2023\/11\/Lysbrogade-27-251x300.png 251w, https:\/\/lysbrohistorier.dk\/wp-content\/uploads\/2023\/11\/Lysbrogade-27-20x24.png 20w, https:\/\/lysbrohistorier.dk\/wp-content\/uploads\/2023\/11\/Lysbrogade-27-30x36.png 30w, https:\/\/lysbrohistorier.dk\/wp-content\/uploads\/2023\/11\/Lysbrogade-27-40x48.png 40w\" sizes=\"auto, (max-width: 296px) 100vw, 296px\" \/><figcaption class=\"wp-element-caption\">Tobak butik Lysbrogade 27\nDet Kgl. Bibliotek 1960<\/figcaption><\/figure>\n\n\n\n<p>Der tales\/skrives meget om oversv\u00f8mmelser idag. Det var der alts\u00e5 ogs\u00e5 i 60-70\u00b4erne. B\u00e5de Lys\u00e5 og \u00bbEngen\u00ab . Jeg husker et par \u00e5r, hvor den store gr\u00e6spl\u00e6ne ved Vestervang var under vand. Stisystemet ved den R\u00f8de Bro var ogs\u00e5 altid oversv\u00f8mmet og ved Funder Holme.<\/p>\n\n\n\n<p>Der blev ogs\u00e5 sk\u00e5ret gr\u00f8de, specielt fra svinget i \u00e5en og frem til mundingen til Langs\u00f8.<\/p>\n\n\n\n<p>Og hvor har jeg set den hurtige isfugl mange gange, ved t\u00e5lmodig og stille at sidde og vente ved \u00e5en.<\/p>\n\n\n\n<p>Hotel \/ Kro Lysbro. Der var en overd\u00e6kket bowling\/keglebane i haven. Mens det stod tomt, var det ogs\u00e5 et godt gemme\/legested. Den forfaldt dog mere og mere og blev farlig at opholde sig i.<\/p>\n\n\n\n<p>I 70 erne var der s\u00e5gar striptease. Efter d\u00e5rlig avisomtale, lukker \u00e6gteparret Helga Mortensen og Alexander Volinuvic hotellet. Der foregik mange voldsomme ting op til lukningen. Bla. ville manden selv aflive hunden med et jagtgev\u00e6r. Han ramte hunden men den d\u00f8de ikke. Det gik helt galt &#8230;. f<\/p>\n\n\n\n<p>Der&nbsp;&nbsp; b l e v&nbsp;&nbsp; faktisk opsat en iskiosk og med \u00bbfast food\u00ab<\/p>\n\n\n\n<p>Dansk Autov\u00e6rn var placeret overfor Vestervang ogs\u00e5 et \u00bbforbudt\u00ab sted. var et fantastik legeomr\u00e5de, indtil vi blev opdaget. At klartre rundt og indeni de store r\u00f8r, var et rent slaraffenland. Der blev skudt mange cowboyder og indianer p\u00e5 stedet !<\/p>\n\n\n\n<figure class=\"wp-block-image is-resized\"><img loading=\"lazy\" decoding=\"async\" src=\"http:\/\/lysbrohistorier.dk\/wp-content\/uploads\/2024\/06\/Dansk-Autovaern-150x150.jpg\" alt=\"\" class=\"wp-image-1739\" width=\"300\" height=\"300\"\/><\/figure>\n\n\n\n<p>Badminton. Vi knejter der var teenagere i 70 erne fik lov at spille kvit og frit, hvis der ikke var andre der spillede. Forbi Gerda Hegelund og hente n\u00f8glen. Var der tid fik vi lov, ellers m\u00e5tte vi g\u00e5 igen. Den \u00bbgamle garde\u00ab havde naturligvis forret og med deres \u00bbregler \u00ab ! Da generalforsamlingerne blev afholdt i Medborgerhuset p\u00e5 S\u00f8vej, var det altid med efterf\u00f8lgende kortspil. Det trak ud, til tider meget ud og ikke med stor begejstring fra det personale der skulle lukke og slukke.<\/p>\n\n\n\n<p>Da kommunen fik mere \u00bbmagt\u00ab og selv ville fordele tiderne, var det slut med gratis tider.<\/p>\n\n\n\n<p>De fleste skoleelever var tilknyttet Vestre Skole, s\u00e5 der var en del pendleri til og fra. Ikke mindst igennem skoven.&nbsp; Om sommeren vekslede vi med at bade p\u00e5 Vestre og \u00d8stre badeanstalter. Vestre var vi for det meste med skolen.&nbsp; Der var en smutvej fra Lysbro,&nbsp; ogs\u00e5 tidsm\u00e6ssigt. Det bet\u00f8d dog, at vi skulle over banen (2 p\u00e5 et tidspunkt) og ikke mindst &#8230;&#8230;.. forbi skovtrolden. Jeg husker hans r\u00e5ben og hundenes g\u00f8en, s\u00e5 det gik meget hurtigt det f\u00f8rste stykke ! !&nbsp; <span style=\"font-size: revert; color: var(--ast-global-color-3); background-color: var(--ast-global-color-5);\">Jeg tror aldrig jeg har taget den tur alene og var aldrig med til at drille ham.<\/span><\/p>\n\n\n\n<p>Der fort\u00e6lles:&nbsp; at han p\u00e5 et tidspunkt gik rundt med fine silkehalst\u00f8rkl\u00e6der, hvor teksten skiftede, bl.a.stod der: &#8221; et sidste farvel fra vennerne&#8221;&nbsp; &nbsp;\u00bbHvil i fred\u00ab \u00bbTak for alt\u00ab etc !!!!<\/p>\n\n\n\n<p>At da han var indlagt p\u00e5 sygehuset l\u00e5 han p\u00e5 gangen og r\u00e5bte dagen lang. Man kunne ikke forsvare at have ham liggende p\u00e5 stuer med andre. Det f\u00f8rste han r\u00e5bte p\u00e5 om morgenen var rundstykker og han forsatte dagen lang med forskellige krav. At han var en hyppig g\u00e6st ved p\u00f8lsevognen p\u00e5 Trianlen. Han holdt sig helst til de kogte p\u00f8lser. De var nemmest at bide over, n\u00e5r tands\u00e6ttet ikke var komplet. Ingen var i tvivl om hans ankomst. Knallerten var smaskhamrende ulovlig og larmede af h&#8230; til og k\u00f8rte st\u00e6rkt.<\/p>\n\n\n\n<p>Han kunne ogs\u00e5 godt lide snus. Det kostede jo penge, s\u00e5 n\u00e5r nogen stod ved p\u00f8lsevognen og en r\u00f8g cigar, spurgte han om han kunne f\u00e5 stumpen og efter afk\u00f8ling r\u00f8g den ind bag l\u00e6ben som snus !<\/p>\n\n\n\n<div class=\"wp-block-columns is-layout-flex wp-container-core-columns-is-layout-28f84493 wp-block-columns-is-layout-flex\">\n<div class=\"wp-block-column is-layout-flow wp-block-column-is-layout-flow\">\n<figure class=\"wp-block-image size-large\"><img loading=\"lazy\" decoding=\"async\" width=\"1024\" height=\"675\" src=\"http:\/\/lysbrohistorier.dk\/wp-content\/uploads\/2024\/06\/Silkeborg-Autoophug.-Herningvej.-Lysbro-Skovtrolden-1024x675.jpg\" alt=\"\" class=\"wp-image-1741\" srcset=\"https:\/\/lysbrohistorier.dk\/wp-content\/uploads\/2024\/06\/Silkeborg-Autoophug.-Herningvej.-Lysbro-Skovtrolden-1024x675.jpg 1024w, https:\/\/lysbrohistorier.dk\/wp-content\/uploads\/2024\/06\/Silkeborg-Autoophug.-Herningvej.-Lysbro-Skovtrolden-300x198.jpg 300w, https:\/\/lysbrohistorier.dk\/wp-content\/uploads\/2024\/06\/Silkeborg-Autoophug.-Herningvej.-Lysbro-Skovtrolden-768x506.jpg 768w, https:\/\/lysbrohistorier.dk\/wp-content\/uploads\/2024\/06\/Silkeborg-Autoophug.-Herningvej.-Lysbro-Skovtrolden-1536x1013.jpg 1536w, https:\/\/lysbrohistorier.dk\/wp-content\/uploads\/2024\/06\/Silkeborg-Autoophug.-Herningvej.-Lysbro-Skovtrolden-24x16.jpg 24w, https:\/\/lysbrohistorier.dk\/wp-content\/uploads\/2024\/06\/Silkeborg-Autoophug.-Herningvej.-Lysbro-Skovtrolden-36x24.jpg 36w, https:\/\/lysbrohistorier.dk\/wp-content\/uploads\/2024\/06\/Silkeborg-Autoophug.-Herningvej.-Lysbro-Skovtrolden-48x32.jpg 48w, https:\/\/lysbrohistorier.dk\/wp-content\/uploads\/2024\/06\/Silkeborg-Autoophug.-Herningvej.-Lysbro-Skovtrolden.jpg 2000w\" sizes=\"auto, (max-width: 1024px) 100vw, 1024px\" \/><\/figure>\n<\/div>\n\n\n\n<div class=\"wp-block-column is-layout-flow wp-block-column-is-layout-flow\">\n<figure class=\"wp-block-image size-full\"><img loading=\"lazy\" decoding=\"async\" width=\"1024\" height=\"642\" src=\"http:\/\/lysbrohistorier.dk\/wp-content\/uploads\/2024\/06\/Christian-Ferdenand-Robert-Sanderhoff-1901-1975-Skovtrolden.-ca1970.jpg\" alt=\"\" class=\"wp-image-1742\" srcset=\"https:\/\/lysbrohistorier.dk\/wp-content\/uploads\/2024\/06\/Christian-Ferdenand-Robert-Sanderhoff-1901-1975-Skovtrolden.-ca1970.jpg 1024w, https:\/\/lysbrohistorier.dk\/wp-content\/uploads\/2024\/06\/Christian-Ferdenand-Robert-Sanderhoff-1901-1975-Skovtrolden.-ca1970-300x188.jpg 300w, https:\/\/lysbrohistorier.dk\/wp-content\/uploads\/2024\/06\/Christian-Ferdenand-Robert-Sanderhoff-1901-1975-Skovtrolden.-ca1970-768x482.jpg 768w, https:\/\/lysbrohistorier.dk\/wp-content\/uploads\/2024\/06\/Christian-Ferdenand-Robert-Sanderhoff-1901-1975-Skovtrolden.-ca1970-24x15.jpg 24w, https:\/\/lysbrohistorier.dk\/wp-content\/uploads\/2024\/06\/Christian-Ferdenand-Robert-Sanderhoff-1901-1975-Skovtrolden.-ca1970-36x23.jpg 36w, https:\/\/lysbrohistorier.dk\/wp-content\/uploads\/2024\/06\/Christian-Ferdenand-Robert-Sanderhoff-1901-1975-Skovtrolden.-ca1970-48x30.jpg 48w\" sizes=\"auto, (max-width: 1024px) 100vw, 1024px\" \/><figcaption class=\"wp-element-caption\">Christian Ferdenand Robert Sanderhoff, 1901-1975, Skovtrolden. ca1970<\/figcaption><\/figure>\n<\/div>\n<\/div>\n\n\n\n<!--more-->\n\n\n\n<p>Ved den \u00bbrigtige\u00ab Lysbro Bro p\u00e5 Herningvej, fiskede vi tit. Mest nedenfor men ogs\u00e5 fra banebroerne. I sommerafterne sad vi under broen og kiggede p\u00e5 flagermuse.<\/p>\n\n\n\n<p>Hvis nogen havde b\u00e5d, hvilket jeg var s\u00e5 heldig, at en skolekammerat p\u00e5 Lysbrogade havde, fiskede vi ogs\u00e5 fra den. Nogle somre fiskede vi efter \u00e5l, der var i god kurs hos k\u00f8berne. Jeg spiste\/spiser gerne fisk, men aldrig \u00e5l ! !&nbsp;&nbsp;&nbsp;&nbsp;&nbsp; Trods for\u00e6ldreformaninger, badede vi tit i mundingen ved \u00d8rns\u00f8, hvor vandet stod stille og faktisk var godt varmt. Vi havde jo taget sv\u00f8mmem\u00e6rker p\u00e5 \u00d8stre i de udend\u00f8rsbassinger.&nbsp; Det var for farligt at bade i mundingen til Langs\u00f8 grundet st\u00e6rk str\u00f8m.<\/p>\n\n\n\n<p>Dengang var Silkeborg Bad lukket omr\u00e5de, men med rob\u00e5d kunne vi komme over \u00d8rns\u00f8 og komme til fra bredden. Og naturligvis skulle dette udforskes, lige indtil vi blev opdaget. Vi var altid de hurtigste til at komme til b\u00e5den og v\u00e6k, da opsynet f\u00f8rst skulle ned af det stejle terr\u00e6n. De kunne komme hurtigere ned til Arnakke Kilden men der var ikke farbart ved bredden. Den havde vi regnet ud. Vi gjorde det ene og alene for sjov.<\/p>\n\n\n\n<p>Samme b\u00e5d blev brugt til at \u00bbgennemg\u00e5\u00ab \u00e5en for pantflasker, fra det noget dybe sving mod Langs\u00f8 og s\u00e5 ud mod \u00d8rns\u00f8 . Vi fandt mange flasker og andre m\u00e6rkelige ting der var smidt i \u00e5en. Det tog faktisk et par dage ved kroen, der var godt nok mange flasker og glas fra tidens l\u00f8b.<\/p>\n\n\n\n<p>Lysbro Station. I 70 erne var omr\u00e5det naturligvis ogs\u00e5 en \u00bbforlystelsespark\u00ab Jeg husker ikke vi var inde i selve station, men der var en \u00bbladeplads\u00ab\/rum, eller hvad man kalder det, som kunne bruges.<\/p>\n\n\n\n<p>Abd\u00e9 Pierres Klunsere brugte p\u00e5 et tidspunkt denne bygning og pladsen foran stationen mod Herningvej. Alt muligt jern, gamle ting , t\u00f8j, skrammel og ragelse. Jeg har en kusine i Aalborg der spurgte om jeg kunne finde bl\u00e5 emmeljerede k\u00f8kkenting. Det kunne jeg selvf\u00f8lgelig !<\/p>\n\n\n\n<p>M\u00e6lkemand Abildgaard var en flink mand, der s\u00e5gar bragte m\u00e6lk ud. Midt\/sidst 60 erne skulle min mor v\u00e6re hurtig ved d\u00f8ren, hvis der var bestilt sm\u00f8r, ellers huggede jeg det !<\/p>\n\n\n\n<p>N\u00e5r m\u00e6lkemanden tr\u00e5dte ind i opgangen r\u00e5bte han \u00bbsor der m\u00e6lk\u00ab Jeg undrede mig l\u00e6nge over det der \u00bbsorte m\u00e6lk\u00ab Indtil jeg fandt ud af, at han r\u00e5bte \u00bbS\u00e5 er der m\u00e6lk\u00ab !!<\/p>\n\n\n\n<p>Jeg har i\u00f8vrigt ikke spist sm\u00f8r siden !<\/p>\n\n\n\n<div class=\"wp-block-columns is-layout-flex wp-container-core-columns-is-layout-28f84493 wp-block-columns-is-layout-flex\">\n<div class=\"wp-block-column is-layout-flow wp-block-column-is-layout-flow\">\n<figure class=\"wp-block-image size-large\"><img loading=\"lazy\" decoding=\"async\" width=\"805\" height=\"1024\" src=\"http:\/\/lysbrohistorier.dk\/wp-content\/uploads\/2023\/11\/Herningvej-54-56-ca1950-B3784-805x1024.jpg\" alt=\"\" class=\"wp-image-1576\" srcset=\"https:\/\/lysbrohistorier.dk\/wp-content\/uploads\/2023\/11\/Herningvej-54-56-ca1950-B3784-805x1024.jpg 805w, https:\/\/lysbrohistorier.dk\/wp-content\/uploads\/2023\/11\/Herningvej-54-56-ca1950-B3784-236x300.jpg 236w, https:\/\/lysbrohistorier.dk\/wp-content\/uploads\/2023\/11\/Herningvej-54-56-ca1950-B3784-768x977.jpg 768w, https:\/\/lysbrohistorier.dk\/wp-content\/uploads\/2023\/11\/Herningvej-54-56-ca1950-B3784-19x24.jpg 19w, https:\/\/lysbrohistorier.dk\/wp-content\/uploads\/2023\/11\/Herningvej-54-56-ca1950-B3784-28x36.jpg 28w, https:\/\/lysbrohistorier.dk\/wp-content\/uploads\/2023\/11\/Herningvej-54-56-ca1950-B3784-38x48.jpg 38w, https:\/\/lysbrohistorier.dk\/wp-content\/uploads\/2023\/11\/Herningvej-54-56-ca1950-B3784.jpg 843w\" sizes=\"auto, (max-width: 805px) 100vw, 805px\" \/><figcaption class=\"wp-element-caption\">Herningvej 54-56 ca1950 Morgen m\u00e6lken venter B3784<\/figcaption><\/figure>\n<\/div>\n\n\n\n<div class=\"wp-block-column is-layout-flow wp-block-column-is-layout-flow\">\n<figure class=\"wp-block-image size-full\"><img loading=\"lazy\" decoding=\"async\" width=\"310\" height=\"320\" src=\"http:\/\/lysbrohistorier.dk\/wp-content\/uploads\/2024\/06\/Dalsoegasbeholdere.jpg\" alt=\"\" class=\"wp-image-1746\" srcset=\"https:\/\/lysbrohistorier.dk\/wp-content\/uploads\/2024\/06\/Dalsoegasbeholdere.jpg 310w, https:\/\/lysbrohistorier.dk\/wp-content\/uploads\/2024\/06\/Dalsoegasbeholdere-291x300.jpg 291w, https:\/\/lysbrohistorier.dk\/wp-content\/uploads\/2024\/06\/Dalsoegasbeholdere-24x24.jpg 24w, https:\/\/lysbrohistorier.dk\/wp-content\/uploads\/2024\/06\/Dalsoegasbeholdere-36x36.jpg 36w\" sizes=\"auto, (max-width: 310px) 100vw, 310px\" \/><\/figure>\n<\/div>\n<\/div>\n\n\n\n<p>Fra et vindue i lejligheden&nbsp; kunne jeg kigge ned i g\u00e5rden til Silkeborg Cylinderservice. Der foregik altid et eller andet. Selve v\u00e6rkstedet bestod faktisk helt op i 2000 og 20 erne. Der er idag bygget boliger. I nr. 58 , var der gashandel\/depot,&nbsp; Dals\u00f8 Gas , Svend Aage Christensen, en \u00bbspr\u00e6llemand\u00ab altid sjov og hj\u00e6lpsom. Han havde kontor i k\u00e6lderen , og en enarmet tyvekn\u00e6gt ! Ved den store snestorm i 70 erne, k\u00f8rte han, som mange andre vognm\u00e6nd,&nbsp; sne fra Herningvej i Langs\u00f8. Jeg fik naturligvis lov til at komme med p\u00e5 et par ture, skulle jo ikke i skole. Fru Christensen var&nbsp; \u00bbklog kone\u00ab , det man nok i dag ville kalde en healer, eller alternativ behandler. Hun var meget seri\u00f8s, modsat sin mand.<\/p>\n\n\n\n<p>Det var ikke g\u00e5et idag med gasdepot t\u00e6t p\u00e5 alm. bebyggelse! (Jeg har vedh\u00e6ftet et gaslogo)<\/p>\n\n\n\n<p>Den R\u00f8de Bro. Den oprindelige farve var \u00ab Dodenkop\u00ab. Det er en dyb, m\u00f8rk, let brunlig, r\u00f8dviolet farve (man kan f\u00e5 malingen den dag idag)<\/p>\n\n\n\n<p>Farmen. I starten af krigen, stod der 3 stk. 3,7 cm anti luftskyts kanoner p\u00e5 Farmen De blev flyttet til Silkeborg Bad. Der s\u00e6ttes istedet tr\u00e6attrapper op. \u00bbskinbatterier\u00ab De st\u00e5r til krigen slutter.<\/p>\n\n\n\n<p>&#8230;&#8230;&#8230;&#8230;&#8230;&#8230;&#8230;&#8230;<\/p>\n\n\n\n<p>Herningvej 42 var der til sidst en slikbutik.<\/p>\n\n\n\n<p>&#8230;&#8230;&#8230;&#8230;.<\/p>\n\n\n\n<p>Postkontoret lukker i 1993<\/p>\n\n\n\n<p>Marts 1966. Den kommunale elforsyning indviger den nye station i Lysbro.<\/p>\n\n\n\n<p>Februar 1961 \u00bbEksternatskolen\u00ab p\u00e5 Lysbro Skolen \u00e5bner. Der er 22 b\u00f8rn.<\/p>\n\n\n\n<p>April 1959 beslutter Byr\u00e5det at nedl\u00e6gge Lysbro Skole.<\/p>\n\n\n\n<p>August 1954 Fabrikant Holger Madsen overdrager aktierne i Lysbro Fabrikker til Aktieselskabet&nbsp; Reimar Nielsen, Silkeborg. Holger Madsen d\u00f8r i 1969, 91 \u00e5r gammel i Alderslyst.<\/p>\n\n\n\n<p>Juni 1942 beslutter Byr\u00e5det at der skal laves en sportsplads ved Lysbro Skole.<\/p>\n\n\n\n<p><strong>Sabotage, Lysbro&nbsp;&nbsp;&nbsp;&nbsp;&nbsp;&nbsp;&nbsp;&nbsp;&nbsp;&nbsp;&nbsp;&nbsp;&nbsp;&nbsp;&nbsp;&nbsp;&nbsp;&nbsp;&nbsp;&nbsp; <\/strong>&nbsp;&nbsp;&nbsp;&nbsp;&nbsp;&nbsp;&nbsp;&nbsp;&nbsp;&nbsp;&nbsp;&nbsp;&nbsp;&nbsp;&nbsp;&nbsp;&nbsp;&nbsp;&nbsp;&nbsp;&nbsp;&nbsp;&nbsp;&nbsp;&nbsp;&nbsp;&nbsp;&nbsp;&nbsp;&nbsp;&nbsp;&nbsp;&nbsp;&nbsp;&nbsp;&nbsp;&nbsp;&nbsp;&nbsp;&nbsp;&nbsp;&nbsp;&nbsp;&nbsp;&nbsp;&nbsp;&nbsp;&nbsp;&nbsp;&nbsp;&nbsp;&nbsp;&nbsp;&nbsp;&nbsp;&nbsp;&nbsp;&nbsp;&nbsp;&nbsp;&nbsp;&nbsp;&nbsp;&nbsp;&nbsp;&nbsp;&nbsp;&nbsp;&nbsp;&nbsp;&nbsp;&nbsp;&nbsp;Natten den 21. januar 1945 var der 2 sabotageaktioner. Den ene \u00f8delagde en enkelt skinne mellem Silkeborg og Lysbro. Den anden afsporede toget og \u00f8delagde otte skinner l\u00e6ngere ud mod Funder. 1 blev dr\u00e6bt. Kjellerupbanen var sp\u00e6rret i 48 timer.<\/p>\n\n\n\n<p>Derefter steg antallet af sabotager markant. I februar 1945 blev der udf\u00f8rt 4 sabotager, i marts 13, i april 38 og fra den 1. til den 4. maj var der 10 sabotageaktioner.<\/p>\n\n\n\n<p>De str\u00e6kninger, der blev aller h\u00e5rdest ramt af sabotager, var bl.a. Silkeborg-Funder med 17 angreb. Den mest voldsomme aktion fandt sted p\u00e5 str\u00e6kningen Lysbro-\u00d8ster Bording den 14. april 1945.&nbsp; Toget blev afsporet, 2 tysk<\/p>\n","protected":false},"excerpt":{"rendered":"<p>Overfor B\u00f8gild teglv\u00e6rk p\u00e5 Lysbrogade var \u00bbEngen\u00ab om vinteren blev den ofte oversv\u00f8mmet og n\u00e5r frosten satte ind blev den til tider bundfrossen. Det bet\u00f8d sk\u00f8jter og anden leg p\u00e5 isen. Leg p\u00e5 stedet var der ogs\u00e5 omkring Sct. Hans . Der blev i l\u00f8bet af for\u00e5ret samlet til b\u00e5l. Der var aktiviteter som \u00bb2 [&hellip;]<\/p>\n","protected":false},"author":1,"featured_media":0,"parent":0,"menu_order":0,"comment_status":"closed","ping_status":"closed","template":"","meta":{"site-sidebar-layout":"default","site-content-layout":"","ast-site-content-layout":"default","site-content-style":"default","site-sidebar-style":"default","ast-global-header-display":"","ast-banner-title-visibility":"","ast-main-header-display":"","ast-hfb-above-header-display":"","ast-hfb-below-header-display":"","ast-hfb-mobile-header-display":"","site-post-title":"","ast-breadcrumbs-content":"","ast-featured-img":"","footer-sml-layout":"","ast-disable-related-posts":"","theme-transparent-header-meta":"","adv-header-id-meta":"","stick-header-meta":"","header-above-stick-meta":"","header-main-stick-meta":"","header-below-stick-meta":"","astra-migrate-meta-layouts":"default","ast-page-background-enabled":"default","ast-page-background-meta":{"desktop":{"background-color":"var(--ast-global-color-4)","background-image":"","background-repeat":"repeat","background-position":"center center","background-size":"auto","background-attachment":"scroll","background-type":"","background-media":"","overlay-type":"","overlay-color":"","overlay-opacity":"","overlay-gradient":""},"tablet":{"background-color":"","background-image":"","background-repeat":"repeat","background-position":"center center","background-size":"auto","background-attachment":"scroll","background-type":"","background-media":"","overlay-type":"","overlay-color":"","overlay-opacity":"","overlay-gradient":""},"mobile":{"background-color":"","background-image":"","background-repeat":"repeat","background-position":"center center","background-size":"auto","background-attachment":"scroll","background-type":"","background-media":"","overlay-type":"","overlay-color":"","overlay-opacity":"","overlay-gradient":""}},"ast-content-background-meta":{"desktop":{"background-color":"var(--ast-global-color-5)","background-image":"","background-repeat":"repeat","background-position":"center center","background-size":"auto","background-attachment":"scroll","background-type":"","background-media":"","overlay-type":"","overlay-color":"","overlay-opacity":"","overlay-gradient":""},"tablet":{"background-color":"var(--ast-global-color-5)","background-image":"","background-repeat":"repeat","background-position":"center center","background-size":"auto","background-attachment":"scroll","background-type":"","background-media":"","overlay-type":"","overlay-color":"","overlay-opacity":"","overlay-gradient":""},"mobile":{"background-color":"var(--ast-global-color-5)","background-image":"","background-repeat":"repeat","background-position":"center center","background-size":"auto","background-attachment":"scroll","background-type":"","background-media":"","overlay-type":"","overlay-color":"","overlay-opacity":"","overlay-gradient":""}},"footnotes":""},"class_list":["post-1760","page","type-page","status-publish","hentry"],"_links":{"self":[{"href":"https:\/\/lysbrohistorier.dk\/index.php\/wp-json\/wp\/v2\/pages\/1760","targetHints":{"allow":["GET"]}}],"collection":[{"href":"https:\/\/lysbrohistorier.dk\/index.php\/wp-json\/wp\/v2\/pages"}],"about":[{"href":"https:\/\/lysbrohistorier.dk\/index.php\/wp-json\/wp\/v2\/types\/page"}],"author":[{"embeddable":true,"href":"https:\/\/lysbrohistorier.dk\/index.php\/wp-json\/wp\/v2\/users\/1"}],"replies":[{"embeddable":true,"href":"https:\/\/lysbrohistorier.dk\/index.php\/wp-json\/wp\/v2\/comments?post=1760"}],"version-history":[{"count":3,"href":"https:\/\/lysbrohistorier.dk\/index.php\/wp-json\/wp\/v2\/pages\/1760\/revisions"}],"predecessor-version":[{"id":1887,"href":"https:\/\/lysbrohistorier.dk\/index.php\/wp-json\/wp\/v2\/pages\/1760\/revisions\/1887"}],"wp:attachment":[{"href":"https:\/\/lysbrohistorier.dk\/index.php\/wp-json\/wp\/v2\/media?parent=1760"}],"curies":[{"name":"wp","href":"https:\/\/api.w.org\/{rel}","templated":true}]}}