{"id":1798,"date":"2024-06-09T13:11:53","date_gmt":"2024-06-09T13:11:53","guid":{"rendered":"https:\/\/lysbrohistorier.dk\/?page_id=1798"},"modified":"2024-06-10T08:45:57","modified_gmt":"2024-06-10T08:45:57","slug":"andre-foreninger-i-lysbro","status":"publish","type":"page","link":"https:\/\/lysbrohistorier.dk\/index.php\/andre-foreninger-i-lysbro\/","title":{"rendered":"Andre foreninger i Lysbro"},"content":{"rendered":"<h4>Lysbro Borgerforening<\/h4>\n<p>F\u00f8r i tiden var der et godt foreningsliv i Lysbro. Men det er liges\u00e5 stille ebbet ud. Nu mangler man jo ogs\u00e5 samlingsstedet for fester, da Hotel Lysbro er nedlagt og omdannet til forsorgshjem. Mange private fester blev holdt der.<\/p>\n<p>Af foreninger var der:&nbsp;<strong>Lysbro Borgerforening fra 15\/10-1929.<\/strong>&nbsp;Her blev holdt juletr\u00e6sfest 2. juledag, sommerudflugter, Lotterispil,<strong>&nbsp;Dilettant<\/strong>, Karneval m.v.) der er 20 \u00e5rs stiftelsesfest den 15 okt. 1949.<\/p>\n<p>\/Gerda og Peter Hegelund, Randi og Gunner Nielsen<\/p>\n<h4>Lysbro Dilletanterne<\/h4>\n<h6><strong>Fra Alfred Hesels billedalbum&nbsp;<\/strong><\/h6>\n<p>\u2013 Er der mange billeder fra Dilettant forestillinger \u2013 Lysbro Dilettanterne var \u201cber\u00f8mte\u201d fremg\u00e5r det af avisomtalerne- S\u00e5 i 1950\u2019erne var der gang i borgerforeningen<\/p>\n<div class=\"wp-block-columns is-layout-flex wp-container-3\">\n<div class=\"wp-block-column is-layout-flow\">\n<figure class=\"wp-block-image size-full\"><img loading=\"lazy\" decoding=\"async\" class=\"wp-image-1403\" src=\"http:\/\/lysbrohistorier.dk\/wp-content\/uploads\/2023\/10\/7.Fiskertoesen-avisomtale-1955-Flf.jpg\" sizes=\"auto, (max-width: 623px) 100vw, 623px\" srcset=\"https:\/\/lysbrohistorier.dk\/wp-content\/uploads\/2023\/10\/7.Fiskertoesen-avisomtale-1955-Flf.jpg 623w, https:\/\/lysbrohistorier.dk\/wp-content\/uploads\/2023\/10\/7.Fiskertoesen-avisomtale-1955-Flf-300x250.jpg 300w, https:\/\/lysbrohistorier.dk\/wp-content\/uploads\/2023\/10\/7.Fiskertoesen-avisomtale-1955-Flf-24x20.jpg 24w, https:\/\/lysbrohistorier.dk\/wp-content\/uploads\/2023\/10\/7.Fiskertoesen-avisomtale-1955-Flf-36x30.jpg 36w, https:\/\/lysbrohistorier.dk\/wp-content\/uploads\/2023\/10\/7.Fiskertoesen-avisomtale-1955-Flf-48x40.jpg 48w\" alt=\"\" width=\"623\" height=\"519\"><figcaption class=\"wp-element-caption\">.Fiskert\u00f8sen -avisomtale 1955 (Flf)<\/figcaption><\/figure>\n<\/div>\n<div class=\"wp-block-column is-layout-flow\">\n<figure class=\"wp-block-image size-large\"><img loading=\"lazy\" decoding=\"async\" class=\"wp-image-1405\" src=\"http:\/\/lysbrohistorier.dk\/wp-content\/uploads\/2023\/10\/5-Fiskertoesen-medvirkende-1955-Flf-1024x662.jpg\" sizes=\"auto, (max-width: 1024px) 100vw, 1024px\" srcset=\"https:\/\/lysbrohistorier.dk\/wp-content\/uploads\/2023\/10\/5-Fiskertoesen-medvirkende-1955-Flf-1024x662.jpg 1024w, https:\/\/lysbrohistorier.dk\/wp-content\/uploads\/2023\/10\/5-Fiskertoesen-medvirkende-1955-Flf-300x194.jpg 300w, https:\/\/lysbrohistorier.dk\/wp-content\/uploads\/2023\/10\/5-Fiskertoesen-medvirkende-1955-Flf-768x497.jpg 768w, https:\/\/lysbrohistorier.dk\/wp-content\/uploads\/2023\/10\/5-Fiskertoesen-medvirkende-1955-Flf-1536x993.jpg 1536w, https:\/\/lysbrohistorier.dk\/wp-content\/uploads\/2023\/10\/5-Fiskertoesen-medvirkende-1955-Flf-24x16.jpg 24w, https:\/\/lysbrohistorier.dk\/wp-content\/uploads\/2023\/10\/5-Fiskertoesen-medvirkende-1955-Flf-36x23.jpg 36w, https:\/\/lysbrohistorier.dk\/wp-content\/uploads\/2023\/10\/5-Fiskertoesen-medvirkende-1955-Flf-48x31.jpg 48w, https:\/\/lysbrohistorier.dk\/wp-content\/uploads\/2023\/10\/5-Fiskertoesen-medvirkende-1955-Flf.jpg 1990w\" alt=\"\" width=\"1024\" height=\"662\"><figcaption class=\"wp-element-caption\">Fiskert\u00f8sen, medvirkende 1955 (Flf)<\/figcaption><\/figure>\n<\/div>\n<\/div>\n<div class=\"wp-block-columns is-layout-flex wp-container-6\">\n<div class=\"wp-block-column is-layout-flow\">\n<figure class=\"wp-block-image size-full\"><img loading=\"lazy\" decoding=\"async\" class=\"wp-image-1411\" src=\"http:\/\/lysbrohistorier.dk\/wp-content\/uploads\/2023\/10\/12.Hendes-Offer-1956-Flf.jpg\" sizes=\"auto, (max-width: 617px) 100vw, 617px\" srcset=\"https:\/\/lysbrohistorier.dk\/wp-content\/uploads\/2023\/10\/12.Hendes-Offer-1956-Flf.jpg 617w, https:\/\/lysbrohistorier.dk\/wp-content\/uploads\/2023\/10\/12.Hendes-Offer-1956-Flf-274x300.jpg 274w, https:\/\/lysbrohistorier.dk\/wp-content\/uploads\/2023\/10\/12.Hendes-Offer-1956-Flf-22x24.jpg 22w, https:\/\/lysbrohistorier.dk\/wp-content\/uploads\/2023\/10\/12.Hendes-Offer-1956-Flf-33x36.jpg 33w, https:\/\/lysbrohistorier.dk\/wp-content\/uploads\/2023\/10\/12.Hendes-Offer-1956-Flf-44x48.jpg 44w\" alt=\"\" width=\"617\" height=\"675\"><figcaption class=\"wp-element-caption\">Hendes Offer 1956 (Flf)<\/figcaption><\/figure>\n<\/div>\n<div class=\"wp-block-column is-layout-flow\">\n<figure class=\"wp-block-image size-large\"><img loading=\"lazy\" decoding=\"async\" class=\"wp-image-1412\" src=\"http:\/\/lysbrohistorier.dk\/wp-content\/uploads\/2023\/10\/14.Hendes-Offer-1956.-Flf-771x1024.jpg\" sizes=\"auto, (max-width: 771px) 100vw, 771px\" srcset=\"https:\/\/lysbrohistorier.dk\/wp-content\/uploads\/2023\/10\/14.Hendes-Offer-1956.-Flf-771x1024.jpg 771w, https:\/\/lysbrohistorier.dk\/wp-content\/uploads\/2023\/10\/14.Hendes-Offer-1956.-Flf-226x300.jpg 226w, https:\/\/lysbrohistorier.dk\/wp-content\/uploads\/2023\/10\/14.Hendes-Offer-1956.-Flf-768x1020.jpg 768w, https:\/\/lysbrohistorier.dk\/wp-content\/uploads\/2023\/10\/14.Hendes-Offer-1956.-Flf-18x24.jpg 18w, https:\/\/lysbrohistorier.dk\/wp-content\/uploads\/2023\/10\/14.Hendes-Offer-1956.-Flf-27x36.jpg 27w, https:\/\/lysbrohistorier.dk\/wp-content\/uploads\/2023\/10\/14.Hendes-Offer-1956.-Flf-36x48.jpg 36w, https:\/\/lysbrohistorier.dk\/wp-content\/uploads\/2023\/10\/14.Hendes-Offer-1956.-Flf.jpg 947w\" alt=\"\" width=\"771\" height=\"1024\"><figcaption class=\"wp-element-caption\">Hendes Offer 1956. (Flf)<\/figcaption><\/figure>\n<\/div>\n<\/div>\n<div class=\"wp-block-columns is-layout-flex wp-container-9\">\n<div class=\"wp-block-column is-layout-flow\">\n<figure class=\"wp-block-image size-large\"><img loading=\"lazy\" decoding=\"async\" class=\"wp-image-1413\" src=\"http:\/\/lysbrohistorier.dk\/wp-content\/uploads\/2023\/10\/15.Broedrene-Oestermans-Huskors.-1957-Flf-1024x534.jpg\" sizes=\"auto, (max-width: 1024px) 100vw, 1024px\" srcset=\"https:\/\/lysbrohistorier.dk\/wp-content\/uploads\/2023\/10\/15.Broedrene-Oestermans-Huskors.-1957-Flf-1024x534.jpg 1024w, https:\/\/lysbrohistorier.dk\/wp-content\/uploads\/2023\/10\/15.Broedrene-Oestermans-Huskors.-1957-Flf-300x156.jpg 300w, https:\/\/lysbrohistorier.dk\/wp-content\/uploads\/2023\/10\/15.Broedrene-Oestermans-Huskors.-1957-Flf-768x401.jpg 768w, https:\/\/lysbrohistorier.dk\/wp-content\/uploads\/2023\/10\/15.Broedrene-Oestermans-Huskors.-1957-Flf-24x13.jpg 24w, https:\/\/lysbrohistorier.dk\/wp-content\/uploads\/2023\/10\/15.Broedrene-Oestermans-Huskors.-1957-Flf-36x19.jpg 36w, https:\/\/lysbrohistorier.dk\/wp-content\/uploads\/2023\/10\/15.Broedrene-Oestermans-Huskors.-1957-Flf-48x25.jpg 48w, https:\/\/lysbrohistorier.dk\/wp-content\/uploads\/2023\/10\/15.Broedrene-Oestermans-Huskors.-1957-Flf.jpg 1206w\" alt=\"\" width=\"1024\" height=\"534\"><figcaption class=\"wp-element-caption\">.Br\u00f8drene \u00d8stermans Huskors. 1957 (Flf)<\/figcaption><\/figure>\n<\/div>\n<div class=\"wp-block-column is-layout-flow\">\n<figure class=\"wp-block-image size-large\"><img loading=\"lazy\" decoding=\"async\" class=\"wp-image-1414\" src=\"http:\/\/lysbrohistorier.dk\/wp-content\/uploads\/2023\/10\/16.-Broedrene-Oestermands-Huskors.-Flf-1024x723.jpg\" sizes=\"auto, (max-width: 1024px) 100vw, 1024px\" srcset=\"https:\/\/lysbrohistorier.dk\/wp-content\/uploads\/2023\/10\/16.-Broedrene-Oestermands-Huskors.-Flf-1024x723.jpg 1024w, https:\/\/lysbrohistorier.dk\/wp-content\/uploads\/2023\/10\/16.-Broedrene-Oestermands-Huskors.-Flf-300x212.jpg 300w, https:\/\/lysbrohistorier.dk\/wp-content\/uploads\/2023\/10\/16.-Broedrene-Oestermands-Huskors.-Flf-768x542.jpg 768w, https:\/\/lysbrohistorier.dk\/wp-content\/uploads\/2023\/10\/16.-Broedrene-Oestermands-Huskors.-Flf-24x17.jpg 24w, https:\/\/lysbrohistorier.dk\/wp-content\/uploads\/2023\/10\/16.-Broedrene-Oestermands-Huskors.-Flf-36x25.jpg 36w, https:\/\/lysbrohistorier.dk\/wp-content\/uploads\/2023\/10\/16.-Broedrene-Oestermands-Huskors.-Flf-48x34.jpg 48w, https:\/\/lysbrohistorier.dk\/wp-content\/uploads\/2023\/10\/16.-Broedrene-Oestermands-Huskors.-Flf.jpg 1340w\" alt=\"\" width=\"1024\" height=\"723\"><figcaption class=\"wp-element-caption\">Br\u00f8drene \u00d8stermands Huskors. (Flf)<\/figcaption><\/figure>\n<\/div>\n<\/div>\n<p>Billeder er fra Alfred Hesels billedalbum, udl\u00e5nt af Funder lokalhistorisk forening.<\/p>\n<p>Alfred Hesel var murermester og han boede p\u00e5 Herningvej 10 \u2013 en Villa han selv byggede<\/p>\n<p><strong>&nbsp;<\/strong><\/p>\n<h4><strong>Foreningen af Grundejere paa Lysbrohus Markjorder<\/strong><\/h4>\n<p>blev stiftet en grundejerforening 3.juli 1946 \u2013<\/p>\n<div class=\"wp-block-columns is-layout-flex wp-container-13\">\n<div class=\"wp-block-column is-layout-flow\">\n<figure class=\"wp-block-image size-large\"><img loading=\"lazy\" decoding=\"async\" class=\"wp-image-1249\" src=\"http:\/\/lysbrohistorier.dk\/wp-content\/uploads\/2023\/09\/LOVE-1-2-og-3_Side_1-689x1024.jpg\" sizes=\"auto, (max-width: 689px) 100vw, 689px\" srcset=\"https:\/\/lysbrohistorier.dk\/wp-content\/uploads\/2023\/09\/LOVE-1-2-og-3_Side_1-689x1024.jpg 689w, https:\/\/lysbrohistorier.dk\/wp-content\/uploads\/2023\/09\/LOVE-1-2-og-3_Side_1-202x300.jpg 202w, https:\/\/lysbrohistorier.dk\/wp-content\/uploads\/2023\/09\/LOVE-1-2-og-3_Side_1-768x1141.jpg 768w, https:\/\/lysbrohistorier.dk\/wp-content\/uploads\/2023\/09\/LOVE-1-2-og-3_Side_1-1034x1536.jpg 1034w, https:\/\/lysbrohistorier.dk\/wp-content\/uploads\/2023\/09\/LOVE-1-2-og-3_Side_1-16x24.jpg 16w, https:\/\/lysbrohistorier.dk\/wp-content\/uploads\/2023\/09\/LOVE-1-2-og-3_Side_1-24x36.jpg 24w, https:\/\/lysbrohistorier.dk\/wp-content\/uploads\/2023\/09\/LOVE-1-2-og-3_Side_1-32x48.jpg 32w, https:\/\/lysbrohistorier.dk\/wp-content\/uploads\/2023\/09\/LOVE-1-2-og-3_Side_1.jpg 1230w\" alt=\"\" width=\"689\" height=\"1024\"><\/figure>\n<\/div>\n<div class=\"wp-block-column is-layout-flow\">\n<figure class=\"wp-block-image size-full\"><img loading=\"lazy\" decoding=\"async\" class=\"wp-image-1251\" src=\"http:\/\/lysbrohistorier.dk\/wp-content\/uploads\/2023\/09\/LOVE-1-2-og-3_Side_3.jpg\" sizes=\"auto, (max-width: 439px) 100vw, 439px\" srcset=\"https:\/\/lysbrohistorier.dk\/wp-content\/uploads\/2023\/09\/LOVE-1-2-og-3_Side_3.jpg 439w, https:\/\/lysbrohistorier.dk\/wp-content\/uploads\/2023\/09\/LOVE-1-2-og-3_Side_3-198x300.jpg 198w, https:\/\/lysbrohistorier.dk\/wp-content\/uploads\/2023\/09\/LOVE-1-2-og-3_Side_3-16x24.jpg 16w, https:\/\/lysbrohistorier.dk\/wp-content\/uploads\/2023\/09\/LOVE-1-2-og-3_Side_3-24x36.jpg 24w, https:\/\/lysbrohistorier.dk\/wp-content\/uploads\/2023\/09\/LOVE-1-2-og-3_Side_3-32x48.jpg 32w\" alt=\"\" width=\"439\" height=\"666\"><\/figure>\n<\/div>\n<div class=\"wp-block-column is-layout-flow\">\n<figure class=\"wp-block-image size-full\"><img loading=\"lazy\" decoding=\"async\" class=\"wp-image-1250\" src=\"http:\/\/lysbrohistorier.dk\/wp-content\/uploads\/2023\/09\/LOVE-1-2-og-3_Side_2.jpg\" sizes=\"auto, (max-width: 437px) 100vw, 437px\" srcset=\"https:\/\/lysbrohistorier.dk\/wp-content\/uploads\/2023\/09\/LOVE-1-2-og-3_Side_2.jpg 437w, https:\/\/lysbrohistorier.dk\/wp-content\/uploads\/2023\/09\/LOVE-1-2-og-3_Side_2-200x300.jpg 200w, https:\/\/lysbrohistorier.dk\/wp-content\/uploads\/2023\/09\/LOVE-1-2-og-3_Side_2-16x24.jpg 16w, https:\/\/lysbrohistorier.dk\/wp-content\/uploads\/2023\/09\/LOVE-1-2-og-3_Side_2-24x36.jpg 24w, https:\/\/lysbrohistorier.dk\/wp-content\/uploads\/2023\/09\/LOVE-1-2-og-3_Side_2-32x48.jpg 32w\" alt=\"\" width=\"437\" height=\"656\"><\/figure>\n<\/div>\n<\/div>\n<p>Foreningen havde kontakt til myndigheder som kommune og politi&nbsp; ogs\u00e5 dengang k\u00e6mpede man ogs\u00e5 med for h\u00f8j fart ad Herningvej&nbsp; \u2013 man var glade for at kommunen havde s\u00f8rget for lys gennem skoven, og for cykelstier \u2013 dog manglede meget bedre vedligehold af vejen.<\/p>\n<p>P\u00e5 generalforsamling i 1962 fremg\u00e5r det bla. af referatet : \u201cat vejbanen er s\u00e5 hullet at cyklister og forg\u00e6ngere&nbsp; i regnvejr overspr\u00f8jtes med vand n\u00e5r bilerne passerer hullerne.<\/p>\n<p>Man kunne ogs\u00e5 ogs\u00e5 t\u00e6nke sig der blev gjort noget ved Lys\u00e5, der sommetider er st\u00e6rkt ildelugtende p\u00e5 grund af d\u00e5rlige septitanke.\u201d<\/p>\n<p>Der blev holdt generalforsamling p\u00e5 Lysbro kro.<\/p>\n<p>Der blev ogs\u00e5 tid til en sang \u2013 det vides ikke hvem forfatteren er<\/p>\n<figure class=\"wp-block-image size-large\"><img loading=\"lazy\" decoding=\"async\" class=\"wp-image-1057\" src=\"http:\/\/lysbrohistorier.dk\/wp-content\/uploads\/2023\/08\/Lysbrovisen-1024x498.jpg\" sizes=\"auto, (max-width: 1024px) 100vw, 1024px\" srcset=\"https:\/\/lysbrohistorier.dk\/wp-content\/uploads\/2023\/08\/Lysbrovisen-1024x498.jpg 1024w, https:\/\/lysbrohistorier.dk\/wp-content\/uploads\/2023\/08\/Lysbrovisen-300x146.jpg 300w, https:\/\/lysbrohistorier.dk\/wp-content\/uploads\/2023\/08\/Lysbrovisen-768x374.jpg 768w, https:\/\/lysbrohistorier.dk\/wp-content\/uploads\/2023\/08\/Lysbrovisen-1536x747.jpg 1536w, https:\/\/lysbrohistorier.dk\/wp-content\/uploads\/2023\/08\/Lysbrovisen-2048x996.jpg 2048w, https:\/\/lysbrohistorier.dk\/wp-content\/uploads\/2023\/08\/Lysbrovisen-24x12.jpg 24w, https:\/\/lysbrohistorier.dk\/wp-content\/uploads\/2023\/08\/Lysbrovisen-36x18.jpg 36w, https:\/\/lysbrohistorier.dk\/wp-content\/uploads\/2023\/08\/Lysbrovisen-48x23.jpg 48w\" alt=\"\" width=\"1024\" height=\"498\"><\/figure>\n<p>\/ Nina<\/p>\n<figure class=\"wp-block-image\"><img alt=\"\"><\/figure>\n<h4 class=\"wp-block-heading\"><strong>Lysbro Folkedansere<\/strong><\/h4>\n<p>Lysbro Folkedansere bliver stiftet den 8 aug. 1947 if\u00f8lge protokol p\u00e5 Silkeborg arkiv.<\/p>\n<div class=\"wp-block-columns is-layout-flex wp-container-9\">\n<div class=\"wp-block-column is-layout-flow\">\n<figure class=\"wp-block-image size-large\"><img loading=\"lazy\" decoding=\"async\" class=\"wp-image-1750\" src=\"http:\/\/lysbrohistorier.dk\/wp-content\/uploads\/2024\/06\/002-819x1024.jpg\" sizes=\"auto, (max-width: 819px) 100vw, 819px\" srcset=\"https:\/\/lysbrohistorier.dk\/wp-content\/uploads\/2024\/06\/002-819x1024.jpg 819w, https:\/\/lysbrohistorier.dk\/wp-content\/uploads\/2024\/06\/002-240x300.jpg 240w, https:\/\/lysbrohistorier.dk\/wp-content\/uploads\/2024\/06\/002-768x961.jpg 768w, https:\/\/lysbrohistorier.dk\/wp-content\/uploads\/2024\/06\/002-1228x1536.jpg 1228w, https:\/\/lysbrohistorier.dk\/wp-content\/uploads\/2024\/06\/002-19x24.jpg 19w, https:\/\/lysbrohistorier.dk\/wp-content\/uploads\/2024\/06\/002-29x36.jpg 29w, https:\/\/lysbrohistorier.dk\/wp-content\/uploads\/2024\/06\/002-38x48.jpg 38w, https:\/\/lysbrohistorier.dk\/wp-content\/uploads\/2024\/06\/002.jpg 1279w\" alt=\"\" width=\"819\" height=\"1024\"><figcaption class=\"wp-element-caption\">Vedt\u00e6gter Folkedans Lysbro<\/figcaption><\/figure>\n<\/div>\n<div class=\"wp-block-column is-layout-flow\">\n<figure class=\"wp-block-image size-large\"><img loading=\"lazy\" decoding=\"async\" class=\"wp-image-1751\" src=\"http:\/\/lysbrohistorier.dk\/wp-content\/uploads\/2024\/06\/001-990x1024.jpg\" sizes=\"auto, (max-width: 990px) 100vw, 990px\" srcset=\"https:\/\/lysbrohistorier.dk\/wp-content\/uploads\/2024\/06\/001-990x1024.jpg 990w, https:\/\/lysbrohistorier.dk\/wp-content\/uploads\/2024\/06\/001-290x300.jpg 290w, https:\/\/lysbrohistorier.dk\/wp-content\/uploads\/2024\/06\/001-768x794.jpg 768w, https:\/\/lysbrohistorier.dk\/wp-content\/uploads\/2024\/06\/001-1485x1536.jpg 1485w, https:\/\/lysbrohistorier.dk\/wp-content\/uploads\/2024\/06\/001-24x24.jpg 24w, https:\/\/lysbrohistorier.dk\/wp-content\/uploads\/2024\/06\/001-36x36.jpg 36w, https:\/\/lysbrohistorier.dk\/wp-content\/uploads\/2024\/06\/001-46x48.jpg 46w, https:\/\/lysbrohistorier.dk\/wp-content\/uploads\/2024\/06\/001.jpg 1547w\" alt=\"\" width=\"990\" height=\"1024\"><figcaption class=\"wp-element-caption\">Diskussion om folkedragter<\/figcaption><\/figure>\n<\/div>\n<\/div>\n<p>Man holder sine m\u00f8der og generalforsamlinger p\u00e5 Cafe Langhoff, og j\u00e6vnligt p\u00e5 programmet er den `rigtige` folkedragt. \u2013&nbsp; I 1957 fejres der med stor 10 \u00e5rsjubil\u00e6umsfest.<\/p>\n<p>23 juni 1970 er der sct. Hansfest hos Else og Tage i haven p\u00e5 den gamle bindingsv\u00e6rksg\u00e5rd i Sinding, her medvirker Lysbro Folkedansere med `Leigstow` opvisning, der er 300 g\u00e6ster m\u00f8dt op.<\/p>\n<p>Danseaftener har foreg\u00e5et flere forskellige steder som, Hotel Lysbro, Sinding, Sejling, Voel og Lunden m. fl.<\/p>\n<p>Fra 1 januar 2024 fusionerer Lysbro Folkedansere og Silkeborg og Omegns Folkedansere, af tekniske grunde til nyt navn, Folkedans Silkeborg.<\/p>\n<p>Det vil v\u00e6re sk\u00f8nt om nogen \u00e6ldre medlemmer kunne bidrage med yderlige oplysninger.<\/p>\n<h4><strong>Teglv\u00e6rksklubben.&nbsp;<\/strong><\/h4>\n<p>Er der nogen der har oplysninger her&nbsp; ?&nbsp; \u2013 der var Klubfester p\u00e5 Hotel Lysbro midt 1950`erne&nbsp;&nbsp; \u2013 mine for\u00e6ldre deltog.<\/p>\n<p>\/Henning<\/p>\n","protected":false},"excerpt":{"rendered":"<p>Lysbro Borgerforening F\u00f8r i tiden var der et godt foreningsliv i Lysbro. Men det er liges\u00e5 stille ebbet ud. Nu mangler man jo ogs\u00e5 samlingsstedet for fester, da Hotel Lysbro er nedlagt og omdannet til forsorgshjem. Mange private fester blev holdt der. Af foreninger var der:&nbsp;Lysbro Borgerforening fra 15\/10-1929.&nbsp;Her blev holdt juletr\u00e6sfest 2. juledag, sommerudflugter, [&hellip;]<\/p>\n","protected":false},"author":1,"featured_media":0,"parent":0,"menu_order":0,"comment_status":"closed","ping_status":"closed","template":"","meta":{"site-sidebar-layout":"default","site-content-layout":"","ast-site-content-layout":"default","site-content-style":"default","site-sidebar-style":"default","ast-global-header-display":"","ast-banner-title-visibility":"","ast-main-header-display":"","ast-hfb-above-header-display":"","ast-hfb-below-header-display":"","ast-hfb-mobile-header-display":"","site-post-title":"","ast-breadcrumbs-content":"","ast-featured-img":"","footer-sml-layout":"","ast-disable-related-posts":"","theme-transparent-header-meta":"","adv-header-id-meta":"","stick-header-meta":"","header-above-stick-meta":"","header-main-stick-meta":"","header-below-stick-meta":"","astra-migrate-meta-layouts":"default","ast-page-background-enabled":"default","ast-page-background-meta":{"desktop":{"background-color":"var(--ast-global-color-4)","background-image":"","background-repeat":"repeat","background-position":"center center","background-size":"auto","background-attachment":"scroll","background-type":"","background-media":"","overlay-type":"","overlay-color":"","overlay-opacity":"","overlay-gradient":""},"tablet":{"background-color":"","background-image":"","background-repeat":"repeat","background-position":"center center","background-size":"auto","background-attachment":"scroll","background-type":"","background-media":"","overlay-type":"","overlay-color":"","overlay-opacity":"","overlay-gradient":""},"mobile":{"background-color":"","background-image":"","background-repeat":"repeat","background-position":"center center","background-size":"auto","background-attachment":"scroll","background-type":"","background-media":"","overlay-type":"","overlay-color":"","overlay-opacity":"","overlay-gradient":""}},"ast-content-background-meta":{"desktop":{"background-color":"var(--ast-global-color-5)","background-image":"","background-repeat":"repeat","background-position":"center center","background-size":"auto","background-attachment":"scroll","background-type":"","background-media":"","overlay-type":"","overlay-color":"","overlay-opacity":"","overlay-gradient":""},"tablet":{"background-color":"var(--ast-global-color-5)","background-image":"","background-repeat":"repeat","background-position":"center center","background-size":"auto","background-attachment":"scroll","background-type":"","background-media":"","overlay-type":"","overlay-color":"","overlay-opacity":"","overlay-gradient":""},"mobile":{"background-color":"var(--ast-global-color-5)","background-image":"","background-repeat":"repeat","background-position":"center center","background-size":"auto","background-attachment":"scroll","background-type":"","background-media":"","overlay-type":"","overlay-color":"","overlay-opacity":"","overlay-gradient":""}},"footnotes":""},"class_list":["post-1798","page","type-page","status-publish","hentry"],"_links":{"self":[{"href":"https:\/\/lysbrohistorier.dk\/index.php\/wp-json\/wp\/v2\/pages\/1798","targetHints":{"allow":["GET"]}}],"collection":[{"href":"https:\/\/lysbrohistorier.dk\/index.php\/wp-json\/wp\/v2\/pages"}],"about":[{"href":"https:\/\/lysbrohistorier.dk\/index.php\/wp-json\/wp\/v2\/types\/page"}],"author":[{"embeddable":true,"href":"https:\/\/lysbrohistorier.dk\/index.php\/wp-json\/wp\/v2\/users\/1"}],"replies":[{"embeddable":true,"href":"https:\/\/lysbrohistorier.dk\/index.php\/wp-json\/wp\/v2\/comments?post=1798"}],"version-history":[{"count":4,"href":"https:\/\/lysbrohistorier.dk\/index.php\/wp-json\/wp\/v2\/pages\/1798\/revisions"}],"predecessor-version":[{"id":1806,"href":"https:\/\/lysbrohistorier.dk\/index.php\/wp-json\/wp\/v2\/pages\/1798\/revisions\/1806"}],"wp:attachment":[{"href":"https:\/\/lysbrohistorier.dk\/index.php\/wp-json\/wp\/v2\/media?parent=1798"}],"curies":[{"name":"wp","href":"https:\/\/api.w.org\/{rel}","templated":true}]}}