{"id":1942,"date":"2026-02-18T10:36:48","date_gmt":"2026-02-18T10:36:48","guid":{"rendered":"https:\/\/lysbrohistorier.dk\/?page_id=1942"},"modified":"2026-02-19T17:30:14","modified_gmt":"2026-02-19T17:30:14","slug":"den-roede-bro-i-nye-klaeder","status":"publish","type":"page","link":"https:\/\/lysbrohistorier.dk\/index.php\/den-roede-bro-i-nye-klaeder\/","title":{"rendered":"Den R\u00f8de Bro i nye kl\u00e6der"},"content":{"rendered":"\n<p>Den R\u00f8de Bro over Lys\u00e5( som den stadig hedder i folkemunde selv om den i mange \u00e5r har v\u00e6ret sort)  blev 68 \u00e5r. Dens sidste tid blev lidt turbulent. Kommunen lukkede broen 28.juni 2024. Der var konstateret r\u00e5d i broen.<\/p>\n\n\n\n<figure class=\"wp-block-image aligncenter size-full is-resized\"><img loading=\"lazy\" decoding=\"async\" width=\"240\" height=\"320\" src=\"http:\/\/lysbrohistorier.dk\/wp-content\/uploads\/2026\/02\/IMG_4386-rotated.jpeg\" alt=\"\" class=\"wp-image-1949\" style=\"width:380px;height:auto\" srcset=\"https:\/\/lysbrohistorier.dk\/wp-content\/uploads\/2026\/02\/IMG_4386-rotated.jpeg 240w, https:\/\/lysbrohistorier.dk\/wp-content\/uploads\/2026\/02\/IMG_4386-225x300.jpeg 225w, https:\/\/lysbrohistorier.dk\/wp-content\/uploads\/2026\/02\/IMG_4386-18x24.jpeg 18w, https:\/\/lysbrohistorier.dk\/wp-content\/uploads\/2026\/02\/IMG_4386-27x36.jpeg 27w, https:\/\/lysbrohistorier.dk\/wp-content\/uploads\/2026\/02\/IMG_4386-36x48.jpeg 36w\" sizes=\"auto, (max-width: 240px) 100vw, 240px\" \/><figcaption class=\"wp-element-caption\">Broen lukkes pga r\u00e5d<\/figcaption><\/figure>\n\n\n\n<p>Lokale brugere af broen var ret utilfredse med lukningen, da der ikke kunne s\u00e6tte tid p\u00e5 \u00e5bning af en ny bro f\u00f8r engang i 2025. <\/p>\n\n\n\n<p>En driftig lokal borger tog kontakt til \u00d8steby Tr\u00e6 som kunne reparere broen, s\u00e5 den kunne bruges indtil vi kunne f\u00e5 en ny bro. Borgmesteren blev kontaktet og s\u00e5 kom der gang i reparationsarbejdet. 10 november 2024 blev Broen under stor festivitas gen\u00e5bnet &#8211; Borgmester Helle Gade klippede sammen med Bent Vestergaard den r\u00f8de snor.<\/p>\n\n\n\n<figure class=\"wp-block-image aligncenter size-full is-resized\"><img loading=\"lazy\" decoding=\"async\" width=\"280\" height=\"320\" src=\"http:\/\/lysbrohistorier.dk\/wp-content\/uploads\/2026\/02\/IMG_0063.jpg\" alt=\"\" class=\"wp-image-1950\" style=\"width:426px;height:auto\" srcset=\"https:\/\/lysbrohistorier.dk\/wp-content\/uploads\/2026\/02\/IMG_0063.jpg 280w, https:\/\/lysbrohistorier.dk\/wp-content\/uploads\/2026\/02\/IMG_0063-263x300.jpg 263w, https:\/\/lysbrohistorier.dk\/wp-content\/uploads\/2026\/02\/IMG_0063-21x24.jpg 21w, https:\/\/lysbrohistorier.dk\/wp-content\/uploads\/2026\/02\/IMG_0063-32x36.jpg 32w, https:\/\/lysbrohistorier.dk\/wp-content\/uploads\/2026\/02\/IMG_0063-42x48.jpg 42w\" sizes=\"auto, (max-width: 280px) 100vw, 280px\" \/><figcaption class=\"wp-element-caption\">Genindvielse af broen<\/figcaption><\/figure>\n\n\n\n<p>Mange beboere i omr\u00e5det havde et stort \u00f8nske om en tr\u00e6bro &#8211; men kommunen holdt fast i deres ide om en bro af beton. Den gamle bro blev fjernet 10 november 2025. Pilotering og forarbejde gik straks i gang, og den nye bro i beton kom p\u00e5 en blokvogn fra S\u00f8nderjylland 10 december. Den kom p\u00e5 plads samme dag. Mange beboere er blevet glade for den nye betonbro.  &#8220;Kan man ikke f\u00e5 den man elsker, m\u00e5 man elske den man f\u00e5r &#8220;<\/p>\n\n\n\n<div class=\"wp-block-columns is-layout-flex wp-container-core-columns-is-layout-28f84493 wp-block-columns-is-layout-flex\">\n<div class=\"wp-block-column is-layout-flow wp-block-column-is-layout-flow\">\n<figure class=\"wp-block-image size-full\"><img loading=\"lazy\" decoding=\"async\" width=\"920\" height=\"818\" src=\"http:\/\/lysbrohistorier.dk\/wp-content\/uploads\/2026\/02\/IMG_0676.jpeg\" alt=\"\" class=\"wp-image-1972\" srcset=\"https:\/\/lysbrohistorier.dk\/wp-content\/uploads\/2026\/02\/IMG_0676.jpeg 920w, https:\/\/lysbrohistorier.dk\/wp-content\/uploads\/2026\/02\/IMG_0676-300x267.jpeg 300w, https:\/\/lysbrohistorier.dk\/wp-content\/uploads\/2026\/02\/IMG_0676-768x683.jpeg 768w, https:\/\/lysbrohistorier.dk\/wp-content\/uploads\/2026\/02\/IMG_0676-24x21.jpeg 24w, https:\/\/lysbrohistorier.dk\/wp-content\/uploads\/2026\/02\/IMG_0676-36x32.jpeg 36w, https:\/\/lysbrohistorier.dk\/wp-content\/uploads\/2026\/02\/IMG_0676-48x43.jpeg 48w\" sizes=\"auto, (max-width: 920px) 100vw, 920px\" \/><figcaption class=\"wp-element-caption\">Broen fjernes \nFoto Henning Due<\/figcaption><\/figure>\n<\/div>\n\n\n\n<div class=\"wp-block-column is-layout-flow wp-block-column-is-layout-flow\">\n<figure class=\"wp-block-image size-large\"><img loading=\"lazy\" decoding=\"async\" width=\"1024\" height=\"724\" src=\"http:\/\/lysbrohistorier.dk\/wp-content\/uploads\/2026\/02\/IMG_0677-1024x724.jpeg\" alt=\"\" class=\"wp-image-1970\" srcset=\"https:\/\/lysbrohistorier.dk\/wp-content\/uploads\/2026\/02\/IMG_0677-1024x724.jpeg 1024w, https:\/\/lysbrohistorier.dk\/wp-content\/uploads\/2026\/02\/IMG_0677-300x212.jpeg 300w, https:\/\/lysbrohistorier.dk\/wp-content\/uploads\/2026\/02\/IMG_0677-768x543.jpeg 768w, https:\/\/lysbrohistorier.dk\/wp-content\/uploads\/2026\/02\/IMG_0677-24x17.jpeg 24w, https:\/\/lysbrohistorier.dk\/wp-content\/uploads\/2026\/02\/IMG_0677-36x25.jpeg 36w, https:\/\/lysbrohistorier.dk\/wp-content\/uploads\/2026\/02\/IMG_0677-48x34.jpeg 48w, https:\/\/lysbrohistorier.dk\/wp-content\/uploads\/2026\/02\/IMG_0677.jpeg 1513w\" sizes=\"auto, (max-width: 1024px) 100vw, 1024px\" \/><figcaption class=\"wp-element-caption\">Broen fjernes \nFoto Henning Due<\/figcaption><\/figure>\n<\/div>\n<\/div>\n\n\n\n<div class=\"wp-block-columns is-layout-flex wp-container-core-columns-is-layout-28f84493 wp-block-columns-is-layout-flex\">\n<div class=\"wp-block-column is-layout-flow wp-block-column-is-layout-flow\">\n<figure class=\"wp-block-image size-large\"><img loading=\"lazy\" decoding=\"async\" width=\"1024\" height=\"768\" src=\"http:\/\/lysbrohistorier.dk\/wp-content\/uploads\/2026\/02\/IMG_0680-1024x768.jpeg\" alt=\"\" class=\"wp-image-1971\" srcset=\"https:\/\/lysbrohistorier.dk\/wp-content\/uploads\/2026\/02\/IMG_0680-1024x768.jpeg 1024w, https:\/\/lysbrohistorier.dk\/wp-content\/uploads\/2026\/02\/IMG_0680-300x225.jpeg 300w, https:\/\/lysbrohistorier.dk\/wp-content\/uploads\/2026\/02\/IMG_0680-768x576.jpeg 768w, https:\/\/lysbrohistorier.dk\/wp-content\/uploads\/2026\/02\/IMG_0680-1536x1152.jpeg 1536w, https:\/\/lysbrohistorier.dk\/wp-content\/uploads\/2026\/02\/IMG_0680-24x18.jpeg 24w, https:\/\/lysbrohistorier.dk\/wp-content\/uploads\/2026\/02\/IMG_0680-36x27.jpeg 36w, https:\/\/lysbrohistorier.dk\/wp-content\/uploads\/2026\/02\/IMG_0680-48x36.jpeg 48w, https:\/\/lysbrohistorier.dk\/wp-content\/uploads\/2026\/02\/IMG_0680.jpeg 2016w\" sizes=\"auto, (max-width: 1024px) 100vw, 1024px\" \/><figcaption class=\"wp-element-caption\">Broen fjernes \nFoto Henning Due<\/figcaption><\/figure>\n<\/div>\n\n\n\n<div class=\"wp-block-column is-layout-flow wp-block-column-is-layout-flow\">\n<figure class=\"wp-block-image aligncenter size-full is-resized\"><img loading=\"lazy\" decoding=\"async\" width=\"240\" height=\"320\" src=\"http:\/\/lysbrohistorier.dk\/wp-content\/uploads\/2026\/02\/IMG_5409-rotated.jpeg\" alt=\"\" class=\"wp-image-1965\" style=\"width:368px;height:auto\" srcset=\"https:\/\/lysbrohistorier.dk\/wp-content\/uploads\/2026\/02\/IMG_5409-rotated.jpeg 240w, https:\/\/lysbrohistorier.dk\/wp-content\/uploads\/2026\/02\/IMG_5409-225x300.jpeg 225w, https:\/\/lysbrohistorier.dk\/wp-content\/uploads\/2026\/02\/IMG_5409-18x24.jpeg 18w, https:\/\/lysbrohistorier.dk\/wp-content\/uploads\/2026\/02\/IMG_5409-27x36.jpeg 27w, https:\/\/lysbrohistorier.dk\/wp-content\/uploads\/2026\/02\/IMG_5409-36x48.jpeg 36w\" sizes=\"auto, (max-width: 240px) 100vw, 240px\" \/><\/figure>\n<\/div>\n<\/div>\n\n\n\n<div class=\"wp-block-columns is-layout-flex wp-container-core-columns-is-layout-28f84493 wp-block-columns-is-layout-flex\">\n<div class=\"wp-block-column is-layout-flow wp-block-column-is-layout-flow\">\n<figure class=\"wp-block-image aligncenter size-full is-resized\"><img loading=\"lazy\" decoding=\"async\" width=\"320\" height=\"240\" src=\"http:\/\/lysbrohistorier.dk\/wp-content\/uploads\/2026\/02\/IMG_5463.jpeg\" alt=\"\" class=\"wp-image-1953\" style=\"width:460px;height:auto\" srcset=\"https:\/\/lysbrohistorier.dk\/wp-content\/uploads\/2026\/02\/IMG_5463.jpeg 320w, https:\/\/lysbrohistorier.dk\/wp-content\/uploads\/2026\/02\/IMG_5463-300x225.jpeg 300w, https:\/\/lysbrohistorier.dk\/wp-content\/uploads\/2026\/02\/IMG_5463-24x18.jpeg 24w, https:\/\/lysbrohistorier.dk\/wp-content\/uploads\/2026\/02\/IMG_5463-36x27.jpeg 36w, https:\/\/lysbrohistorier.dk\/wp-content\/uploads\/2026\/02\/IMG_5463-48x36.jpeg 48w\" sizes=\"auto, (max-width: 320px) 100vw, 320px\" \/><\/figure>\n<\/div>\n\n\n\n<div class=\"wp-block-column is-layout-flow wp-block-column-is-layout-flow\">\n<figure class=\"wp-block-image aligncenter size-full is-resized\"><img loading=\"lazy\" decoding=\"async\" width=\"320\" height=\"240\" src=\"http:\/\/lysbrohistorier.dk\/wp-content\/uploads\/2026\/02\/IMG_5468.jpeg\" alt=\"\" class=\"wp-image-1954\" style=\"width:446px;height:auto\" srcset=\"https:\/\/lysbrohistorier.dk\/wp-content\/uploads\/2026\/02\/IMG_5468.jpeg 320w, https:\/\/lysbrohistorier.dk\/wp-content\/uploads\/2026\/02\/IMG_5468-300x225.jpeg 300w, https:\/\/lysbrohistorier.dk\/wp-content\/uploads\/2026\/02\/IMG_5468-24x18.jpeg 24w, https:\/\/lysbrohistorier.dk\/wp-content\/uploads\/2026\/02\/IMG_5468-36x27.jpeg 36w, https:\/\/lysbrohistorier.dk\/wp-content\/uploads\/2026\/02\/IMG_5468-48x36.jpeg 48w\" sizes=\"auto, (max-width: 320px) 100vw, 320px\" \/><\/figure>\n<\/div>\n<\/div>\n\n\n\n<div class=\"wp-block-columns is-layout-flex wp-container-core-columns-is-layout-28f84493 wp-block-columns-is-layout-flex\">\n<div class=\"wp-block-column is-layout-flow wp-block-column-is-layout-flow\">\n<figure class=\"wp-block-image aligncenter size-full is-resized\"><img loading=\"lazy\" decoding=\"async\" width=\"240\" height=\"320\" src=\"http:\/\/lysbrohistorier.dk\/wp-content\/uploads\/2026\/02\/IMG_5623-rotated.jpeg\" alt=\"\" class=\"wp-image-1961\" style=\"width:334px;height:auto\" srcset=\"https:\/\/lysbrohistorier.dk\/wp-content\/uploads\/2026\/02\/IMG_5623-rotated.jpeg 240w, https:\/\/lysbrohistorier.dk\/wp-content\/uploads\/2026\/02\/IMG_5623-225x300.jpeg 225w, https:\/\/lysbrohistorier.dk\/wp-content\/uploads\/2026\/02\/IMG_5623-18x24.jpeg 18w, https:\/\/lysbrohistorier.dk\/wp-content\/uploads\/2026\/02\/IMG_5623-27x36.jpeg 27w, https:\/\/lysbrohistorier.dk\/wp-content\/uploads\/2026\/02\/IMG_5623-36x48.jpeg 36w\" sizes=\"auto, (max-width: 240px) 100vw, 240px\" \/><\/figure>\n<\/div>\n\n\n\n<div class=\"wp-block-column is-layout-flow wp-block-column-is-layout-flow\">\n<figure class=\"wp-block-image aligncenter size-full is-resized\"><img loading=\"lazy\" decoding=\"async\" width=\"240\" height=\"320\" src=\"http:\/\/lysbrohistorier.dk\/wp-content\/uploads\/2026\/02\/IMG_5625-rotated.jpeg\" alt=\"\" class=\"wp-image-1962\" style=\"width:328px;height:auto\" srcset=\"https:\/\/lysbrohistorier.dk\/wp-content\/uploads\/2026\/02\/IMG_5625-rotated.jpeg 240w, https:\/\/lysbrohistorier.dk\/wp-content\/uploads\/2026\/02\/IMG_5625-225x300.jpeg 225w, https:\/\/lysbrohistorier.dk\/wp-content\/uploads\/2026\/02\/IMG_5625-18x24.jpeg 18w, https:\/\/lysbrohistorier.dk\/wp-content\/uploads\/2026\/02\/IMG_5625-27x36.jpeg 27w, https:\/\/lysbrohistorier.dk\/wp-content\/uploads\/2026\/02\/IMG_5625-36x48.jpeg 36w\" sizes=\"auto, (max-width: 240px) 100vw, 240px\" \/><\/figure>\n<\/div>\n<\/div>\n\n\n\n\n\n<div class=\"wp-block-columns is-layout-flex wp-container-core-columns-is-layout-28f84493 wp-block-columns-is-layout-flex\">\n<div class=\"wp-block-column is-layout-flow wp-block-column-is-layout-flow\"><\/div>\n\n\n\n<div class=\"wp-block-column is-layout-flow wp-block-column-is-layout-flow\"><\/div>\n<\/div>\n\n\n\n\n\n<p><\/p>\n","protected":false},"excerpt":{"rendered":"<p>Den R\u00f8de Bro over Lys\u00e5( som den stadig hedder i folkemunde selv om den i mange \u00e5r har v\u00e6ret sort) blev 68 \u00e5r. Dens sidste tid blev lidt turbulent. Kommunen lukkede broen 28.juni 2024. Der var konstateret r\u00e5d i broen. Lokale brugere af broen var ret utilfredse med lukningen, da der ikke kunne s\u00e6tte tid [&hellip;]<\/p>\n","protected":false},"author":1,"featured_media":0,"parent":0,"menu_order":0,"comment_status":"closed","ping_status":"closed","template":"","meta":{"site-sidebar-layout":"default","site-content-layout":"","ast-site-content-layout":"default","site-content-style":"default","site-sidebar-style":"default","ast-global-header-display":"","ast-banner-title-visibility":"","ast-main-header-display":"","ast-hfb-above-header-display":"","ast-hfb-below-header-display":"","ast-hfb-mobile-header-display":"","site-post-title":"","ast-breadcrumbs-content":"","ast-featured-img":"","footer-sml-layout":"","ast-disable-related-posts":"","theme-transparent-header-meta":"","adv-header-id-meta":"","stick-header-meta":"","header-above-stick-meta":"","header-main-stick-meta":"","header-below-stick-meta":"","astra-migrate-meta-layouts":"set","ast-page-background-enabled":"default","ast-page-background-meta":{"desktop":{"background-color":"var(--ast-global-color-4)","background-image":"","background-repeat":"repeat","background-position":"center center","background-size":"auto","background-attachment":"scroll","background-type":"","background-media":"","overlay-type":"","overlay-color":"","overlay-opacity":"","overlay-gradient":""},"tablet":{"background-color":"","background-image":"","background-repeat":"repeat","background-position":"center center","background-size":"auto","background-attachment":"scroll","background-type":"","background-media":"","overlay-type":"","overlay-color":"","overlay-opacity":"","overlay-gradient":""},"mobile":{"background-color":"","background-image":"","background-repeat":"repeat","background-position":"center center","background-size":"auto","background-attachment":"scroll","background-type":"","background-media":"","overlay-type":"","overlay-color":"","overlay-opacity":"","overlay-gradient":""}},"ast-content-background-meta":{"desktop":{"background-color":"var(--ast-global-color-5)","background-image":"","background-repeat":"repeat","background-position":"center center","background-size":"auto","background-attachment":"scroll","background-type":"","background-media":"","overlay-type":"","overlay-color":"","overlay-opacity":"","overlay-gradient":""},"tablet":{"background-color":"var(--ast-global-color-5)","background-image":"","background-repeat":"repeat","background-position":"center center","background-size":"auto","background-attachment":"scroll","background-type":"","background-media":"","overlay-type":"","overlay-color":"","overlay-opacity":"","overlay-gradient":""},"mobile":{"background-color":"var(--ast-global-color-5)","background-image":"","background-repeat":"repeat","background-position":"center center","background-size":"auto","background-attachment":"scroll","background-type":"","background-media":"","overlay-type":"","overlay-color":"","overlay-opacity":"","overlay-gradient":""}},"footnotes":""},"class_list":["post-1942","page","type-page","status-publish","hentry"],"_links":{"self":[{"href":"https:\/\/lysbrohistorier.dk\/index.php\/wp-json\/wp\/v2\/pages\/1942","targetHints":{"allow":["GET"]}}],"collection":[{"href":"https:\/\/lysbrohistorier.dk\/index.php\/wp-json\/wp\/v2\/pages"}],"about":[{"href":"https:\/\/lysbrohistorier.dk\/index.php\/wp-json\/wp\/v2\/types\/page"}],"author":[{"embeddable":true,"href":"https:\/\/lysbrohistorier.dk\/index.php\/wp-json\/wp\/v2\/users\/1"}],"replies":[{"embeddable":true,"href":"https:\/\/lysbrohistorier.dk\/index.php\/wp-json\/wp\/v2\/comments?post=1942"}],"version-history":[{"count":10,"href":"https:\/\/lysbrohistorier.dk\/index.php\/wp-json\/wp\/v2\/pages\/1942\/revisions"}],"predecessor-version":[{"id":1978,"href":"https:\/\/lysbrohistorier.dk\/index.php\/wp-json\/wp\/v2\/pages\/1942\/revisions\/1978"}],"wp:attachment":[{"href":"https:\/\/lysbrohistorier.dk\/index.php\/wp-json\/wp\/v2\/media?parent=1942"}],"curies":[{"name":"wp","href":"https:\/\/api.w.org\/{rel}","templated":true}]}}