{"id":249,"date":"2023-05-05T13:31:17","date_gmt":"2023-05-05T13:31:17","guid":{"rendered":"https:\/\/lysbrohistorier.dk\/?page_id=249"},"modified":"2024-06-10T09:07:31","modified_gmt":"2024-06-10T09:07:31","slug":"lysbro-mejeri-trilleboerefabrik-mm","status":"publish","type":"page","link":"https:\/\/lysbrohistorier.dk\/index.php\/lysbro-mejeri-trilleboerefabrik-mm\/","title":{"rendered":"Lysbro mejeri, Trilleb\u00f8refabrik mm"},"content":{"rendered":"<p><strong>Lysbro Mejeri &#8211; Trilleb\u00f8rfabrikken m.m.<\/strong><\/p>\n<p>Herningvej 74.<\/p>\n<p>17 marts 1888 besluttes det at oprette et Andelsmejeri i Lysbro, den forsynes med m\u00e6lk fra ca. 1000 k\u00f8er i det sydlige Balle og Funder.<\/p>\n<p>Teglv\u00e6rksejer P. Rask B\u00f8gild, er en af initiativtagerne og mejeribestyrer er Peder Skorstensg\u00e5rd.<\/p>\n<p>Allerede i marts 1899 besluttes det at opl\u00f8se mejeriet, hvilket sker 1 november 1899, idet der nu er bygget Silkeborg Andelsmejeri p\u00e5 Nygade 39.<\/p>\n<p>Fra omkring 1919 er der savv\u00e6rk p\u00e5 adressen, ejere er Frederiksen og senere Gjess\u00f8 Savv\u00e6rk.<\/p>\n<p>Marius Nielsen har i mange \u00e5r sammen med savv\u00e6rket ogs\u00e5 produktion af trilleb\u00f8re, hvor bl.a. teglv\u00e6rkerne var gode aftagere. Savv\u00e6rket blev af pladsn\u00f8d flyttet til hj\u00f8rnet ved Funder Holmevej, hvor Folkesparrekassen nu har adresse.<\/p>\n<p>Marius Nielsen bygger villa p\u00e5 Lysbrogade 4 i 1949 (materialemangel\/materialebevilling\/efterkrigen)<\/p>\n<p>S\u00f8nnen Knud Nielsen overtager og driver virksomheden til omkring 1960.<\/p>\n<p>Knud Gasbjerg har v\u00e6ret ansat p\u00e5 Silkeborg Maskinfabrik, men starter egen produktion af mejerimaskiner p\u00e5 Herningvej 74 i 1968.&nbsp;&nbsp;&nbsp; &#8211;&nbsp;&nbsp; K\u00f8ber ogs\u00e5 villaen Lysbrogade 4.<\/p>\n<p>Virksomheden flytter til Knudlund i 1975.<\/p>\n<p>I 1981 k\u00f8ber Torben Frits Nielsen Firmaet Kromalin som laver bl.a. h\u00e5ndrensemidler, firmaet \u00e6ndre navn til Kemex i 1986, og flytter til nyv\u00e6rende adresse p\u00e5 Mads Clausensvej i 1998.<\/p>\n<p>Siden har der v\u00e6ret gardinsalg, antikvitetshandel, tandteknik, sportsforretning, renseri, sportstryk, blomsterhandel (Rasmine von Unica),og idag t\u00f8mrerforretning (Gorm Lynge) fysioterapeut&nbsp;og tr\u00e6ningscenter, hundefris\u00f8r og h\u00e6klebar 2021<\/p>\n<p>Nogen af de n\u00e6vnte har v\u00e6ret i sidebygningen p\u00e5 Lysbrogade, der nu er indrettet til lejeboliger, (opf\u00f8rt som svejsebygning til trilleb\u00f8rfabrikken)<\/p>\n<p>\/Henning<\/p>\n\n\n<div class=\"wp-block-columns is-layout-flex wp-container-core-columns-is-layout-28f84493 wp-block-columns-is-layout-flex\">\n<div class=\"wp-block-column is-layout-flow wp-block-column-is-layout-flow\">\n<figure class=\"wp-block-image size-full is-resized\"><img loading=\"lazy\" decoding=\"async\" src=\"http:\/\/lysbrohistorier.dk\/wp-content\/uploads\/2023\/05\/Lysbro-mejeri-1945.jpg\" alt=\"\" class=\"wp-image-252\" width=\"287\" height=\"237\" srcset=\"https:\/\/lysbrohistorier.dk\/wp-content\/uploads\/2023\/05\/Lysbro-mejeri-1945.jpg 472w, https:\/\/lysbrohistorier.dk\/wp-content\/uploads\/2023\/05\/Lysbro-mejeri-1945-300x249.jpg 300w\" sizes=\"auto, (max-width: 287px) 100vw, 287px\" \/><figcaption class=\"wp-element-caption\">Herning vej 74 1945 (SilkeborgArkivB9832)<\/figcaption><\/figure>\n<\/div>\n\n\n\n<div class=\"wp-block-column is-layout-flow wp-block-column-is-layout-flow\">\n<figure class=\"wp-block-image size-large is-resized\"><img loading=\"lazy\" decoding=\"async\" src=\"http:\/\/lysbrohistorier.dk\/wp-content\/uploads\/2023\/05\/Lysbro-mejeri-1024x670.png\" alt=\"\" class=\"wp-image-253\" width=\"287\" height=\"237\"\/><figcaption class=\"wp-element-caption\">Herningvej 74 &#8211; 1898 (Silkeborg ArkivB7453)<\/figcaption><\/figure>\n<\/div>\n<\/div>\n\n\n\n<div class=\"wp-block-columns is-layout-flex wp-container-core-columns-is-layout-28f84493 wp-block-columns-is-layout-flex\">\n<div class=\"wp-block-column is-layout-flow wp-block-column-is-layout-flow\">\n<figure class=\"wp-block-image size-full\"><img loading=\"lazy\" decoding=\"async\" width=\"1024\" height=\"665\" src=\"http:\/\/lysbrohistorier.dk\/wp-content\/uploads\/2023\/05\/Flf1988.Trilleboerfabrikken._Lysbro-.jpg\" alt=\"Trilleb\u00f8r transport\" class=\"wp-image-277\" srcset=\"https:\/\/lysbrohistorier.dk\/wp-content\/uploads\/2023\/05\/Flf1988.Trilleboerfabrikken._Lysbro-.jpg 1024w, https:\/\/lysbrohistorier.dk\/wp-content\/uploads\/2023\/05\/Flf1988.Trilleboerfabrikken._Lysbro--300x195.jpg 300w, https:\/\/lysbrohistorier.dk\/wp-content\/uploads\/2023\/05\/Flf1988.Trilleboerfabrikken._Lysbro--768x499.jpg 768w\" sizes=\"auto, (max-width: 1024px) 100vw, 1024px\" \/><\/figure>\n\n\n\n<p>Foto fra Funder Lokalhistorisk Forening<br>Trilleb\u00f8r fabrikken i Lysbro ( Herningvej)<\/p>\n<\/div>\n\n\n\n<div class=\"wp-block-column is-layout-flow wp-block-column-is-layout-flow\">\n<figure class=\"wp-block-image size-full is-resized\"><img loading=\"lazy\" decoding=\"async\" src=\"https:\/\/lysbrohistorier.dk\/wp-content\/uploads\/2023\/05\/Flf2957.Herningvej.82.Lysbro.jpg\" alt=\"\" class=\"wp-image-374\" width=\"503\" height=\"269\" srcset=\"https:\/\/lysbrohistorier.dk\/wp-content\/uploads\/2023\/05\/Flf2957.Herningvej.82.Lysbro.jpg 1024w, https:\/\/lysbrohistorier.dk\/wp-content\/uploads\/2023\/05\/Flf2957.Herningvej.82.Lysbro-300x161.jpg 300w, https:\/\/lysbrohistorier.dk\/wp-content\/uploads\/2023\/05\/Flf2957.Herningvej.82.Lysbro-768x411.jpg 768w\" sizes=\"auto, (max-width: 503px) 100vw, 503px\" \/><\/figure>\n<\/div>\n<\/div>\n\n\n<p><img loading=\"lazy\" decoding=\"async\" class=\"alignnone size-full wp-image-1807\" src=\"http:\/\/lysbrohistorier.dk\/wp-content\/uploads\/2024\/06\/smeden2.jpg\" alt=\"\" width=\"351\" height=\"600\" srcset=\"https:\/\/lysbrohistorier.dk\/wp-content\/uploads\/2024\/06\/smeden2.jpg 351w, https:\/\/lysbrohistorier.dk\/wp-content\/uploads\/2024\/06\/smeden2-176x300.jpg 176w, https:\/\/lysbrohistorier.dk\/wp-content\/uploads\/2024\/06\/smeden2-14x24.jpg 14w, https:\/\/lysbrohistorier.dk\/wp-content\/uploads\/2024\/06\/smeden2-21x36.jpg 21w, https:\/\/lysbrohistorier.dk\/wp-content\/uploads\/2024\/06\/smeden2-28x48.jpg 28w\" sizes=\"auto, (max-width: 351px) 100vw, 351px\" \/><\/p>","protected":false},"excerpt":{"rendered":"<p>Lysbro Mejeri &#8211; Trilleb\u00f8rfabrikken m.m. Herningvej 74. 17 marts 1888 besluttes det at oprette et Andelsmejeri i Lysbro, den forsynes med m\u00e6lk fra ca. 1000 k\u00f8er i det sydlige Balle og Funder. Teglv\u00e6rksejer P. Rask B\u00f8gild, er en af initiativtagerne og mejeribestyrer er Peder Skorstensg\u00e5rd. Allerede i marts 1899 besluttes det at opl\u00f8se mejeriet, hvilket [&hellip;]<\/p>\n","protected":false},"author":1,"featured_media":0,"parent":0,"menu_order":0,"comment_status":"closed","ping_status":"closed","template":"","meta":{"site-sidebar-layout":"no-sidebar","site-content-layout":"narrow-container","ast-site-content-layout":"default","site-content-style":"default","site-sidebar-style":"default","ast-global-header-display":"","ast-banner-title-visibility":"","ast-main-header-display":"","ast-hfb-above-header-display":"","ast-hfb-below-header-display":"","ast-hfb-mobile-header-display":"","site-post-title":"","ast-breadcrumbs-content":"","ast-featured-img":"","footer-sml-layout":"","ast-disable-related-posts":"","theme-transparent-header-meta":"","adv-header-id-meta":"","stick-header-meta":"","header-above-stick-meta":"","header-main-stick-meta":"","header-below-stick-meta":"","astra-migrate-meta-layouts":"default","ast-page-background-enabled":"default","ast-page-background-meta":{"desktop":{"background-color":"var(--ast-global-color-4)","background-image":"","background-repeat":"repeat","background-position":"center center","background-size":"auto","background-attachment":"scroll","background-type":"","background-media":"","overlay-type":"","overlay-color":"","overlay-opacity":"","overlay-gradient":""},"tablet":{"background-color":"","background-image":"","background-repeat":"repeat","background-position":"center center","background-size":"auto","background-attachment":"scroll","background-type":"","background-media":"","overlay-type":"","overlay-color":"","overlay-opacity":"","overlay-gradient":""},"mobile":{"background-color":"","background-image":"","background-repeat":"repeat","background-position":"center center","background-size":"auto","background-attachment":"scroll","background-type":"","background-media":"","overlay-type":"","overlay-color":"","overlay-opacity":"","overlay-gradient":""}},"ast-content-background-meta":{"desktop":{"background-color":"var(--ast-global-color-5)","background-image":"","background-repeat":"repeat","background-position":"center center","background-size":"auto","background-attachment":"scroll","background-type":"","background-media":"","overlay-type":"","overlay-color":"","overlay-opacity":"","overlay-gradient":""},"tablet":{"background-color":"var(--ast-global-color-5)","background-image":"","background-repeat":"repeat","background-position":"center center","background-size":"auto","background-attachment":"scroll","background-type":"","background-media":"","overlay-type":"","overlay-color":"","overlay-opacity":"","overlay-gradient":""},"mobile":{"background-color":"var(--ast-global-color-5)","background-image":"","background-repeat":"repeat","background-position":"center center","background-size":"auto","background-attachment":"scroll","background-type":"","background-media":"","overlay-type":"","overlay-color":"","overlay-opacity":"","overlay-gradient":""}},"footnotes":""},"class_list":["post-249","page","type-page","status-publish","hentry"],"_links":{"self":[{"href":"https:\/\/lysbrohistorier.dk\/index.php\/wp-json\/wp\/v2\/pages\/249","targetHints":{"allow":["GET"]}}],"collection":[{"href":"https:\/\/lysbrohistorier.dk\/index.php\/wp-json\/wp\/v2\/pages"}],"about":[{"href":"https:\/\/lysbrohistorier.dk\/index.php\/wp-json\/wp\/v2\/types\/page"}],"author":[{"embeddable":true,"href":"https:\/\/lysbrohistorier.dk\/index.php\/wp-json\/wp\/v2\/users\/1"}],"replies":[{"embeddable":true,"href":"https:\/\/lysbrohistorier.dk\/index.php\/wp-json\/wp\/v2\/comments?post=249"}],"version-history":[{"count":17,"href":"https:\/\/lysbrohistorier.dk\/index.php\/wp-json\/wp\/v2\/pages\/249\/revisions"}],"predecessor-version":[{"id":1809,"href":"https:\/\/lysbrohistorier.dk\/index.php\/wp-json\/wp\/v2\/pages\/249\/revisions\/1809"}],"wp:attachment":[{"href":"https:\/\/lysbrohistorier.dk\/index.php\/wp-json\/wp\/v2\/media?parent=249"}],"curies":[{"name":"wp","href":"https:\/\/api.w.org\/{rel}","templated":true}]}}