{"id":53,"date":"2023-04-13T18:55:08","date_gmt":"2023-04-13T18:55:08","guid":{"rendered":"https:\/\/lysbrohistorier.dk\/?page_id=53"},"modified":"2024-12-02T13:28:51","modified_gmt":"2024-12-02T13:28:51","slug":"teglvaerker-i-lysbro-og-silkeborg-omegn","status":"publish","type":"page","link":"https:\/\/lysbrohistorier.dk\/index.php\/teglvaerker-i-lysbro-og-silkeborg-omegn\/","title":{"rendered":"Teglv\u00e6rker i Lysbro og Silkeborg omegn"},"content":{"rendered":"\n<figure class=\"wp-block-image alignnone size-large wp-image-181\"><img loading=\"lazy\" decoding=\"async\" width=\"1024\" height=\"646\" src=\"http:\/\/lysbrohistorier.dk\/wp-content\/uploads\/2023\/05\/Forside-5-teglvaerker-i-Lysbro-1024x646.jpg\" alt=\"\" class=\"wp-image-181\" srcset=\"https:\/\/lysbrohistorier.dk\/wp-content\/uploads\/2023\/05\/Forside-5-teglvaerker-i-Lysbro-1024x646.jpg 1024w, https:\/\/lysbrohistorier.dk\/wp-content\/uploads\/2023\/05\/Forside-5-teglvaerker-i-Lysbro-300x189.jpg 300w, https:\/\/lysbrohistorier.dk\/wp-content\/uploads\/2023\/05\/Forside-5-teglvaerker-i-Lysbro-768x484.jpg 768w, https:\/\/lysbrohistorier.dk\/wp-content\/uploads\/2023\/05\/Forside-5-teglvaerker-i-Lysbro.jpg 1280w\" sizes=\"auto, (max-width: 1024px) 100vw, 1024px\" \/><figcaption class=\"wp-element-caption\">Luftfoto, ses fra Funder Bakke<br>Silkeborg Arkiv B21046<\/figcaption><\/figure>\n\n\n\n<p>Kunsten at br\u00e6nde mursten i Danmark kendes tilbage omkring 1160.<\/p>\n\n\n\n<p>Indvandrende Munke lavede ovne, br\u00e6ndte sten (munkesten) og tagsten til klostre, kirker, f\u00e6stningsv\u00e6rker, borge, slotte og stenhuse.<\/p>\n\n\n\n<p>I det 17 til 18 \u00e5rhundrede gik teglbr\u00e6ndingen lidt i st\u00e5, nogen steder endda helt, hovedsagelig p\u00e5 grund af mangel p\u00e5 br\u00e6nde. (svenskekrige bl. a.) Efter landboreformen i 1788 kommer der gang i teglbr\u00e6ndingen igen, bl.a. til g\u00e5rdenes udflytning.<\/p>\n\n\n\n<p>P\u00e5 Silkeborg egnen g\u00e5r det f\u00f8rst rigtig l\u00f8s igen efter en krise omkring 1850`erne. Silkeborg har i gennem tiderne haft mange Teglv\u00e6rker, og der er ogs\u00e5 utrolig mange sammenfald af ejere.<\/p>\n\n\n\n<p>Silkeborg teglovn,&nbsp; (1560)1842-1890, Papirfabrikken,<\/p>\n\n\n\n<p>B\u00f8gild Teglv\u00e6rk, 1838\/73 &#8211; 1965.<\/p>\n\n\n\n<p>S\u00f8lund teglv\u00e6rk, 1851 &#8211; 1885 ?<\/p>\n\n\n\n<p>Teglk\u00e6r Lysbro Skov ?,&nbsp; (?-1858)&nbsp;&nbsp;&nbsp;&nbsp;&nbsp;&nbsp;&nbsp;&nbsp;&nbsp;&nbsp;&nbsp;&nbsp;&nbsp;&nbsp;&nbsp;&nbsp;&nbsp;&nbsp;&nbsp;&nbsp;&nbsp;&nbsp;&nbsp;&nbsp;&nbsp;&nbsp;&nbsp; &#8211;<\/p>\n\n\n\n<p>\u00d8rns\u00f8 Teglv\u00e6rk, 1860 -1933.&nbsp;&nbsp;&nbsp;&nbsp;&nbsp;&nbsp;&nbsp;&nbsp;&nbsp;&nbsp;&nbsp;&nbsp;&nbsp;&nbsp;&nbsp; &nbsp;&nbsp;&nbsp;&nbsp;&nbsp;&nbsp;&nbsp;&nbsp;&nbsp;&nbsp;&#8211;<\/p>\n\n\n\n<p>Hj\u00f8rnet ved Herningvej\/Funder &nbsp;Holmevej 1873-1900<\/p>\n\n\n\n<p>Mellem Lysbro Skole og Errboe&nbsp;&nbsp; Vinthers Teglv. 1875<\/p>\n\n\n\n<p>Funder Skovhuse Teglv\u00e6rk \/ Om\u00f8vej,&nbsp; Funder Bakke,) ca. 1891 &#8211; 1938<\/p>\n\n\n\n<p>Funderskov Teglv\u00e6rk,&nbsp; \u00c6r\u00f8vej&nbsp; 1892 &#8211; ca.1917<\/p>\n\n\n\n<p>Lysbro Teglv\u00e6rk, \u00f8st og vest for N\u00f8rregade\/Lysbrogade, 1896-2001 &#8211;<\/p>\n\n\n\n<p>Silkeborg Teglv\u00e6rk, \u00c5rhusbakken 1899 -1942.<\/p>\n\n\n\n<p>De Forenede Teglv\u00e6rker p\u00e5 Herningvej 106,&nbsp; 1900-1980 &#8211;<\/p>\n\n\n\n<figure class=\"wp-block-image size-full\"><img loading=\"lazy\" decoding=\"async\" width=\"945\" height=\"518\" src=\"http:\/\/lysbrohistorier.dk\/wp-content\/uploads\/2024\/12\/Teglv.-Aarhusbakken-XXXXX.jpg\" alt=\"\" class=\"wp-image-1876\" srcset=\"https:\/\/lysbrohistorier.dk\/wp-content\/uploads\/2024\/12\/Teglv.-Aarhusbakken-XXXXX.jpg 945w, https:\/\/lysbrohistorier.dk\/wp-content\/uploads\/2024\/12\/Teglv.-Aarhusbakken-XXXXX-300x164.jpg 300w, https:\/\/lysbrohistorier.dk\/wp-content\/uploads\/2024\/12\/Teglv.-Aarhusbakken-XXXXX-768x421.jpg 768w, https:\/\/lysbrohistorier.dk\/wp-content\/uploads\/2024\/12\/Teglv.-Aarhusbakken-XXXXX-24x13.jpg 24w, https:\/\/lysbrohistorier.dk\/wp-content\/uploads\/2024\/12\/Teglv.-Aarhusbakken-XXXXX-36x20.jpg 36w, https:\/\/lysbrohistorier.dk\/wp-content\/uploads\/2024\/12\/Teglv.-Aarhusbakken-XXXXX-48x26.jpg 48w\" sizes=\"auto, (max-width: 945px) 100vw, 945px\" \/><\/figure>\n\n\n\n<p>I periferien:<\/p>\n\n\n\n<p>Teglv\u00e6rk i Ekkodalen, (Virklund) ca.1857. Ludvigslyst Teglv\u00e6rk 1858 ?&nbsp;&nbsp;&nbsp; &#8211;&nbsp; Overg\u00e5rd ??,&nbsp;&nbsp; &#8211;&nbsp; Vester Kejlstrup ??,&nbsp;&nbsp;&nbsp;&nbsp;&nbsp; Sejlg\u00e5rd Teglvv\u00e6rk \/ Mergel 1875-1910,&nbsp;&nbsp; &#8211;&nbsp; Charlottenlund Teglv\u00e6rk, (Kragelund) 1857-1943.&nbsp; &#8211;<\/p>\n\n\n\n<p>Sinding Teglv\u00e6rk ca. 1870-1965.&nbsp; &#8211;&nbsp;&nbsp; Vinderslevgaard Teglv\u00e6rk \/Siim&nbsp; &#8211;&nbsp;&nbsp;&nbsp;&nbsp; Anebjerg Teglv\u00e6rk (Laven) 1907-1980.&nbsp; P\u00e5rup Teglv\u00e6rk.1848 &#8211; 1976&nbsp; &#8211;&nbsp;&nbsp; Gjern Teglv\u00e6rk 1908 &#8211; 1970 ?&nbsp; &#8211; Galten Teglv. 1871 &#8211; 2000 ?\/ Nieburh &#8211;<\/p>\n\n\n\n<p>L\u00f8ndal&nbsp; 1840-50&nbsp; &#8211;&nbsp;&nbsp; L\u00f8venholdt \/ \u00d8rneborg, Salten&nbsp;&nbsp;&nbsp; (Frederik M\u00f8ller) 1795 \u2013 1850.<\/p>\n","protected":false},"excerpt":{"rendered":"<p>Kunsten at br\u00e6nde mursten i Danmark kendes tilbage omkring 1160. Indvandrende Munke lavede ovne, br\u00e6ndte sten (munkesten) og tagsten til klostre, kirker, f\u00e6stningsv\u00e6rker, borge, slotte og stenhuse. I det 17 til 18 \u00e5rhundrede gik teglbr\u00e6ndingen lidt i st\u00e5, nogen steder endda helt, hovedsagelig p\u00e5 grund af mangel p\u00e5 br\u00e6nde. (svenskekrige bl. a.) Efter landboreformen i [&hellip;]<\/p>\n","protected":false},"author":1,"featured_media":0,"parent":0,"menu_order":0,"comment_status":"closed","ping_status":"closed","template":"","meta":{"site-sidebar-layout":"no-sidebar","site-content-layout":"narrow-container","ast-site-content-layout":"default","site-content-style":"default","site-sidebar-style":"default","ast-global-header-display":"","ast-banner-title-visibility":"","ast-main-header-display":"","ast-hfb-above-header-display":"","ast-hfb-below-header-display":"","ast-hfb-mobile-header-display":"","site-post-title":"","ast-breadcrumbs-content":"","ast-featured-img":"","footer-sml-layout":"","ast-disable-related-posts":"","theme-transparent-header-meta":"","adv-header-id-meta":"","stick-header-meta":"","header-above-stick-meta":"","header-main-stick-meta":"","header-below-stick-meta":"","astra-migrate-meta-layouts":"default","ast-page-background-enabled":"default","ast-page-background-meta":{"desktop":{"background-color":"var(--ast-global-color-4)","background-image":"","background-repeat":"repeat","background-position":"center center","background-size":"auto","background-attachment":"scroll","background-type":"","background-media":"","overlay-type":"","overlay-color":"","overlay-opacity":"","overlay-gradient":""},"tablet":{"background-color":"","background-image":"","background-repeat":"repeat","background-position":"center center","background-size":"auto","background-attachment":"scroll","background-type":"","background-media":"","overlay-type":"","overlay-color":"","overlay-opacity":"","overlay-gradient":""},"mobile":{"background-color":"","background-image":"","background-repeat":"repeat","background-position":"center center","background-size":"auto","background-attachment":"scroll","background-type":"","background-media":"","overlay-type":"","overlay-color":"","overlay-opacity":"","overlay-gradient":""}},"ast-content-background-meta":{"desktop":{"background-color":"var(--ast-global-color-5)","background-image":"","background-repeat":"repeat","background-position":"center center","background-size":"auto","background-attachment":"scroll","background-type":"","background-media":"","overlay-type":"","overlay-color":"","overlay-opacity":"","overlay-gradient":""},"tablet":{"background-color":"var(--ast-global-color-5)","background-image":"","background-repeat":"repeat","background-position":"center center","background-size":"auto","background-attachment":"scroll","background-type":"","background-media":"","overlay-type":"","overlay-color":"","overlay-opacity":"","overlay-gradient":""},"mobile":{"background-color":"var(--ast-global-color-5)","background-image":"","background-repeat":"repeat","background-position":"center center","background-size":"auto","background-attachment":"scroll","background-type":"","background-media":"","overlay-type":"","overlay-color":"","overlay-opacity":"","overlay-gradient":""}},"footnotes":""},"class_list":["post-53","page","type-page","status-publish","hentry"],"_links":{"self":[{"href":"https:\/\/lysbrohistorier.dk\/index.php\/wp-json\/wp\/v2\/pages\/53","targetHints":{"allow":["GET"]}}],"collection":[{"href":"https:\/\/lysbrohistorier.dk\/index.php\/wp-json\/wp\/v2\/pages"}],"about":[{"href":"https:\/\/lysbrohistorier.dk\/index.php\/wp-json\/wp\/v2\/types\/page"}],"author":[{"embeddable":true,"href":"https:\/\/lysbrohistorier.dk\/index.php\/wp-json\/wp\/v2\/users\/1"}],"replies":[{"embeddable":true,"href":"https:\/\/lysbrohistorier.dk\/index.php\/wp-json\/wp\/v2\/comments?post=53"}],"version-history":[{"count":11,"href":"https:\/\/lysbrohistorier.dk\/index.php\/wp-json\/wp\/v2\/pages\/53\/revisions"}],"predecessor-version":[{"id":1885,"href":"https:\/\/lysbrohistorier.dk\/index.php\/wp-json\/wp\/v2\/pages\/53\/revisions\/1885"}],"wp:attachment":[{"href":"https:\/\/lysbrohistorier.dk\/index.php\/wp-json\/wp\/v2\/media?parent=53"}],"curies":[{"name":"wp","href":"https:\/\/api.w.org\/{rel}","templated":true}]}}