{"id":547,"date":"2023-07-05T10:36:31","date_gmt":"2023-07-05T10:36:31","guid":{"rendered":"https:\/\/lysbrohistorier.dk\/?page_id=547"},"modified":"2023-09-05T16:29:41","modified_gmt":"2023-09-05T16:29:41","slug":"rejsebeskrivelse-1859","status":"publish","type":"page","link":"https:\/\/lysbrohistorier.dk\/index.php\/rejsebeskrivelse-1859\/","title":{"rendered":"Rejsebeskrivelse 1859"},"content":{"rendered":"\n<p>Citat fra Otto Bisgaards overs\u00e6ttelse af Horace Marryat`s fort\u00e6lling om oplevelser i Silkeborg og&nbsp; egnen omkring.<\/p>\n\n\n\n<p>Horace Marryat er rejsebogsforfatter.&nbsp;&nbsp;&nbsp; &#8211;&nbsp; Herom fort\u00e6lles i Silkeborg Avis 20, 22, og 24 juli 1937.<\/p>\n\n\n\n<p>Horace Marryat havde kone, venner og tjenestefolk med og rejste rundt i Danmark der var planlagt til at skulle tage to \u00e5r.<\/p>\n\n\n\n<p>Den 17 juni 1859 k\u00f8rer vi i d\u00e5rligt vejr ned gennem Kongevejen (\u00c5rhusvej), en pragtfuld dal med h\u00f8je b\u00f8g og n\u00e5letr\u00e6er. &#8211; B\u00e5de heste og vi er udmattede. &#8211;&nbsp; Vi m\u00f8der flokke af b\u00f8nder, heste, og k\u00f8er , der er marked i byen.<\/p>\n\n\n\n<p>Nu \u00f8ser det ned igen og ned ad bakke for vi \u00f8je p\u00e5 en s\u00f8, en \u00e5, en by&nbsp; &#8211; alt sammen rigtigt yndigt, men v\u00e6mmeligt n\u00e5r man er ved at drukne i v\u00e6de.<\/p>\n\n\n\n<p>Vi fandt Hotel Dania i en frygtelig forvirring og m\u00e5tte vente p\u00e5 v\u00e6relse og mad, men en oplevelse i det mylder af markedsg\u00e6ster der byttede varer,&nbsp; k\u00f8bte og solgte.<\/p>\n\n\n\n<div class=\"wp-block-columns is-layout-flex wp-container-core-columns-is-layout-28f84493 wp-block-columns-is-layout-flex\">\n<div class=\"wp-block-column is-layout-flow wp-block-column-is-layout-flow\">\n<figure class=\"wp-block-image size-full\"><img loading=\"lazy\" decoding=\"async\" width=\"472\" height=\"347\" src=\"http:\/\/lysbrohistorier.dk\/wp-content\/uploads\/2023\/07\/Datidens-koeretoejer-ved-Dania.jpg\" alt=\"\" class=\"wp-image-972\" srcset=\"https:\/\/lysbrohistorier.dk\/wp-content\/uploads\/2023\/07\/Datidens-koeretoejer-ved-Dania.jpg 472w, https:\/\/lysbrohistorier.dk\/wp-content\/uploads\/2023\/07\/Datidens-koeretoejer-ved-Dania-300x221.jpg 300w, https:\/\/lysbrohistorier.dk\/wp-content\/uploads\/2023\/07\/Datidens-koeretoejer-ved-Dania-24x18.jpg 24w, https:\/\/lysbrohistorier.dk\/wp-content\/uploads\/2023\/07\/Datidens-koeretoejer-ved-Dania-36x26.jpg 36w, https:\/\/lysbrohistorier.dk\/wp-content\/uploads\/2023\/07\/Datidens-koeretoejer-ved-Dania-48x35.jpg 48w\" sizes=\"auto, (max-width: 472px) 100vw, 472px\" \/><figcaption class=\"wp-element-caption\">Datidens k\u00f8ret\u00f8jer ved Hotel Dania<\/figcaption><\/figure>\n<\/div>\n\n\n\n<div class=\"wp-block-column is-layout-flow wp-block-column-is-layout-flow\">\n<figure class=\"wp-block-image size-large\"><img loading=\"lazy\" decoding=\"async\" width=\"1024\" height=\"753\" src=\"http:\/\/lysbrohistorier.dk\/wp-content\/uploads\/2023\/07\/Gamle-kaeretaejer-ved-Hotel-Dania-B13312-1024x753.jpg\" alt=\"\" class=\"wp-image-973\" srcset=\"https:\/\/lysbrohistorier.dk\/wp-content\/uploads\/2023\/07\/Gamle-kaeretaejer-ved-Hotel-Dania-B13312-1024x753.jpg 1024w, https:\/\/lysbrohistorier.dk\/wp-content\/uploads\/2023\/07\/Gamle-kaeretaejer-ved-Hotel-Dania-B13312-300x221.jpg 300w, https:\/\/lysbrohistorier.dk\/wp-content\/uploads\/2023\/07\/Gamle-kaeretaejer-ved-Hotel-Dania-B13312-768x565.jpg 768w, https:\/\/lysbrohistorier.dk\/wp-content\/uploads\/2023\/07\/Gamle-kaeretaejer-ved-Hotel-Dania-B13312-24x18.jpg 24w, https:\/\/lysbrohistorier.dk\/wp-content\/uploads\/2023\/07\/Gamle-kaeretaejer-ved-Hotel-Dania-B13312-36x26.jpg 36w, https:\/\/lysbrohistorier.dk\/wp-content\/uploads\/2023\/07\/Gamle-kaeretaejer-ved-Hotel-Dania-B13312-48x35.jpg 48w, https:\/\/lysbrohistorier.dk\/wp-content\/uploads\/2023\/07\/Gamle-kaeretaejer-ved-Hotel-Dania-B13312.jpg 1280w\" sizes=\"auto, (max-width: 1024px) 100vw, 1024px\" \/><figcaption class=\"wp-element-caption\">Gamle k\u00f8ret\u00f8jer ved Hotel Dania 1921 (B13312)<\/figcaption><\/figure>\n<\/div>\n<\/div>\n\n\n\n<p>I Silkeborg m\u00f8der de H.C. Andersen if\u00f8lge hans dagbog 20 juni 1859 p\u00e5 Hotel Dania.<\/p>\n\n\n\n<p>Der er tre dage til r\u00e5dighed til at bese egnen og dagen startes allerede kl. 10<\/p>\n\n\n\n<p>Vi k\u00f8rte en vej langs Langs\u00f8`s bredder, p\u00e5 denne vej syntes alle at have travlt med at lave mursten (<strong>Lysbro<\/strong>)<\/p>\n\n\n\n<p>Videre til Amalie Kilde der ligger ved den skovbevoksede \u00d8rns\u00f8, en&nbsp; Kilde hvis v\u00e6ld er s\u00e5 jernholdigt, at det dejlige vand \u00f8del\u00e6gges af en \u00e6kel smag som rustent jern.<\/p>\n\n\n\n<p>Denne Kilde er et yndet udflugtssted for Silkeborgensere hvor man nyder sin mad ved opstillede borde, der findes ogs\u00e5 et primitivt feltk\u00f8kken hvor man kan stege sin fisk.<\/p>\n\n\n\n<p>Efter et lille hvil p\u00e5 Drewsensh\u00f8j, (Amalieh\u00f8j) hvorfra der er udsigt til landsbyen Lysang-bro (Lysbro) p\u00e5 den modsatte side af s\u00f8en, ser vi mod syd H\u00f8jen opkaldt efter Frederik den syvende.<\/p>\n\n\n\n<p>Navngivningen ses i \u00c5rhus Stiftstidende den 29 juni 1852, det er under Frederik d. 7 f\u00f8rste bes\u00f8g i Silkeborg og er med sine 123 meter det h\u00f8jeste punkt i Silkeborg omr\u00e5det.<\/p>\n\n\n\n<p>Herfra havde vi en pragtfuld usigt over bakker med b\u00f8g og fyr, igen pragtfuld til Lysang-bro, \u00c5dalen mod vest (Funder) med mose, overs\u00e5et med t\u00f8rvestakke som lignede begravelsestog p\u00e5 vej gennem dalen.<\/p>\n\n\n\n<p>Ogs\u00e5 Drewsens nyopf\u00f8rte villa bes\u00f8ges med dens overflod af engelske roser<\/p>\n\n\n\n<p>Ved tilbagekomsten til Dania bliver der straks serveret middag for os, suppe, kalvekoteletter, som er udm\u00e6rket tilberedt, salater og fem\/seks slags kompotter, desuden skovb\u00e6r med rigeligt tyk fl\u00f8de til dessert.<\/p>\n\n\n\n<p>V\u00e6relset er fejet og gjort hyggelig med vaser af roser og nelliker.<\/p>\n\n\n\n<p>Aftenen indbyder til endnu en henrivende tur, men vi ved ikke hvordan dette sted vil se ud om endnu en snes \u00e5r, n\u00e5r det bliver gennemsk\u00e5ret af jernbanen og gennemsyret af civilisation.<\/p>\n\n\n\n<p>Men hvis man i \u00f8jeblikket m\u00f8der andet end h\u00f8flighed og opm\u00e6rksomhed, er det ens egen skyld.<\/p>\n\n\n\n<p>Otto Bisg\u00e5rd ,&nbsp;Wikisilkeborg,&nbsp;\/Henning<\/p>\n\n\n\n<div class=\"wp-block-columns is-layout-flex wp-container-core-columns-is-layout-28f84493 wp-block-columns-is-layout-flex\"><\/div>\n\n\n\n<div class=\"wp-block-columns is-layout-flex wp-container-core-columns-is-layout-28f84493 wp-block-columns-is-layout-flex\"><\/div>\n","protected":false},"excerpt":{"rendered":"<p>Citat fra Otto Bisgaards overs\u00e6ttelse af Horace Marryat`s fort\u00e6lling om oplevelser i Silkeborg og&nbsp; egnen omkring. Horace Marryat er rejsebogsforfatter.&nbsp;&nbsp;&nbsp; &#8211;&nbsp; Herom fort\u00e6lles i Silkeborg Avis 20, 22, og 24 juli 1937. Horace Marryat havde kone, venner og tjenestefolk med og rejste rundt i Danmark der var planlagt til at skulle tage to \u00e5r. Den [&hellip;]<\/p>\n","protected":false},"author":1,"featured_media":0,"parent":0,"menu_order":0,"comment_status":"closed","ping_status":"closed","template":"","meta":{"site-sidebar-layout":"no-sidebar","site-content-layout":"narrow-container","ast-site-content-layout":"default","site-content-style":"default","site-sidebar-style":"default","ast-global-header-display":"","ast-banner-title-visibility":"","ast-main-header-display":"","ast-hfb-above-header-display":"","ast-hfb-below-header-display":"","ast-hfb-mobile-header-display":"","site-post-title":"","ast-breadcrumbs-content":"","ast-featured-img":"","footer-sml-layout":"","ast-disable-related-posts":"","theme-transparent-header-meta":"","adv-header-id-meta":"","stick-header-meta":"","header-above-stick-meta":"","header-main-stick-meta":"","header-below-stick-meta":"","astra-migrate-meta-layouts":"default","ast-page-background-enabled":"default","ast-page-background-meta":{"desktop":{"background-color":"var(--ast-global-color-4)","background-image":"","background-repeat":"repeat","background-position":"center center","background-size":"auto","background-attachment":"scroll","background-type":"","background-media":"","overlay-type":"","overlay-color":"","overlay-opacity":"","overlay-gradient":""},"tablet":{"background-color":"","background-image":"","background-repeat":"repeat","background-position":"center center","background-size":"auto","background-attachment":"scroll","background-type":"","background-media":"","overlay-type":"","overlay-color":"","overlay-opacity":"","overlay-gradient":""},"mobile":{"background-color":"","background-image":"","background-repeat":"repeat","background-position":"center center","background-size":"auto","background-attachment":"scroll","background-type":"","background-media":"","overlay-type":"","overlay-color":"","overlay-opacity":"","overlay-gradient":""}},"ast-content-background-meta":{"desktop":{"background-color":"var(--ast-global-color-5)","background-image":"","background-repeat":"repeat","background-position":"center center","background-size":"auto","background-attachment":"scroll","background-type":"","background-media":"","overlay-type":"","overlay-color":"","overlay-opacity":"","overlay-gradient":""},"tablet":{"background-color":"var(--ast-global-color-5)","background-image":"","background-repeat":"repeat","background-position":"center center","background-size":"auto","background-attachment":"scroll","background-type":"","background-media":"","overlay-type":"","overlay-color":"","overlay-opacity":"","overlay-gradient":""},"mobile":{"background-color":"var(--ast-global-color-5)","background-image":"","background-repeat":"repeat","background-position":"center center","background-size":"auto","background-attachment":"scroll","background-type":"","background-media":"","overlay-type":"","overlay-color":"","overlay-opacity":"","overlay-gradient":""}},"footnotes":""},"class_list":["post-547","page","type-page","status-publish","hentry"],"_links":{"self":[{"href":"https:\/\/lysbrohistorier.dk\/index.php\/wp-json\/wp\/v2\/pages\/547","targetHints":{"allow":["GET"]}}],"collection":[{"href":"https:\/\/lysbrohistorier.dk\/index.php\/wp-json\/wp\/v2\/pages"}],"about":[{"href":"https:\/\/lysbrohistorier.dk\/index.php\/wp-json\/wp\/v2\/types\/page"}],"author":[{"embeddable":true,"href":"https:\/\/lysbrohistorier.dk\/index.php\/wp-json\/wp\/v2\/users\/1"}],"replies":[{"embeddable":true,"href":"https:\/\/lysbrohistorier.dk\/index.php\/wp-json\/wp\/v2\/comments?post=547"}],"version-history":[{"count":2,"href":"https:\/\/lysbrohistorier.dk\/index.php\/wp-json\/wp\/v2\/pages\/547\/revisions"}],"predecessor-version":[{"id":974,"href":"https:\/\/lysbrohistorier.dk\/index.php\/wp-json\/wp\/v2\/pages\/547\/revisions\/974"}],"wp:attachment":[{"href":"https:\/\/lysbrohistorier.dk\/index.php\/wp-json\/wp\/v2\/media?parent=547"}],"curies":[{"name":"wp","href":"https:\/\/api.w.org\/{rel}","templated":true}]}}