{"id":806,"date":"2023-07-18T10:41:27","date_gmt":"2023-07-18T10:41:27","guid":{"rendered":"https:\/\/lysbrohistorier.dk\/?page_id=806"},"modified":"2023-09-05T16:38:40","modified_gmt":"2023-09-05T16:38:40","slug":"lysbro-plejecenter","status":"publish","type":"page","link":"https:\/\/lysbrohistorier.dk\/index.php\/lysbro-plejecenter\/","title":{"rendered":"Lysbro Plejecenter"},"content":{"rendered":"<figure id=\"attachment_807\" aria-describedby=\"caption-attachment-807\" style=\"width: 1024px\" class=\"wp-caption alignnone\"><img loading=\"lazy\" decoding=\"async\" class=\"size-large wp-image-807\" src=\"http:\/\/lysbrohistorier.dk\/wp-content\/uploads\/2023\/07\/Lysbro-Plejecenter-1024x768.jpg\" alt=\"\" width=\"1024\" height=\"768\" srcset=\"https:\/\/lysbrohistorier.dk\/wp-content\/uploads\/2023\/07\/Lysbro-Plejecenter-1024x768.jpg 1024w, https:\/\/lysbrohistorier.dk\/wp-content\/uploads\/2023\/07\/Lysbro-Plejecenter-300x225.jpg 300w, https:\/\/lysbrohistorier.dk\/wp-content\/uploads\/2023\/07\/Lysbro-Plejecenter-768x576.jpg 768w, https:\/\/lysbrohistorier.dk\/wp-content\/uploads\/2023\/07\/Lysbro-Plejecenter-1536x1152.jpg 1536w, https:\/\/lysbrohistorier.dk\/wp-content\/uploads\/2023\/07\/Lysbro-Plejecenter-2048x1536.jpg 2048w, https:\/\/lysbrohistorier.dk\/wp-content\/uploads\/2023\/07\/Lysbro-Plejecenter-24x18.jpg 24w, https:\/\/lysbrohistorier.dk\/wp-content\/uploads\/2023\/07\/Lysbro-Plejecenter-36x27.jpg 36w, https:\/\/lysbrohistorier.dk\/wp-content\/uploads\/2023\/07\/Lysbro-Plejecenter-48x36.jpg 48w\" sizes=\"auto, (max-width: 1024px) 100vw, 1024px\" \/><figcaption id=\"caption-attachment-807\" class=\"wp-caption-text\">Lysbro Plejecenter 2020<\/figcaption><\/figure>\n<p>Lysbrogade 52-&nbsp; 58 ombygges i 1996 til Lysbro Plejecenter, det ligger i natursk\u00f8nne omgivelse ved M\u00f8lleb\u00e6kken og Lys\u00e5,&nbsp; \u2013&nbsp; 2,5 km fra centrum.<\/p>\n<p>Der er 46 lejligheder som Arbejdernes Byggeforening udlejer. Heraf er 7 lejligheder en demensenhed med en afsk\u00e6rmet have.<\/p>\n<p>I omr\u00e5det er der mange muligheder for g\u00e5 eller cykelture, hver onsdag hen over sommeren kommer frivillige og guider de beboere der har lyst til at nyde naturen.<\/p>\n<p>Der er ogs\u00e5 tilknyttet fysioterapeut og ergoterapeut til aktiviteter der kan give appetit.<\/p>\n<p>Lysbro Plejecenter har eget k\u00f8kken, hvor 5 medarbejdere p\u00e5 skift tilbereder det `Sanselige M\u00e5ltid`<\/p>\n<p>Et visuelt indbydende og ern\u00e6ringsrigtig, langt af vejen \u00f8kologisk m\u00e5ltid, med god stemning og dialog, der er fokus p\u00e5 samv\u00e6r og n\u00e6rv\u00e6r omkring m\u00e5ltiderne.<\/p>\n<p>Der er et t\u00e6t samarbejde med frivillige, som er en vigtig og frugtbar del af ` Det n\u00e6re Netv\u00e6rk` for et trygt udeliv i hverdagen.<\/p>\n<h4><strong>Lysbro&#8217;s Venner.&nbsp;<\/strong><\/h4>\n<p>Foreningen Lysbro`s Venner har eksisteret n\u00e6sten liges\u00e5 l\u00e6nge som Plejecentret. Oprettet i 1999 og har siden arrangeret mange forskellige musikalske underholdnings aftener for beboerne, deres p\u00e5r\u00f8rende, venner og medlemmer af foreningen.<\/p>\n<p>Ideen er at beboerne kan &#8220;G\u00c5 I BYEN&#8221; p\u00e5 plejecentret og ca. en gang om m\u00e5neden omdannes cafeen til&nbsp; hyggelige kulturelle indslag, hvor der kan k\u00f8bes kaffe, br\u00f8d og forfriskninger.<\/p>\n<p>Med Vennernes ih\u00e6rdige indsats, medlemmernes kontingent, Silkeborg Kommune, Bidrag fra fonde og imponerende ca. 80 sponsorer og annonc\u00f8rer, gaver og ikke mindst Lysbro Plejecenter er det muligt at give beboerne dette fantastiske kulturelle tilbud og en glad aften.<\/p>\n<p>Det er selvf\u00f8lgelig gratis for beboerne og medlemmerne (kontg. kr. 150- 2022)<\/p>\n<figure id=\"attachment_808\" aria-describedby=\"caption-attachment-808\" style=\"width: 1024px\" class=\"wp-caption alignnone\"><img loading=\"lazy\" decoding=\"async\" class=\"size-large wp-image-808\" src=\"http:\/\/lysbrohistorier.dk\/wp-content\/uploads\/2023\/07\/Lysbro-Venneforening-2023-1024x768.jpg\" alt=\"\" width=\"1024\" height=\"768\" srcset=\"https:\/\/lysbrohistorier.dk\/wp-content\/uploads\/2023\/07\/Lysbro-Venneforening-2023-1024x768.jpg 1024w, https:\/\/lysbrohistorier.dk\/wp-content\/uploads\/2023\/07\/Lysbro-Venneforening-2023-300x225.jpg 300w, https:\/\/lysbrohistorier.dk\/wp-content\/uploads\/2023\/07\/Lysbro-Venneforening-2023-768x576.jpg 768w, https:\/\/lysbrohistorier.dk\/wp-content\/uploads\/2023\/07\/Lysbro-Venneforening-2023-1536x1152.jpg 1536w, https:\/\/lysbrohistorier.dk\/wp-content\/uploads\/2023\/07\/Lysbro-Venneforening-2023-2048x1536.jpg 2048w, https:\/\/lysbrohistorier.dk\/wp-content\/uploads\/2023\/07\/Lysbro-Venneforening-2023-24x18.jpg 24w, https:\/\/lysbrohistorier.dk\/wp-content\/uploads\/2023\/07\/Lysbro-Venneforening-2023-36x27.jpg 36w, https:\/\/lysbrohistorier.dk\/wp-content\/uploads\/2023\/07\/Lysbro-Venneforening-2023-48x36.jpg 48w\" sizes=\"auto, (max-width: 1024px) 100vw, 1024px\" \/><figcaption id=\"caption-attachment-808\" class=\"wp-caption-text\">Lysbro Venneforening juni 2023<\/figcaption><\/figure>\n","protected":false},"excerpt":{"rendered":"<p>Lysbrogade 52-&nbsp; 58 ombygges i 1996 til Lysbro Plejecenter, det ligger i natursk\u00f8nne omgivelse ved M\u00f8lleb\u00e6kken og Lys\u00e5,&nbsp; \u2013&nbsp; 2,5 km fra centrum. Der er 46 lejligheder som Arbejdernes Byggeforening udlejer. Heraf er 7 lejligheder en demensenhed med en afsk\u00e6rmet have. I omr\u00e5det er der mange muligheder for g\u00e5 eller cykelture, hver onsdag hen over [&hellip;]<\/p>\n","protected":false},"author":1,"featured_media":0,"parent":0,"menu_order":0,"comment_status":"closed","ping_status":"closed","template":"","meta":{"site-sidebar-layout":"default","site-content-layout":"","ast-site-content-layout":"default","site-content-style":"default","site-sidebar-style":"default","ast-global-header-display":"","ast-banner-title-visibility":"","ast-main-header-display":"","ast-hfb-above-header-display":"","ast-hfb-below-header-display":"","ast-hfb-mobile-header-display":"","site-post-title":"","ast-breadcrumbs-content":"","ast-featured-img":"","footer-sml-layout":"","ast-disable-related-posts":"","theme-transparent-header-meta":"","adv-header-id-meta":"","stick-header-meta":"","header-above-stick-meta":"","header-main-stick-meta":"","header-below-stick-meta":"","astra-migrate-meta-layouts":"default","ast-page-background-enabled":"default","ast-page-background-meta":{"desktop":{"background-color":"var(--ast-global-color-4)","background-image":"","background-repeat":"repeat","background-position":"center center","background-size":"auto","background-attachment":"scroll","background-type":"","background-media":"","overlay-type":"","overlay-color":"","overlay-opacity":"","overlay-gradient":""},"tablet":{"background-color":"","background-image":"","background-repeat":"repeat","background-position":"center center","background-size":"auto","background-attachment":"scroll","background-type":"","background-media":"","overlay-type":"","overlay-color":"","overlay-opacity":"","overlay-gradient":""},"mobile":{"background-color":"","background-image":"","background-repeat":"repeat","background-position":"center center","background-size":"auto","background-attachment":"scroll","background-type":"","background-media":"","overlay-type":"","overlay-color":"","overlay-opacity":"","overlay-gradient":""}},"ast-content-background-meta":{"desktop":{"background-color":"var(--ast-global-color-5)","background-image":"","background-repeat":"repeat","background-position":"center center","background-size":"auto","background-attachment":"scroll","background-type":"","background-media":"","overlay-type":"","overlay-color":"","overlay-opacity":"","overlay-gradient":""},"tablet":{"background-color":"var(--ast-global-color-5)","background-image":"","background-repeat":"repeat","background-position":"center center","background-size":"auto","background-attachment":"scroll","background-type":"","background-media":"","overlay-type":"","overlay-color":"","overlay-opacity":"","overlay-gradient":""},"mobile":{"background-color":"var(--ast-global-color-5)","background-image":"","background-repeat":"repeat","background-position":"center center","background-size":"auto","background-attachment":"scroll","background-type":"","background-media":"","overlay-type":"","overlay-color":"","overlay-opacity":"","overlay-gradient":""}},"footnotes":""},"class_list":["post-806","page","type-page","status-publish","hentry"],"_links":{"self":[{"href":"https:\/\/lysbrohistorier.dk\/index.php\/wp-json\/wp\/v2\/pages\/806","targetHints":{"allow":["GET"]}}],"collection":[{"href":"https:\/\/lysbrohistorier.dk\/index.php\/wp-json\/wp\/v2\/pages"}],"about":[{"href":"https:\/\/lysbrohistorier.dk\/index.php\/wp-json\/wp\/v2\/types\/page"}],"author":[{"embeddable":true,"href":"https:\/\/lysbrohistorier.dk\/index.php\/wp-json\/wp\/v2\/users\/1"}],"replies":[{"embeddable":true,"href":"https:\/\/lysbrohistorier.dk\/index.php\/wp-json\/wp\/v2\/comments?post=806"}],"version-history":[{"count":2,"href":"https:\/\/lysbrohistorier.dk\/index.php\/wp-json\/wp\/v2\/pages\/806\/revisions"}],"predecessor-version":[{"id":1245,"href":"https:\/\/lysbrohistorier.dk\/index.php\/wp-json\/wp\/v2\/pages\/806\/revisions\/1245"}],"wp:attachment":[{"href":"https:\/\/lysbrohistorier.dk\/index.php\/wp-json\/wp\/v2\/media?parent=806"}],"curies":[{"name":"wp","href":"https:\/\/api.w.org\/{rel}","templated":true}]}}