{"id":822,"date":"2023-07-18T14:01:31","date_gmt":"2023-07-18T14:01:31","guid":{"rendered":"https:\/\/lysbrohistorier.dk\/?page_id=822"},"modified":"2023-09-05T16:32:01","modified_gmt":"2023-09-05T16:32:01","slug":"lysbro-aviser-fra-1977","status":"publish","type":"page","link":"https:\/\/lysbrohistorier.dk\/index.php\/lysbro-aviser-fra-1977\/","title":{"rendered":"Lysbro Aviser fra 1977"},"content":{"rendered":"<p>I 1977 var Danmark ramt af avis strejke. Samtidig var der nogen p\u00e5 Lysbrogade der mente omr\u00e5det kunne have gavn af &#8220;lokalavis&#8221; . Werner Hedegaard og Susanne Lautrup tog initiativ til at skrive og udgive avisen der n\u00e5ede at udkomme 11 numre &#8211; f\u00f8rste nummer&nbsp; kom 6. april 1977 sidste nummer 2. sept 1977.<\/p>\n<p>G\u00e5 p\u00e5 opdagelse i aviserne og se hvad der r\u00f8rte sig i 1977<\/p>\n<p><img loading=\"lazy\" decoding=\"async\" class=\"alignnone size-medium wp-image-833\" src=\"http:\/\/lysbrohistorier.dk\/wp-content\/uploads\/2023\/07\/Avisen-211x300.jpg\" alt=\"\" width=\"211\" height=\"300\" srcset=\"https:\/\/lysbrohistorier.dk\/wp-content\/uploads\/2023\/07\/Avisen-211x300.jpg 211w, https:\/\/lysbrohistorier.dk\/wp-content\/uploads\/2023\/07\/Avisen-720x1024.jpg 720w, https:\/\/lysbrohistorier.dk\/wp-content\/uploads\/2023\/07\/Avisen-768x1092.jpg 768w, https:\/\/lysbrohistorier.dk\/wp-content\/uploads\/2023\/07\/Avisen-1080x1536.jpg 1080w, https:\/\/lysbrohistorier.dk\/wp-content\/uploads\/2023\/07\/Avisen-1441x2048.jpg 1441w, https:\/\/lysbrohistorier.dk\/wp-content\/uploads\/2023\/07\/Avisen-17x24.jpg 17w, https:\/\/lysbrohistorier.dk\/wp-content\/uploads\/2023\/07\/Avisen-25x36.jpg 25w, https:\/\/lysbrohistorier.dk\/wp-content\/uploads\/2023\/07\/Avisen-34x48.jpg 34w, https:\/\/lysbrohistorier.dk\/wp-content\/uploads\/2023\/07\/Avisen-scaled.jpg 1801w\" sizes=\"auto, (max-width: 211px) 100vw, 211px\" \/><\/p>\n<p><a href=\"http:\/\/lysbrohistorier.dk\/wp-content\/uploads\/2023\/07\/1-42_gade_nr_1.pdf\">1-42_gade_nr_1<\/a><\/p>\n<p><a href=\"http:\/\/lysbrohistorier.dk\/wp-content\/uploads\/2023\/07\/2-42_gade_nr_2.pdf\">2-42_gade_nr_2<\/a><\/p>\n<p><a href=\"http:\/\/lysbrohistorier.dk\/wp-content\/uploads\/2023\/07\/3-42_gade_nr_3.pdf\">3-42_gade_nr_3<\/a><\/p>\n<p><a href=\"http:\/\/lysbrohistorier.dk\/wp-content\/uploads\/2023\/07\/4-En_avis_uden_navn_nr_4.pdf\">4-En_avis_uden_navn_nr_4<\/a><\/p>\n<p><a href=\"http:\/\/lysbrohistorier.dk\/wp-content\/uploads\/2023\/07\/5-En_avis_uden_navn_nr_5.pdf\">5-En_avis_uden_navn_nr_5 <\/a><\/p>\n<p><a href=\"http:\/\/lysbrohistorier.dk\/wp-content\/uploads\/2023\/07\/6-En_avis_uden_navn_nr_6.pdf\">6-En_avis_uden_navn_nr_6<\/a><\/p>\n<p><a href=\"http:\/\/lysbrohistorier.dk\/wp-content\/uploads\/2023\/08\/7-Broen-nr-7.pdf\">7-Broen nr 7<\/a><\/p>\n<p><a href=\"http:\/\/lysbrohistorier.dk\/wp-content\/uploads\/2023\/07\/8-Broen_nr_8.pdf\">8-Broen_nr_8<\/a><\/p>\n<p><a href=\"http:\/\/lysbrohistorier.dk\/wp-content\/uploads\/2023\/07\/9-Broen_nr_9.pdf\">9-Broen_nr_9<\/a><\/p>\n<p><a href=\"http:\/\/lysbrohistorier.dk\/wp-content\/uploads\/2023\/07\/10-Broen_saerside_1.pdf\">10-Broen_saerside_1<\/a><\/p>\n<p><a href=\"http:\/\/lysbrohistorier.dk\/wp-content\/uploads\/2023\/07\/11-Broen_saerside_2.pdf\">11-Broen_saerside_2<\/a><\/p>\n","protected":false},"excerpt":{"rendered":"<p>I 1977 var Danmark ramt af avis strejke. Samtidig var der nogen p\u00e5 Lysbrogade der mente omr\u00e5det kunne have gavn af &#8220;lokalavis&#8221; . Werner Hedegaard og Susanne Lautrup tog initiativ til at skrive og udgive avisen der n\u00e5ede at udkomme 11 numre &#8211; f\u00f8rste nummer&nbsp; kom 6. april 1977 sidste nummer 2. sept 1977. G\u00e5 [&hellip;]<\/p>\n","protected":false},"author":1,"featured_media":0,"parent":0,"menu_order":0,"comment_status":"closed","ping_status":"closed","template":"","meta":{"site-sidebar-layout":"default","site-content-layout":"","ast-site-content-layout":"default","site-content-style":"default","site-sidebar-style":"default","ast-global-header-display":"","ast-banner-title-visibility":"","ast-main-header-display":"","ast-hfb-above-header-display":"","ast-hfb-below-header-display":"","ast-hfb-mobile-header-display":"","site-post-title":"","ast-breadcrumbs-content":"","ast-featured-img":"","footer-sml-layout":"","ast-disable-related-posts":"","theme-transparent-header-meta":"","adv-header-id-meta":"","stick-header-meta":"","header-above-stick-meta":"","header-main-stick-meta":"","header-below-stick-meta":"","astra-migrate-meta-layouts":"default","ast-page-background-enabled":"default","ast-page-background-meta":{"desktop":{"background-color":"var(--ast-global-color-4)","background-image":"","background-repeat":"repeat","background-position":"center center","background-size":"auto","background-attachment":"scroll","background-type":"","background-media":"","overlay-type":"","overlay-color":"","overlay-opacity":"","overlay-gradient":""},"tablet":{"background-color":"","background-image":"","background-repeat":"repeat","background-position":"center center","background-size":"auto","background-attachment":"scroll","background-type":"","background-media":"","overlay-type":"","overlay-color":"","overlay-opacity":"","overlay-gradient":""},"mobile":{"background-color":"","background-image":"","background-repeat":"repeat","background-position":"center center","background-size":"auto","background-attachment":"scroll","background-type":"","background-media":"","overlay-type":"","overlay-color":"","overlay-opacity":"","overlay-gradient":""}},"ast-content-background-meta":{"desktop":{"background-color":"var(--ast-global-color-5)","background-image":"","background-repeat":"repeat","background-position":"center center","background-size":"auto","background-attachment":"scroll","background-type":"","background-media":"","overlay-type":"","overlay-color":"","overlay-opacity":"","overlay-gradient":""},"tablet":{"background-color":"var(--ast-global-color-5)","background-image":"","background-repeat":"repeat","background-position":"center center","background-size":"auto","background-attachment":"scroll","background-type":"","background-media":"","overlay-type":"","overlay-color":"","overlay-opacity":"","overlay-gradient":""},"mobile":{"background-color":"var(--ast-global-color-5)","background-image":"","background-repeat":"repeat","background-position":"center center","background-size":"auto","background-attachment":"scroll","background-type":"","background-media":"","overlay-type":"","overlay-color":"","overlay-opacity":"","overlay-gradient":""}},"footnotes":""},"class_list":["post-822","page","type-page","status-publish","hentry"],"_links":{"self":[{"href":"https:\/\/lysbrohistorier.dk\/index.php\/wp-json\/wp\/v2\/pages\/822","targetHints":{"allow":["GET"]}}],"collection":[{"href":"https:\/\/lysbrohistorier.dk\/index.php\/wp-json\/wp\/v2\/pages"}],"about":[{"href":"https:\/\/lysbrohistorier.dk\/index.php\/wp-json\/wp\/v2\/types\/page"}],"author":[{"embeddable":true,"href":"https:\/\/lysbrohistorier.dk\/index.php\/wp-json\/wp\/v2\/users\/1"}],"replies":[{"embeddable":true,"href":"https:\/\/lysbrohistorier.dk\/index.php\/wp-json\/wp\/v2\/comments?post=822"}],"version-history":[{"count":3,"href":"https:\/\/lysbrohistorier.dk\/index.php\/wp-json\/wp\/v2\/pages\/822\/revisions"}],"predecessor-version":[{"id":1238,"href":"https:\/\/lysbrohistorier.dk\/index.php\/wp-json\/wp\/v2\/pages\/822\/revisions\/1238"}],"wp:attachment":[{"href":"https:\/\/lysbrohistorier.dk\/index.php\/wp-json\/wp\/v2\/media?parent=822"}],"curies":[{"name":"wp","href":"https:\/\/api.w.org\/{rel}","templated":true}]}}